{"id":16346,"date":"2021-05-21T10:00:00","date_gmt":"2021-05-21T10:00:00","guid":{"rendered":"https:\/\/www.web-rr.de\/GHS-Buecherei\/?page_id=16346"},"modified":"2021-05-21T23:00:00","modified_gmt":"2021-05-21T23:00:00","slug":"p9783314105302","status":"publish","type":"page","link":"https:\/\/www.web-rr.de\/GHS-Buecherei\/index.php\/p9783314105302\/","title":{"rendered":"Bilderbuch C-56"},"content":{"rendered":"<table><tbody><tr><td class='rDTitel' colspan='2'>Kleiner Eisb\u00e4r. Lars und die Pandab\u00e4ren<\/td><\/tr><tr><td><span class='rDLabel1'>Status: <\/span><span class='rDText1Gruen'>vorhanden<\/span><\/td><td><span class='rDLabel1'>Antolin: <\/span><span class='rDText1Gruen'>ja, Empfehlung Klasse 2<\/span><\/td><\/tr><tr><td width=50%><img src='https:\/\/www.web-rr.de\/GHS-Buecherei\/wp-content\/uploads\/9783314105302.jpg' alt=''><\/td><td><p class='rDLabel2'>von <span class='rDText2'>Hans de Beer<\/span><\/p><p class='rDLabel2'>Verlag: <span class='rDText2'> NordS\u00fcd Verlag,  2021,  15.00 \u20ac<\/span><\/p><p class='rDLabel2'>B\u00fccherei-Barcode: <span class='rDText2'>9783314105302<\/span><\/p><p class='rDLabel2'>In der B\u00fccherei erfasst am: <span class='rDText2'>17.12.2023<\/span><\/p><p class='rDLabel2'>Stichw\u00f6rter: <span class='rDText2'>Arktis, Touristen, Freunde, Abenteuer, Zuhause, China, Chinesische Mauer<\/span><\/p><p class='rDLabel2'>Lesealter ca. <span class='rDText2'>6<\/span><span class='rDLabel2'> Jahre<\/span><\/p><p class='rDLabel2'>Das Buch wurde <span class='rDText2'>0<\/span><span class='rDLabel2'> mal gelesen.<\/span><\/p><\/td><\/tr><tr><td colspan='2'><p class='rDLabel1'>Inhalt:<\/p><span class='rDText2'>Selbst in der Arktis wimmelt es vor Touristen. In gro\u00dfen, bunten Schneefahrzeugen sind sie pl\u00f6tzlich \u00fcberall. Neugierig will Lars sie eigentlich nur ein bisschen beobachten. Und dem verf\u00fchrerischen Duft aus dem Schiffsbauch auf den Grund gehen . . . Rumms! Die Klappe geht vor seiner Nase zu und das Schiff setzt sich in Bewegung. Bevor Lars wei\u00df, wie ihm geschieht, steckt er bereits mitten im Abenteuer und findet sich am Ende der Reise in China wieder. Mit tatkr\u00e4ftiger Unterst\u00fctzung seiner neuen Freunde Hei und Bai kann auch die Chinesische Mauer Lars nicht davon abhalten, seinen Weg nach Hause zu finden. Im bereits 12. Abenteuer des kleinen Eisb\u00e4ren l\u00e4sst uns Hans de Beer an einer weiteren gro\u00dfen Reise teilhaben. Seine zarten Wasserfarbenillustrationen geben chinesische Bambusw\u00e4lder genauso gut wieder wie weitl\u00e4ufige Schneelandschaften.<\/span><\/td><\/tr><tr><td colspan='2'><a href='#' onclick='history.back(); return false'>Zur\u00fcck<\/a><\/td><\/tr><\/tbody><\/table>\n","protected":false},"excerpt":{"rendered":"<p>&#8211;<\/p>\n","protected":false},"author":1,"featured_media":0,"parent":0,"menu_order":0,"comment_status":"closed","ping_status":"closed","template":"","meta":[],"_links":{"self":[{"href":"https:\/\/www.web-rr.de\/GHS-Buecherei\/index.php\/wp-json\/wp\/v2\/pages\/16346"}],"collection":[{"href":"https:\/\/www.web-rr.de\/GHS-Buecherei\/index.php\/wp-json\/wp\/v2\/pages"}],"about":[{"href":"https:\/\/www.web-rr.de\/GHS-Buecherei\/index.php\/wp-json\/wp\/v2\/types\/page"}],"author":[{"embeddable":true,"href":"https:\/\/www.web-rr.de\/GHS-Buecherei\/index.php\/wp-json\/wp\/v2\/users\/1"}],"replies":[{"embeddable":true,"href":"https:\/\/www.web-rr.de\/GHS-Buecherei\/index.php\/wp-json\/wp\/v2\/comments?post=16346"}],"version-history":[{"count":0,"href":"https:\/\/www.web-rr.de\/GHS-Buecherei\/index.php\/wp-json\/wp\/v2\/pages\/16346\/revisions"}],"wp:attachment":[{"href":"https:\/\/www.web-rr.de\/GHS-Buecherei\/index.php\/wp-json\/wp\/v2\/media?parent=16346"}],"curies":[{"name":"wp","href":"https:\/\/api.w.org\/{rel}","templated":true}]}}