{"id":16340,"date":"2021-05-21T10:00:00","date_gmt":"2021-05-21T10:00:00","guid":{"rendered":"https:\/\/www.web-rr.de\/GHS-Buecherei\/?page_id=16340"},"modified":"2021-05-21T23:00:00","modified_gmt":"2021-05-21T23:00:00","slug":"p9783000705120","status":"publish","type":"page","link":"https:\/\/www.web-rr.de\/GHS-Buecherei\/index.php\/p9783000705120\/","title":{"rendered":"Bilderbuch C-14"},"content":{"rendered":"<table><tbody><tr><td class='rDTitel' colspan='2'>Fri-Fra-Fridolin: Ein kleiner Pinguin hinterl\u00e4sst fr\u00f6hliche Spuren<\/td><\/tr><tr><td><span class='rDLabel1'>Status: <\/span><span class='rDText1Gruen'>vorhanden<\/span><\/td><td><span class='rDLabel1'>Antolin: <\/span><span class='rDText1Rot'>Quiz nicht vorhanden.<\/span><\/td><\/tr><tr><td width=50%><img src='https:\/\/www.web-rr.de\/GHS-Buecherei\/wp-content\/uploads\/9783000705120.jpg' alt=''><\/td><td><p class='rDLabel2'>von <span class='rDText2'>Alena Alteheld<\/span><\/p><p class='rDLabel2'>Verlag: <span class='rDText2'>Alena Alteheld,  2021,  19.90 \u20ac<\/span><\/p><p class='rDLabel2'>B\u00fccherei-Barcode: <span class='rDText2'>9783000705120<\/span><\/p><p class='rDLabel2'>In der B\u00fccherei erfasst am: <span class='rDText2'>17.12.2023<\/span><\/p><p class='rDLabel2'>Stichw\u00f6rter: <span class='rDText2'>Pinguin, S\u00fcdafrika, Wildnis, Tiere, Fr\u00f6hlichkeit<\/span><\/p><p class='rDLabel2'>Lesealter ca. <span class='rDText2'>6<\/span><span class='rDLabel2'> Jahre<\/span><\/p><p class='rDLabel2'>Das Buch wurde <span class='rDText2'>0<\/span><span class='rDLabel2'> mal gelesen.<\/span><\/p><\/td><\/tr><tr><td colspan='2'><p class='rDLabel1'>Inhalt:<\/p><span class='rDText2'>Fridolin zeigt einf\u00fchlsam und voller Herzensw\u00e4rme: Man muss nicht gro\u00df sein, um Gro\u00dfes zu bewirken. Fridolin, der kleine Pinguin, ist in S\u00fcdafrika zu Hause. An seinem wei\u00dfen Sandstrand f\u00fchlt er sich pinguinwohl. Eines Tages zieht es den kleinen Pinguin jedoch hinaus in die Wildnis. Dort begegnet Fridolin gro\u00dfen, starken Tieren. Der kleine Pinguin ist beeindruckt. Doch obwohl die Tiere so gro\u00df sind, haben sie Probleme, die sie nicht alleine \u00fcberwinden k\u00f6nnen. Fridolin wendet sich den Tieren zu und m\u00f6chte seinen neuen Freunden helfen. Die Fr\u00f6hlichkeit des kleinen Pinguins hinterl\u00e4sst Spuren in den Herzen der anderen und f\u00fcr jedes Tier eine wertvolle Botschaft!<\/span><\/td><\/tr><tr><td colspan='2'><a href='#' onclick='history.back(); return false'>Zur\u00fcck<\/a><\/td><\/tr><\/tbody><\/table>\n","protected":false},"excerpt":{"rendered":"<p>&#8211;<\/p>\n","protected":false},"author":1,"featured_media":0,"parent":0,"menu_order":0,"comment_status":"closed","ping_status":"closed","template":"","meta":[],"_links":{"self":[{"href":"https:\/\/www.web-rr.de\/GHS-Buecherei\/index.php\/wp-json\/wp\/v2\/pages\/16340"}],"collection":[{"href":"https:\/\/www.web-rr.de\/GHS-Buecherei\/index.php\/wp-json\/wp\/v2\/pages"}],"about":[{"href":"https:\/\/www.web-rr.de\/GHS-Buecherei\/index.php\/wp-json\/wp\/v2\/types\/page"}],"author":[{"embeddable":true,"href":"https:\/\/www.web-rr.de\/GHS-Buecherei\/index.php\/wp-json\/wp\/v2\/users\/1"}],"replies":[{"embeddable":true,"href":"https:\/\/www.web-rr.de\/GHS-Buecherei\/index.php\/wp-json\/wp\/v2\/comments?post=16340"}],"version-history":[{"count":0,"href":"https:\/\/www.web-rr.de\/GHS-Buecherei\/index.php\/wp-json\/wp\/v2\/pages\/16340\/revisions"}],"wp:attachment":[{"href":"https:\/\/www.web-rr.de\/GHS-Buecherei\/index.php\/wp-json\/wp\/v2\/media?parent=16340"}],"curies":[{"name":"wp","href":"https:\/\/api.w.org\/{rel}","templated":true}]}}