{"id":16338,"date":"2021-05-21T10:00:00","date_gmt":"2021-05-21T10:00:00","guid":{"rendered":"https:\/\/www.web-rr.de\/GHS-Buecherei\/?page_id=16338"},"modified":"2021-05-21T23:00:00","modified_gmt":"2021-05-21T23:00:00","slug":"p9783954702411","status":"publish","type":"page","link":"https:\/\/www.web-rr.de\/GHS-Buecherei\/index.php\/p9783954702411\/","title":{"rendered":"Bilderbuch C-04"},"content":{"rendered":"<table><tbody><tr><td class='rDTitel' colspan='2'>Wir m\u00fcssen zur Arbeit<\/td><\/tr><tr><td><span class='rDLabel1'>Status: <\/span><span class='rDText1Gruen'>vorhanden<\/span><\/td><td><span class='rDLabel1'>Antolin: <\/span><span class='rDText1Gruen'>ja, Empfehlung Klasse 1<\/span><\/td><\/tr><tr><td width=50%><img src='https:\/\/www.web-rr.de\/GHS-Buecherei\/wp-content\/uploads\/9783954702411.jpg' alt=''><\/td><td><p class='rDLabel2'>von <span class='rDText2'>Pija Lindenbaum<\/span><\/p><p class='rDLabel2'>Verlag: <span class='rDText2'> Klett Kinderbuch,  2021,  15.00 \u20ac<\/span><\/p><p class='rDLabel2'>B\u00fccherei-Barcode: <span class='rDText2'>9783954702411<\/span><\/p><p class='rDLabel2'>In der B\u00fccherei erfasst am: <span class='rDText2'>17.12.2023<\/span><\/p><p class='rDLabel2'>Stichw\u00f6rter: <span class='rDText2'>Kinder, Abenteuer, Arbeit, Hexe, Fantasie<\/span><\/p><p class='rDLabel2'>Lesealter ca. <span class='rDText2'>6<\/span><span class='rDLabel2'> Jahre<\/span><\/p><p class='rDLabel2'>Das Buch wurde <span class='rDText2'>0<\/span><span class='rDLabel2'> mal gelesen.<\/span><\/p><\/td><\/tr><tr><td colspan='2'><p class='rDLabel1'>Inhalt:<\/p><span class='rDText2'>W\u00e4hrend des Lockdowns hatten einige Kinder pl\u00f6tzlich unfassbar viel Zeit zum Spielen. Manche windschiefen Ast-Tipis im Wald erz\u00e4hlen noch davon. Es war herrlich! Das freie, selbstvergessene Spielen ist die Arbeit der Kinder. Vor lauter Terminen kommen sie nur viel zu selten dazu.\r\nPija Lindenbaum ruft das Grandiosit\u00e4tsgef\u00fchl dieser Flow-Phasen so unwiderstehlich auf, dass man sofort mit den drei Kindern im Spiel versinkt, oder besser gesagt in ihrem Arbeitstag. Wichtige \u00c4rzte sind sie, kein Fall ist zu hoffnungslos, und mag das Blut auch literweise flie\u00dfen! Wer viel arbeitet, muss auch viel essen: Zehn Packungen Marshmallows sind da schnell weg. Noch rasch eine b\u00f6se Hexe besiegen \u2013 kein Wunder, dass unsere drei Kollegen am Ende ihres langen Arbeitstages rechtschaffen m\u00fcde sind.<\/span><\/td><\/tr><tr><td colspan='2'><a href='#' onclick='history.back(); return false'>Zur\u00fcck<\/a><\/td><\/tr><\/tbody><\/table>\n","protected":false},"excerpt":{"rendered":"<p>&#8211;<\/p>\n","protected":false},"author":1,"featured_media":0,"parent":0,"menu_order":0,"comment_status":"closed","ping_status":"closed","template":"","meta":[],"_links":{"self":[{"href":"https:\/\/www.web-rr.de\/GHS-Buecherei\/index.php\/wp-json\/wp\/v2\/pages\/16338"}],"collection":[{"href":"https:\/\/www.web-rr.de\/GHS-Buecherei\/index.php\/wp-json\/wp\/v2\/pages"}],"about":[{"href":"https:\/\/www.web-rr.de\/GHS-Buecherei\/index.php\/wp-json\/wp\/v2\/types\/page"}],"author":[{"embeddable":true,"href":"https:\/\/www.web-rr.de\/GHS-Buecherei\/index.php\/wp-json\/wp\/v2\/users\/1"}],"replies":[{"embeddable":true,"href":"https:\/\/www.web-rr.de\/GHS-Buecherei\/index.php\/wp-json\/wp\/v2\/comments?post=16338"}],"version-history":[{"count":0,"href":"https:\/\/www.web-rr.de\/GHS-Buecherei\/index.php\/wp-json\/wp\/v2\/pages\/16338\/revisions"}],"wp:attachment":[{"href":"https:\/\/www.web-rr.de\/GHS-Buecherei\/index.php\/wp-json\/wp\/v2\/media?parent=16338"}],"curies":[{"name":"wp","href":"https:\/\/api.w.org\/{rel}","templated":true}]}}