{"id":16336,"date":"2021-05-21T10:00:00","date_gmt":"2021-05-21T10:00:00","guid":{"rendered":"https:\/\/www.web-rr.de\/GHS-Buecherei\/?page_id=16336"},"modified":"2021-05-21T23:00:00","modified_gmt":"2021-05-21T23:00:00","slug":"p9783946986119","status":"publish","type":"page","link":"https:\/\/www.web-rr.de\/GHS-Buecherei\/index.php\/p9783946986119\/","title":{"rendered":"Bilderbuch C-02"},"content":{"rendered":"<table><tbody><tr><td class='rDTitel' colspan='2'>Das Geheimnis der M\u00f6wenk\u00f6nigin<\/td><\/tr><tr><td><span class='rDLabel1'>Status: <\/span><span class='rDText1Gruen'>vorhanden<\/span><\/td><td><span class='rDLabel1'>Antolin: <\/span><span class='rDText1Gruen'>ja, Empfehlung Klasse 3<\/span><\/td><\/tr><tr><td width=50%><img src='https:\/\/www.web-rr.de\/GHS-Buecherei\/wp-content\/uploads\/9783946986119.jpg' alt=''><\/td><td><p class='rDLabel2'>von <span class='rDText2'>R\u016bta Briede und Matthias Knoll<\/span><\/p><p class='rDLabel2'>Verlag: <span class='rDText2'> Edition Bracklo,  2021,  19.00 \u20ac<\/span><\/p><p class='rDLabel2'>B\u00fccherei-Barcode: <span class='rDText2'>9783946986119<\/span><\/p><p class='rDLabel2'>In der B\u00fccherei erfasst am: <span class='rDText2'>17.12.2023<\/span><\/p><p class='rDLabel2'>Stichw\u00f6rter: <span class='rDText2'>M\u00e4dchen, Lettland, Hass, Liebe, M\u00f6wen, Gewissen, Pers\u00f6nlichkeit<\/span><\/p><p class='rDLabel2'>Lesealter ca. <span class='rDText2'>7<\/span><span class='rDLabel2'> Jahre<\/span><\/p><p class='rDLabel2'>Das Buch wurde <span class='rDText2'>0<\/span><span class='rDLabel2'> mal gelesen.<\/span><\/p><\/td><\/tr><tr><td colspan='2'><p class='rDLabel1'>Inhalt:<\/p><span class='rDText2'>Ein wunderbares modernes M\u00e4rchen aus Lettland. Dieses wunderbare moderne M\u00e4rchen aus Lettland handelt von Renata, die ein Geheimnis in sich tr\u00e4gt, an das sie sich selbst nicht erinnern kann. Sie scheint zornig und voller Hass, besonders auf die M\u00f6wen vor ihrer Wohnung. Sie st\u00f6rt sich an allem, beschwert sich t\u00e4glich \u00fcber Nachbarn und M\u00f6wen bei der Stadtverwaltung - ohne Erfolg. F\u00fcttert ihre Nachbarin die M\u00f6wen mit rohen Fischen, sammelt sie diese ein - und verspeist sie direkt selbst mit merkw\u00fcrdig gro\u00dfem Appetit. Eines Tages zieiht ein Akkordeonspieler ins Haus, der ihr den letzten Nerv raubt. Ludwig spielt nicht nur laut und fr\u00fchlich Akkordeon, sonderen er singt dazu auch noch Lieder \u00fcber M\u00f6wen. Schlimmer geht es nicht. Renata wehrt sich: Sie angelt mit einer Rute das Akkordeon des Nachbarn von dessen Balkon. In letzter Sekunde packt Ludwig das Akkordeon - und st\u00fcrzt ab. Fortan umsorgt Renata unerm\u00fcdlich und mit schlechtem Gewissen voller Hingabe den Nachbarn, der mit gebrochenen Armen kein Akkordeon mehr spielen kann. Es passiert, was passieren muss: Aus all dem Hass und Zorn wird Liebe. In einer \"Geschichte in der Geschichte\" l\u00f6st sich das R\u00e4tsel um Renata. Sie und Ludwig sind reif f\u00fcr die Insel.<\/span><\/td><\/tr><tr><td colspan='2'><a href='#' onclick='history.back(); return false'>Zur\u00fcck<\/a><\/td><\/tr><\/tbody><\/table>\n","protected":false},"excerpt":{"rendered":"<p>&#8211;<\/p>\n","protected":false},"author":1,"featured_media":0,"parent":0,"menu_order":0,"comment_status":"closed","ping_status":"closed","template":"","meta":[],"_links":{"self":[{"href":"https:\/\/www.web-rr.de\/GHS-Buecherei\/index.php\/wp-json\/wp\/v2\/pages\/16336"}],"collection":[{"href":"https:\/\/www.web-rr.de\/GHS-Buecherei\/index.php\/wp-json\/wp\/v2\/pages"}],"about":[{"href":"https:\/\/www.web-rr.de\/GHS-Buecherei\/index.php\/wp-json\/wp\/v2\/types\/page"}],"author":[{"embeddable":true,"href":"https:\/\/www.web-rr.de\/GHS-Buecherei\/index.php\/wp-json\/wp\/v2\/users\/1"}],"replies":[{"embeddable":true,"href":"https:\/\/www.web-rr.de\/GHS-Buecherei\/index.php\/wp-json\/wp\/v2\/comments?post=16336"}],"version-history":[{"count":0,"href":"https:\/\/www.web-rr.de\/GHS-Buecherei\/index.php\/wp-json\/wp\/v2\/pages\/16336\/revisions"}],"wp:attachment":[{"href":"https:\/\/www.web-rr.de\/GHS-Buecherei\/index.php\/wp-json\/wp\/v2\/media?parent=16336"}],"curies":[{"name":"wp","href":"https:\/\/api.w.org\/{rel}","templated":true}]}}