{"id":16332,"date":"2021-05-21T10:00:00","date_gmt":"2021-05-21T10:00:00","guid":{"rendered":"https:\/\/www.web-rr.de\/GHS-Buecherei\/?page_id=16332"},"modified":"2021-05-21T23:00:00","modified_gmt":"2021-05-21T23:00:00","slug":"p9783401716992","status":"publish","type":"page","link":"https:\/\/www.web-rr.de\/GHS-Buecherei\/index.php\/p9783401716992\/","title":{"rendered":"Natur &#8211; Lexika 34"},"content":{"rendered":"<table><tbody><tr><td class='rDTitel' colspan='2'>Schlau wie der Fuchs, treu wie der Hund \u2013 Wie Tiere lieben, f\u00fchlen und denken<\/td><\/tr><tr><td><span class='rDLabel1'>Status: <\/span><span class='rDText1Gruen'>vorhanden<\/span><\/td><td><span class='rDLabel1'>Antolin: <\/span><span class='rDText1Gruen'>ja, Empfehlung Klasse 3<\/span><\/td><\/tr><tr><td width=50%><img src='https:\/\/www.web-rr.de\/GHS-Buecherei\/wp-content\/uploads\/9783401716992.jpg' alt=''><\/td><td><p class='rDLabel2'>von <span class='rDText2'>Friederun Reichenstetter und Hans-G\u00fcnther D\u00f6ring<\/span><\/p><p class='rDLabel2'>Verlag: <span class='rDText2'>,  2021,  14.00 \u20ac<\/span><\/p><p class='rDLabel2'>B\u00fccherei-Barcode: <span class='rDText2'>9783401716992<\/span><\/p><p class='rDLabel2'>In der B\u00fccherei erfasst am: <span class='rDText2'>17.12.2023<\/span><\/p><p class='rDLabel2'>Stichw\u00f6rter: <span class='rDText2'> Fuchs, Reh, Feldhamste, Schwein, Huhn, Esel, Eigenschaften, Gef\u00fchle, Verhaltensweisen, Wildtiere, Nutztiere<\/span><\/p><p class='rDLabel2'>Lesealter ca. <span class='rDText2'>7<\/span><span class='rDLabel2'> Jahre<\/span><\/p><p class='rDLabel2'>Das Buch wurde <span class='rDText2'>1<\/span><span class='rDLabel2'> mal gelesen.<\/span><\/p><\/td><\/tr><tr><td colspan='2'><p class='rDLabel1'>Inhalt:<\/p><span class='rDText2'>Sachbilderbuch \u00fcber die Gef\u00fchle und Eigenschaften von Tieren mit Audio-CD f\u00fcr Kindergarten und Grundschule. Welche Eigenschaften besitzen Tiere? Wie f\u00fchlen Fuchs, Reh und Feldhamster? Was denken Schwein, Huhn und Esel? In 13 kleinen Geschichten erkl\u00e4rt Friederun Reichenstetter Kindergartenkindern charakteristische Verhaltensweisen von Wildtieren und Nutztieren. Erstaunlich, wie \u00e4hnlich uns die Tiere doch sind. Grund genug, sie zu achten. Ein Bilderbuch mit Audio-CD, das Kinder fr\u00fch f\u00fcr Tierwohl und Tierschutz sensibilisiert.<\/span><\/td><\/tr><tr><td colspan='2'><a href='#' onclick='history.back(); return false'>Zur\u00fcck<\/a><\/td><\/tr><\/tbody><\/table>\n","protected":false},"excerpt":{"rendered":"<p>&#8211;<\/p>\n","protected":false},"author":1,"featured_media":0,"parent":0,"menu_order":0,"comment_status":"closed","ping_status":"closed","template":"","meta":[],"_links":{"self":[{"href":"https:\/\/www.web-rr.de\/GHS-Buecherei\/index.php\/wp-json\/wp\/v2\/pages\/16332"}],"collection":[{"href":"https:\/\/www.web-rr.de\/GHS-Buecherei\/index.php\/wp-json\/wp\/v2\/pages"}],"about":[{"href":"https:\/\/www.web-rr.de\/GHS-Buecherei\/index.php\/wp-json\/wp\/v2\/types\/page"}],"author":[{"embeddable":true,"href":"https:\/\/www.web-rr.de\/GHS-Buecherei\/index.php\/wp-json\/wp\/v2\/users\/1"}],"replies":[{"embeddable":true,"href":"https:\/\/www.web-rr.de\/GHS-Buecherei\/index.php\/wp-json\/wp\/v2\/comments?post=16332"}],"version-history":[{"count":0,"href":"https:\/\/www.web-rr.de\/GHS-Buecherei\/index.php\/wp-json\/wp\/v2\/pages\/16332\/revisions"}],"wp:attachment":[{"href":"https:\/\/www.web-rr.de\/GHS-Buecherei\/index.php\/wp-json\/wp\/v2\/media?parent=16332"}],"curies":[{"name":"wp","href":"https:\/\/api.w.org\/{rel}","templated":true}]}}