{"id":16325,"date":"2021-05-21T10:00:00","date_gmt":"2021-05-21T10:00:00","guid":{"rendered":"https:\/\/www.web-rr.de\/GHS-Buecherei\/?page_id=16325"},"modified":"2021-05-21T23:00:00","modified_gmt":"2021-05-21T23:00:00","slug":"p9783959160704","status":"publish","type":"page","link":"https:\/\/www.web-rr.de\/GHS-Buecherei\/index.php\/p9783959160704\/","title":{"rendered":"L\u00e4nder &#8211; Europa 23"},"content":{"rendered":"<table><tbody><tr><td class='rDTitel' colspan='2'>Abenteuer in der Vulkaneifel - Lilly, Nikolas und das Geheimnis des verschwundenen Manuskripts<\/td><\/tr><tr><td><span class='rDLabel1'>Status: <\/span><span class='rDText1Gruen'>vorhanden<\/span><\/td><td><span class='rDLabel1'>Antolin: <\/span><span class='rDText1Gruen'>ja, Empfehlung Klasse 4<\/span><\/td><\/tr><tr><td width=50%><img src='https:\/\/www.web-rr.de\/GHS-Buecherei\/wp-content\/uploads\/9783959160704.jpg' alt=''><\/td><td><p class='rDLabel2'>von <span class='rDText2'>Miriam Schaps und Sabrina Pohle<\/span><\/p><p class='rDLabel2'>Verlag: <span class='rDText2'> Kinderbuchverlag Biber & Butzemann,  2021,  15.95 \u20ac<\/span><\/p><p class='rDLabel2'>B\u00fccherei-Barcode: <span class='rDText2'>9783959160704<\/span><\/p><p class='rDLabel2'>In der B\u00fccherei erfasst am: <span class='rDText2'>13.12.2023<\/span><\/p><p class='rDLabel2'>Stichw\u00f6rter: <span class='rDText2'>Vulkaneifel, Eifel, Lava, Spannung, Abenteuer, Ferien<\/span><\/p><p class='rDLabel2'>Lesealter ca. <span class='rDText2'>8<\/span><span class='rDLabel2'> Jahre<\/span><\/p><p class='rDLabel2'>Das Buch wurde <span class='rDText2'>0<\/span><span class='rDLabel2'> mal gelesen.<\/span><\/p><\/td><\/tr><tr><td colspan='2'><p class='rDLabel1'>Inhalt:<\/p><span class='rDText2'>Familie Sonnenschein macht Urlaub in der Vulkaneifel. Was gibt es dort nicht alles zu entdecken: dicke Lavabomben, tiefe Schluchten und Vulkanseen, in denen Lilly und Nikolas sogar schwimmen k\u00f6nnen! Aber ein Urlaub w\u00e4re f\u00fcr die Geschwister kein richtiger Urlaub, wenn nicht ein spannendes Abenteuer passieren w\u00fcrde. Und tats\u00e4chlich: Die Kinder m\u00fcssen Entf\u00fchrern das Handwerk legen. Ob sie es schaffen, Herrn von Eisenbach zu befreien und sein verschwundenes Manuskript zu retten? Ferienabenteuer f\u00fcr Kinder und Reisef\u00fchrer f\u00fcr Familien: die Kinderbuch-Serie \u201eLilly und Nikolas\u201c Wenn die Geschwister Lilly und Nikolas mit ihren Eltern in den Urlaub fahren, erleben sie die sch\u00f6nsten Abenteuer, staunen \u00fcber Dinge aus vergangenen Tagen, l\u00f6sen R\u00e4tsel und manchmal auch einen kleinen Kriminalfall. Dabei entdecken sie jedes Mal Sehensw\u00fcrdigkeiten und Ausflugsziele, die Kindern wirklich Spa\u00df machen. Auf ihren Touren erfahren sie so ganz nebenbei viel \u00fcber Land und Leute und die Geschichte ihrer Urlaubsregion! - Feriengeschichte voller Spa\u00df, R\u00e4tsel und Abenteuer f\u00fcr Kinder von 8 bis 11 Jahren - Spannend und informativ: Urlaubslekt\u00fcre und Reisef\u00fchrer in einem Kinderbuch - Zum Selbstlesen ab der 3. Klasse oder zum gemeinsamen Lesen in der Familie - Die sch\u00f6nsten Urlaubsziele f\u00fcr Familien und Tipps f\u00fcr Ausfl\u00fcge mit Kindern - Zoos, Freizeitparks und Museen, die Kinder begeistern - Geeignet f\u00fcr Buchvorstellungen und f\u00fcr die Lesef\u00f6rderung mit ANTOLIN - Kann auch im Heimat- und Sachunterricht in der Grundschule eingesetzt werden Ob Urlaub in Deutschland oder den Nachbarl\u00e4ndern, ob Sommerferien am Meer oder Herbsturlaub in den Bergen: Diese Kinderb\u00fccher machen Lust, selbst die Koffer zu packen und loszuziehen!<\/span><\/td><\/tr><tr><td colspan='2'><a href='#' onclick='history.back(); return false'>Zur\u00fcck<\/a><\/td><\/tr><\/tbody><\/table>\n","protected":false},"excerpt":{"rendered":"<p>&#8211;<\/p>\n","protected":false},"author":1,"featured_media":0,"parent":0,"menu_order":0,"comment_status":"closed","ping_status":"closed","template":"","meta":[],"_links":{"self":[{"href":"https:\/\/www.web-rr.de\/GHS-Buecherei\/index.php\/wp-json\/wp\/v2\/pages\/16325"}],"collection":[{"href":"https:\/\/www.web-rr.de\/GHS-Buecherei\/index.php\/wp-json\/wp\/v2\/pages"}],"about":[{"href":"https:\/\/www.web-rr.de\/GHS-Buecherei\/index.php\/wp-json\/wp\/v2\/types\/page"}],"author":[{"embeddable":true,"href":"https:\/\/www.web-rr.de\/GHS-Buecherei\/index.php\/wp-json\/wp\/v2\/users\/1"}],"replies":[{"embeddable":true,"href":"https:\/\/www.web-rr.de\/GHS-Buecherei\/index.php\/wp-json\/wp\/v2\/comments?post=16325"}],"version-history":[{"count":0,"href":"https:\/\/www.web-rr.de\/GHS-Buecherei\/index.php\/wp-json\/wp\/v2\/pages\/16325\/revisions"}],"wp:attachment":[{"href":"https:\/\/www.web-rr.de\/GHS-Buecherei\/index.php\/wp-json\/wp\/v2\/media?parent=16325"}],"curies":[{"name":"wp","href":"https:\/\/api.w.org\/{rel}","templated":true}]}}