{"id":16324,"date":"2021-05-21T10:00:00","date_gmt":"2021-05-21T10:00:00","guid":{"rendered":"https:\/\/www.web-rr.de\/GHS-Buecherei\/?page_id=16324"},"modified":"2021-05-21T23:00:00","modified_gmt":"2021-05-21T23:00:00","slug":"p9783959160742","status":"publish","type":"page","link":"https:\/\/www.web-rr.de\/GHS-Buecherei\/index.php\/p9783959160742\/","title":{"rendered":"L\u00e4nder &#8211; Europa 22"},"content":{"rendered":"<table><tbody><tr><td class='rDTitel' colspan='2'>Abenteuer zwischen Taunus und Wetterau: Lilly, Nikolas und der Krachenburg-Schatz<\/td><\/tr><tr><td><span class='rDLabel1'>Status: <\/span><span class='rDText1Gruen'>vorhanden<\/span><\/td><td><span class='rDLabel1'>Antolin: <\/span><span class='rDText1Gruen'>ja, Empfehlung Klasse 4<\/span><\/td><\/tr><tr><td width=50%><img src='https:\/\/www.web-rr.de\/GHS-Buecherei\/wp-content\/uploads\/9783959160742.jpg' alt=''><\/td><td><p class='rDLabel2'>von <span class='rDText2'>Marsha K\u00f6mpel und Manja Adamson<\/span><\/p><p class='rDLabel2'>Verlag: <span class='rDText2'>Kinderbuchverlag Biber & Butzemann,  2021,  15.95 \u20ac<\/span><\/p><p class='rDLabel2'>B\u00fccherei-Barcode: <span class='rDText2'>9783959160742<\/span><\/p><p class='rDLabel2'>In der B\u00fccherei erfasst am: <span class='rDText2'>13.12.2023<\/span><\/p><p class='rDLabel2'>Stichw\u00f6rter: <span class='rDText2'>Taunus, Wetterau, Krachenburg, Ferien, Spannung, Abenteuer, Sch\u00e4tze, R\u00f6mer<\/span><\/p><p class='rDLabel2'>Lesealter ca. <span class='rDText2'>8<\/span><span class='rDLabel2'> Jahre<\/span><\/p><p class='rDLabel2'>Das Buch wurde <span class='rDText2'>0<\/span><span class='rDLabel2'> mal gelesen.<\/span><\/p><\/td><\/tr><tr><td colspan='2'><p class='rDLabel1'>Inhalt:<\/p><span class='rDText2'>Endlich wieder eine Reise! Lilly und Nikolas besuchen gemeinsam mit ihrem Vater dessen alten Schulfreund und seinen Sohn in Bad Vilbel. Was als gem\u00fctliche Ferienwoche mit kleinen Ausfl\u00fcgen geplant war, wird f\u00fcr die drei Kinder schnell zu einer arch\u00e4ologischen Expedition: Dort, wo vermutlich einst die Krachenburg gelegen hat, finden sie etwas, das wie ein altes Schmuckst\u00fcck aussieht. Stammt es vielleicht von den R\u00f6mern? Oder eher aus dem Mittelalter? Die V\u00e4ter k\u00f6nnen sie nicht fragen, denn eigentlich ist es streng verboten, ohne Genehmigung in der N\u00e4he von arch\u00e4ologischen St\u00e4tten nach Sch\u00e4tzen zu suchen. Also m\u00fcssen Lilly, Nikolas und ihr neuer Freund Felix selbst herausfinden, worum es sich bei ihrem Fund handelt. Zum Gl\u00fcck gibt es in der Wetterau und im Taunus viele Orte, an denen man der Vergangenheit auf die Spur kommen kann. Das Abenteuer beginnt \u2026 Ferienabenteuer f\u00fcr Kinder und Reisef\u00fchrer f\u00fcr Familien: die Kinderbuch-Serie \u201eLilly und Nikolas\u201c Wenn die Geschwister Lilly und Nikolas mit ihren Eltern in den Urlaub fahren, erleben sie die sch\u00f6nsten Abenteuer, staunen \u00fcber Dinge aus vergangenen Tagen, l\u00f6sen R\u00e4tsel und manchmal auch einen kleinen Kriminalfall. Dabei entdecken sie jedes Mal Sehensw\u00fcrdigkeiten und Ausflugsziele, die Kindern wirklich Spa\u00df machen. Auf ihren Touren erfahren sie so ganz nebenbei viel \u00fcber Land und Leute und die Geschichte ihrer Urlaubsregion! - Feriengeschichte voller Spa\u00df, R\u00e4tsel und Abenteuer f\u00fcr Kinder von 8 bis 11 Jahren - Spannend und informativ: Urlaubslekt\u00fcre und Reisef\u00fchrer in einem Kinderbuch - Zum Selbstlesen ab der 3. Klasse oder zum gemeinsamen Lesen in der Familie - Die sch\u00f6nsten Urlaubsziele f\u00fcr Familien und Tipps f\u00fcr Ausfl\u00fcge mit Kindern - Zoos, Freizeitparks und Museen, die Kinder begeistern - Geeignet f\u00fcr Buchvorstellungen und f\u00fcr die Lesef\u00f6rderung mit ANTOLIN - Kann auch im Heimat- und Sachunterricht in der Grundschule eingesetzt werden Ob Urlaub in Deutschland oder den Nachbarl\u00e4ndern, ob Sommerferien am Meer oder Herbsturlaub in den Bergen: Diese Kinderb\u00fccher machen Lust, selbst die Koffer zu packen und loszuziehen!<\/span><\/td><\/tr><tr><td colspan='2'><a href='#' onclick='history.back(); return false'>Zur\u00fcck<\/a><\/td><\/tr><\/tbody><\/table>\n","protected":false},"excerpt":{"rendered":"<p>&#8211;<\/p>\n","protected":false},"author":1,"featured_media":0,"parent":0,"menu_order":0,"comment_status":"closed","ping_status":"closed","template":"","meta":[],"_links":{"self":[{"href":"https:\/\/www.web-rr.de\/GHS-Buecherei\/index.php\/wp-json\/wp\/v2\/pages\/16324"}],"collection":[{"href":"https:\/\/www.web-rr.de\/GHS-Buecherei\/index.php\/wp-json\/wp\/v2\/pages"}],"about":[{"href":"https:\/\/www.web-rr.de\/GHS-Buecherei\/index.php\/wp-json\/wp\/v2\/types\/page"}],"author":[{"embeddable":true,"href":"https:\/\/www.web-rr.de\/GHS-Buecherei\/index.php\/wp-json\/wp\/v2\/users\/1"}],"replies":[{"embeddable":true,"href":"https:\/\/www.web-rr.de\/GHS-Buecherei\/index.php\/wp-json\/wp\/v2\/comments?post=16324"}],"version-history":[{"count":0,"href":"https:\/\/www.web-rr.de\/GHS-Buecherei\/index.php\/wp-json\/wp\/v2\/pages\/16324\/revisions"}],"wp:attachment":[{"href":"https:\/\/www.web-rr.de\/GHS-Buecherei\/index.php\/wp-json\/wp\/v2\/media?parent=16324"}],"curies":[{"name":"wp","href":"https:\/\/api.w.org\/{rel}","templated":true}]}}