{"id":16320,"date":"2021-05-21T10:00:00","date_gmt":"2021-05-21T10:00:00","guid":{"rendered":"https:\/\/www.web-rr.de\/GHS-Buecherei\/?page_id=16320"},"modified":"2021-05-21T23:00:00","modified_gmt":"2021-05-21T23:00:00","slug":"p9783791374550","status":"publish","type":"page","link":"https:\/\/www.web-rr.de\/GHS-Buecherei\/index.php\/p9783791374550\/","title":{"rendered":"L\u00e4nder &#8211; Allg. 25"},"content":{"rendered":"<table><tbody><tr><td class='rDTitel' colspan='2'>Antarktis: Eine Expedition zum S\u00fcdpol<\/td><\/tr><tr><td><span class='rDLabel1'>Status: <\/span><span class='rDText1Gruen'>vorhanden<\/span><\/td><td><span class='rDLabel1'>Antolin: <\/span><span class='rDText1Gruen'>ja, Empfehlung Klasse 5<\/span><\/td><\/tr><tr><td width=50%><img src='https:\/\/www.web-rr.de\/GHS-Buecherei\/wp-content\/uploads\/9783791374550.jpg' alt=''><\/td><td><p class='rDLabel2'>von <span class='rDText2'>Mario Cuesta Hernando , Raquel Mart\u00edn<\/span><\/p><p class='rDLabel2'>Verlag: <span class='rDText2'>Prestel Verlag,  2021,  22.00 \u20ac<\/span><\/p><p class='rDLabel2'>B\u00fccherei-Barcode: <span class='rDText2'>9783791374550<\/span><\/p><p class='rDLabel2'>In der B\u00fccherei erfasst am: <span class='rDText2'>12.12.2023<\/span><\/p><p class='rDLabel2'>Stichw\u00f6rter: <span class='rDText2'>Entdeckungsreise, Antarktis, Pinguine, Wale, Albatrosse, Forschungsstationen, Eisberge, Antarktis<\/span><\/p><p class='rDLabel2'>Lesealter ca. <span class='rDText2'>9<\/span><span class='rDLabel2'> Jahre<\/span><\/p><p class='rDLabel2'>Das Buch wurde <span class='rDText2'>0<\/span><span class='rDLabel2'> mal gelesen.<\/span><\/p><\/td><\/tr><tr><td colspan='2'><p class='rDLabel1'>Inhalt:<\/p><span class='rDText2'>Eine Entdeckungsreise zum k\u00e4ltesten Ort der Erde\r\nGemeinsam gehen wir an Bord eines gro\u00dfen Meeresforschungs- und Versorgungsschiffes und starten eine Expedition in die Antarktis. Zusammen mit Wissenschaftlerinnen und Wissenschaftlern aus aller Welt verbringen wir den S\u00fcdsommer am k\u00e4ltesten Ort der Erde. Hier gibt es Pinguine, Wale, Albatrosse, Forschungsstationen und ganz viel Eis, aber keine Eisb\u00e4ren. Das Eis t\u00fcrmt sich zu riesigen W\u00e4nden, \u00fcberall um uns herum schwimmen Eisberge. Aber auch hier leben Tiere und zu manchen Jahreszeiten auch Menschen, die dort forschen.\r\nMario Cuesta Hernando nimmt uns mit zu einem Kontinent der Wunder, den er selbst bereits gesehen hat. Er zeigt uns dort die einheimischen Tiere und Meeresbewohner und erz\u00e4hlt uns mehr von der Geschichte und Entdeckung der Antarktis und auch von der gro\u00dfen Gefahr, die der Klimawandel f\u00fcr diesen Kontinent mit sich bringt.\r\nEin wunderbar illustriertes Kinderbuch mit viel Wissen f\u00fcr kleine Entdeckerinnen und Entdecker.<\/span><\/td><\/tr><tr><td colspan='2'><a href='#' onclick='history.back(); return false'>Zur\u00fcck<\/a><\/td><\/tr><\/tbody><\/table>\n","protected":false},"excerpt":{"rendered":"<p>&#8211;<\/p>\n","protected":false},"author":1,"featured_media":0,"parent":0,"menu_order":0,"comment_status":"closed","ping_status":"closed","template":"","meta":[],"_links":{"self":[{"href":"https:\/\/www.web-rr.de\/GHS-Buecherei\/index.php\/wp-json\/wp\/v2\/pages\/16320"}],"collection":[{"href":"https:\/\/www.web-rr.de\/GHS-Buecherei\/index.php\/wp-json\/wp\/v2\/pages"}],"about":[{"href":"https:\/\/www.web-rr.de\/GHS-Buecherei\/index.php\/wp-json\/wp\/v2\/types\/page"}],"author":[{"embeddable":true,"href":"https:\/\/www.web-rr.de\/GHS-Buecherei\/index.php\/wp-json\/wp\/v2\/users\/1"}],"replies":[{"embeddable":true,"href":"https:\/\/www.web-rr.de\/GHS-Buecherei\/index.php\/wp-json\/wp\/v2\/comments?post=16320"}],"version-history":[{"count":0,"href":"https:\/\/www.web-rr.de\/GHS-Buecherei\/index.php\/wp-json\/wp\/v2\/pages\/16320\/revisions"}],"wp:attachment":[{"href":"https:\/\/www.web-rr.de\/GHS-Buecherei\/index.php\/wp-json\/wp\/v2\/media?parent=16320"}],"curies":[{"name":"wp","href":"https:\/\/api.w.org\/{rel}","templated":true}]}}