{"id":16319,"date":"2021-05-21T10:00:00","date_gmt":"2021-05-21T10:00:00","guid":{"rendered":"https:\/\/www.web-rr.de\/GHS-Buecherei\/?page_id=16319"},"modified":"2021-05-21T23:00:00","modified_gmt":"2021-05-21T23:00:00","slug":"p9783779506683","status":"publish","type":"page","link":"https:\/\/www.web-rr.de\/GHS-Buecherei\/index.php\/p9783779506683\/","title":{"rendered":"Weihnachten 77"},"content":{"rendered":"<table><tbody><tr><td class='rDTitel' colspan='2'>Eins zwei drei Rentier<\/td><\/tr><tr><td><span class='rDLabel1'>Status: <\/span><span class='rDText1Gruen'>vorhanden<\/span><\/td><td><span class='rDLabel1'>Antolin: <\/span><span class='rDText1Rot'>Quiz nicht vorhanden.<\/span><\/td><\/tr><tr><td width=50%><img src='https:\/\/www.web-rr.de\/GHS-Buecherei\/wp-content\/uploads\/9783779506683.jpg' alt=''><\/td><td><p class='rDLabel2'>von <span class='rDText2'>Nadia Budde<\/span><\/p><p class='rDLabel2'>Verlag: <span class='rDText2'>Peter Hammer Verlag,  2021,  10.00 \u20ac<\/span><\/p><p class='rDLabel2'>B\u00fccherei-Barcode: <span class='rDText2'>9783779506683<\/span><\/p><p class='rDLabel2'>In der B\u00fccherei erfasst am: <span class='rDText2'>12.12.2023<\/span><\/p><p class='rDLabel2'>Stichw\u00f6rter: <span class='rDText2'>Tiere, Nikolaus, Wichtel<\/span><\/p><p class='rDLabel2'>Lesealter ca. <span class='rDText2'>5<\/span><span class='rDLabel2'> Jahre<\/span><\/p><p class='rDLabel2'>Das Buch wurde <span class='rDText2'>0<\/span><span class='rDLabel2'> mal gelesen.<\/span><\/p><\/td><\/tr><tr><td colspan='2'><p class='rDLabel1'>Inhalt:<\/p><span class='rDText2'>Wer sagt`s denn! Hier ist nach mehr als zwei Jahrzehnten endlich ein weihnachtlicher Nachfolger von Nadia Buddes Klassiker \u201eEins zwei drei Tier\". Im handlichen Geschenkformat passt \u201eEins zwei drei Rentier\" in jedes Nikolauss\u00e4ckchen und Wichtelp\u00e4ckchen. Wieder so einfach wie genial: Drei weihnachtliche Botschafter betreten die B\u00fchne, der vierte sorgt f\u00fcr den Reim und die \u00dcberraschung. Das lustigste wie immer bei Nadia Budde: Jeder Nussknacker, jeder Wicht, selbst jeder Weihnachtsbaum, hat Seele und Charakter. Ist sch\u00fcchtern oder eitel, aufger\u00e4umt oder verpeilt, verliebt oder wahnsinnig. Das ist zu Weihnachten ja nicht anders als sonst!<\/span><\/td><\/tr><tr><td colspan='2'><a href='#' onclick='history.back(); return false'>Zur\u00fcck<\/a><\/td><\/tr><\/tbody><\/table>\n","protected":false},"excerpt":{"rendered":"<p>&#8211;<\/p>\n","protected":false},"author":1,"featured_media":0,"parent":0,"menu_order":0,"comment_status":"closed","ping_status":"closed","template":"","meta":[],"_links":{"self":[{"href":"https:\/\/www.web-rr.de\/GHS-Buecherei\/index.php\/wp-json\/wp\/v2\/pages\/16319"}],"collection":[{"href":"https:\/\/www.web-rr.de\/GHS-Buecherei\/index.php\/wp-json\/wp\/v2\/pages"}],"about":[{"href":"https:\/\/www.web-rr.de\/GHS-Buecherei\/index.php\/wp-json\/wp\/v2\/types\/page"}],"author":[{"embeddable":true,"href":"https:\/\/www.web-rr.de\/GHS-Buecherei\/index.php\/wp-json\/wp\/v2\/users\/1"}],"replies":[{"embeddable":true,"href":"https:\/\/www.web-rr.de\/GHS-Buecherei\/index.php\/wp-json\/wp\/v2\/comments?post=16319"}],"version-history":[{"count":0,"href":"https:\/\/www.web-rr.de\/GHS-Buecherei\/index.php\/wp-json\/wp\/v2\/pages\/16319\/revisions"}],"wp:attachment":[{"href":"https:\/\/www.web-rr.de\/GHS-Buecherei\/index.php\/wp-json\/wp\/v2\/media?parent=16319"}],"curies":[{"name":"wp","href":"https:\/\/api.w.org\/{rel}","templated":true}]}}