{"id":16318,"date":"2021-05-21T10:00:00","date_gmt":"2021-05-21T10:00:00","guid":{"rendered":"https:\/\/www.web-rr.de\/GHS-Buecherei\/?page_id=16318"},"modified":"2021-05-21T23:00:00","modified_gmt":"2021-05-21T23:00:00","slug":"p9783945288108","status":"publish","type":"page","link":"https:\/\/www.web-rr.de\/GHS-Buecherei\/index.php\/p9783945288108\/","title":{"rendered":"Weihnachten 76"},"content":{"rendered":"<table><tbody><tr><td class='rDTitel' colspan='2'>Sheriff Peng \u2013 Weihnachten in der Kaktusw\u00fcste<\/td><\/tr><tr><td><span class='rDLabel1'>Status: <\/span><span class='rDText1Gruen'>vorhanden<\/span><\/td><td><span class='rDLabel1'>Antolin: <\/span><span class='rDText1Rot'>Quiz nicht vorhanden.<\/span><\/td><\/tr><tr><td width=50%><img src='https:\/\/www.web-rr.de\/GHS-Buecherei\/wp-content\/uploads\/9783945288108.jpg' alt=''><\/td><td><p class='rDLabel2'>von <span class='rDText2'>Kai Renners und Alexander Pick<\/span><\/p><p class='rDLabel2'>Verlag: <span class='rDText2'>Renners Media,  2020,  14.95 \u20ac<\/span><\/p><p class='rDLabel2'>B\u00fccherei-Barcode: <span class='rDText2'>9783945288108<\/span><\/p><p class='rDLabel2'>In der B\u00fccherei erfasst am: <span class='rDText2'>12.12.2023<\/span><\/p><p class='rDLabel2'>Stichw\u00f6rter: <span class='rDText2'>Kaktusw\u00fcste, Heiligabend, Weihnachten, Sheriff, Freundschaft, Wildwestbewohner<\/span><\/p><p class='rDLabel2'>Lesealter ca. <span class='rDText2'>7<\/span><span class='rDLabel2'> Jahre<\/span><\/p><p class='rDLabel2'>Das Buch wurde <span class='rDText2'>0<\/span><span class='rDLabel2'> mal gelesen.<\/span><\/p><\/td><\/tr><tr><td colspan='2'><p class='rDLabel1'>Inhalt:<\/p><span class='rDText2'>Weihnachten in der Kaktusw\u00fcste! Wenn Sheriff Peng den stacheligen Weihnachtskaktus schm\u00fcckt, wei\u00df ein jeder Wildwestbewohner, bald ist es so weit \u2013 Heiligabend steht vor der T\u00fcr! Und jeder wei\u00df, Heiligabend ist der Tag der Geschenke.\r\nDoch Sheriff Pengs bester Freund, das Pony H\u00fcha, ist sich sicher, dass der Sheriff sein Geschenk vergessen hat. Nun ist nicht nur das Weihnachtsfest in Gefahr, sondern auch die Freundschaft zwischen Sheriff Peng und H\u00fcha steht auf der Kippe ...\r\nEin Bilderbuch \u00fcber den Sinn des Schenkens und warum kleine Geschenke von Herzen mehr Wert besitzen als die teuersten Dinge dieser Welt!<\/span><\/td><\/tr><tr><td colspan='2'><a href='#' onclick='history.back(); return false'>Zur\u00fcck<\/a><\/td><\/tr><\/tbody><\/table>\n","protected":false},"excerpt":{"rendered":"<p>&#8211;<\/p>\n","protected":false},"author":1,"featured_media":0,"parent":0,"menu_order":0,"comment_status":"closed","ping_status":"closed","template":"","meta":[],"_links":{"self":[{"href":"https:\/\/www.web-rr.de\/GHS-Buecherei\/index.php\/wp-json\/wp\/v2\/pages\/16318"}],"collection":[{"href":"https:\/\/www.web-rr.de\/GHS-Buecherei\/index.php\/wp-json\/wp\/v2\/pages"}],"about":[{"href":"https:\/\/www.web-rr.de\/GHS-Buecherei\/index.php\/wp-json\/wp\/v2\/types\/page"}],"author":[{"embeddable":true,"href":"https:\/\/www.web-rr.de\/GHS-Buecherei\/index.php\/wp-json\/wp\/v2\/users\/1"}],"replies":[{"embeddable":true,"href":"https:\/\/www.web-rr.de\/GHS-Buecherei\/index.php\/wp-json\/wp\/v2\/comments?post=16318"}],"version-history":[{"count":0,"href":"https:\/\/www.web-rr.de\/GHS-Buecherei\/index.php\/wp-json\/wp\/v2\/pages\/16318\/revisions"}],"wp:attachment":[{"href":"https:\/\/www.web-rr.de\/GHS-Buecherei\/index.php\/wp-json\/wp\/v2\/media?parent=16318"}],"curies":[{"name":"wp","href":"https:\/\/api.w.org\/{rel}","templated":true}]}}