{"id":16317,"date":"2021-05-21T10:00:00","date_gmt":"2021-05-21T10:00:00","guid":{"rendered":"https:\/\/www.web-rr.de\/GHS-Buecherei\/?page_id=16317"},"modified":"2021-05-21T23:00:00","modified_gmt":"2021-05-21T23:00:00","slug":"p9783754316573","status":"publish","type":"page","link":"https:\/\/www.web-rr.de\/GHS-Buecherei\/index.php\/p9783754316573\/","title":{"rendered":"Weihnachten 75"},"content":{"rendered":"<table><tbody><tr><td class='rDTitel' colspan='2'>Ottokars wilde Waldweihnacht<\/td><\/tr><tr><td><span class='rDLabel1'>Status: <\/span><span class='rDText1Gruen'>vorhanden<\/span><\/td><td><span class='rDLabel1'>Antolin: <\/span><span class='rDText1Rot'>Quiz nicht vorhanden.<\/span><\/td><\/tr><tr><td width=50%><img src='https:\/\/www.web-rr.de\/GHS-Buecherei\/wp-content\/uploads\/9783754316573.jpg' alt=''><\/td><td><p class='rDLabel2'>von <span class='rDText2'>Michael Seiterle und Sophie Szillinsky<\/span><\/p><p class='rDLabel2'>Verlag: <span class='rDText2'>BoD \u2013 Books on Demand,  2021,  12.00 \u20ac<\/span><\/p><p class='rDLabel2'>B\u00fccherei-Barcode: <span class='rDText2'>9783754316573<\/span><\/p><p class='rDLabel2'>In der B\u00fccherei erfasst am: <span class='rDText2'>12.12.2023<\/span><\/p><p class='rDLabel2'>Stichw\u00f6rter: <span class='rDText2'>Adventsabenteuer, Erdh\u00f6rnchen, Weihnachtsfeier, Zoo, Abenteuer, Waldfee<\/span><\/p><p class='rDLabel2'>Lesealter ca. <span class='rDText2'>7<\/span><span class='rDLabel2'> Jahre<\/span><\/p><p class='rDLabel2'>Das Buch wurde <span class='rDText2'>0<\/span><span class='rDLabel2'> mal gelesen.<\/span><\/p><\/td><\/tr><tr><td colspan='2'><p class='rDLabel1'>Inhalt:<\/p><span class='rDText2'>Ein Adventsabenteuer f\u00fcr Kinder in 24 Kapiteln\r\nAls Erdh\u00f6rnchen Ottokar am 1. Dezember von seinen sieben ziemlich nervenden Cousinen erf\u00e4hrt, dass er in diesem Jahr die Weihnachtsfeier f\u00fcr den Zoo organisieren muss, sucht er in einer panischen Kurzschlussreaktion das Weite. Seine Flucht f\u00fchrt ihn zu Olm G\u00fcnther (mit H und ohne Haar) und auf eine abenteuerliche Reise zur Adventszeit, die die beiden in einen Meerschweinchenk\u00e4fig, zu einem Hexenhaus und schlie\u00dflich zur Mega-Party von Vegetarier-Wolf H\u00e4nschen f\u00fchrt. Dabei treffen sie auf den Nymphensittich Knecht Ruprecht, einen schrulligen Nikolaus, das Party-Wildschwein Roberto, die grimmigen T\u00fcrsteher Olek und Bolek, eine schrille Musik-Schnecke voller Sound-Ideen und eine zauberhafte Waldfee. Ottokars Adventsabenteuer begleitet die Kinder liebevoll, witzig, spannend, besinnlich und chaotisch in 24 Kapiteln Tag f\u00fcr Tag bis zum Weihnachtsfest.<\/span><\/td><\/tr><tr><td colspan='2'><a href='#' onclick='history.back(); return false'>Zur\u00fcck<\/a><\/td><\/tr><\/tbody><\/table>\n","protected":false},"excerpt":{"rendered":"<p>&#8211;<\/p>\n","protected":false},"author":1,"featured_media":0,"parent":0,"menu_order":0,"comment_status":"closed","ping_status":"closed","template":"","meta":[],"_links":{"self":[{"href":"https:\/\/www.web-rr.de\/GHS-Buecherei\/index.php\/wp-json\/wp\/v2\/pages\/16317"}],"collection":[{"href":"https:\/\/www.web-rr.de\/GHS-Buecherei\/index.php\/wp-json\/wp\/v2\/pages"}],"about":[{"href":"https:\/\/www.web-rr.de\/GHS-Buecherei\/index.php\/wp-json\/wp\/v2\/types\/page"}],"author":[{"embeddable":true,"href":"https:\/\/www.web-rr.de\/GHS-Buecherei\/index.php\/wp-json\/wp\/v2\/users\/1"}],"replies":[{"embeddable":true,"href":"https:\/\/www.web-rr.de\/GHS-Buecherei\/index.php\/wp-json\/wp\/v2\/comments?post=16317"}],"version-history":[{"count":0,"href":"https:\/\/www.web-rr.de\/GHS-Buecherei\/index.php\/wp-json\/wp\/v2\/pages\/16317\/revisions"}],"wp:attachment":[{"href":"https:\/\/www.web-rr.de\/GHS-Buecherei\/index.php\/wp-json\/wp\/v2\/media?parent=16317"}],"curies":[{"name":"wp","href":"https:\/\/api.w.org\/{rel}","templated":true}]}}