{"id":16314,"date":"2021-05-21T10:00:00","date_gmt":"2021-05-21T10:00:00","guid":{"rendered":"https:\/\/www.web-rr.de\/GHS-Buecherei\/?page_id=16314"},"modified":"2021-05-21T23:00:00","modified_gmt":"2021-05-21T23:00:00","slug":"p9783765554728","status":"publish","type":"page","link":"https:\/\/www.web-rr.de\/GHS-Buecherei\/index.php\/p9783765554728\/","title":{"rendered":"Weihnachten 72"},"content":{"rendered":"<table><tbody><tr><td class='rDTitel' colspan='2'>Der kleine Igel und die geheimnisvollen Spuren<\/td><\/tr><tr><td><span class='rDLabel1'>Status: <\/span><span class='rDText1Gruen'>vorhanden<\/span><\/td><td><span class='rDLabel1'>Antolin: <\/span><span class='rDText1Gruen'>ja, Empfehlung Klasse 2<\/span><\/td><\/tr><tr><td width=50%><img src='https:\/\/www.web-rr.de\/GHS-Buecherei\/wp-content\/uploads\/9783765554728.jpg' alt=''><\/td><td><p class='rDLabel2'>von <span class='rDText2'>M Christina Butler und Tina Macnaughton<\/span><\/p><p class='rDLabel2'>Verlag: <span class='rDText2'>Brunnen,  2021,  15.00 \u20ac<\/span><\/p><p class='rDLabel2'>B\u00fccherei-Barcode: <span class='rDText2'>9783765554728<\/span><\/p><p class='rDLabel2'>In der B\u00fccherei erfasst am: <span class='rDText2'>12.12.2023<\/span><\/p><p class='rDLabel2'>Stichw\u00f6rter: <span class='rDText2'>Tannenzapfen, Weihnachtsschmuck, Tiere, H\u00f6hle, Spuren, Weihnachten<\/span><\/p><p class='rDLabel2'>Lesealter ca. <span class='rDText2'>7<\/span><span class='rDLabel2'> Jahre<\/span><\/p><p class='rDLabel2'>Das Buch wurde <span class='rDText2'>0<\/span><span class='rDLabel2'> mal gelesen.<\/span><\/p><\/td><\/tr><tr><td colspan='2'><p class='rDLabel1'>Inhalt:<\/p><span class='rDText2'>Die neue Geschichte vom kleinen Igel von M Christina Butler mit wundersch\u00f6nen Illustrationen von Tina Macnaughton f\u00fchrt diesmal auf geheimnisvoller Spurensuche zu einer gewaltigen H\u00f6hle. Wo sind blo\u00df die vielen Winterbeeren und Tannenzapfen geblieben, die der kleine Igel gestern im Wald gesehen hat und so dringend als Weihnachtsschmuck braucht? Seine Freunde konnten nirgendwo welche finden. Und der Lieblingsschal vom Maulwurf ist auch einfach weg. Bei ihrer gemeinsamen Suche sto\u00dfen die Tiere auf geheimnisvolle Spuren. Und dann stehen sie pl\u00f6tzlich vor einer gewaltigen H\u00f6hle, aus der sich schwere, dr\u00f6hnende Schritte n\u00e4hern \u2026 K\u00f6nnen der kleine Igel und seine Freunde das Geheimnis l\u00fcften und doch noch fr\u00f6hliche Weihnachten feiern?<\/span><\/td><\/tr><tr><td colspan='2'><a href='#' onclick='history.back(); return false'>Zur\u00fcck<\/a><\/td><\/tr><\/tbody><\/table>\n","protected":false},"excerpt":{"rendered":"<p>&#8211;<\/p>\n","protected":false},"author":1,"featured_media":0,"parent":0,"menu_order":0,"comment_status":"closed","ping_status":"closed","template":"","meta":[],"_links":{"self":[{"href":"https:\/\/www.web-rr.de\/GHS-Buecherei\/index.php\/wp-json\/wp\/v2\/pages\/16314"}],"collection":[{"href":"https:\/\/www.web-rr.de\/GHS-Buecherei\/index.php\/wp-json\/wp\/v2\/pages"}],"about":[{"href":"https:\/\/www.web-rr.de\/GHS-Buecherei\/index.php\/wp-json\/wp\/v2\/types\/page"}],"author":[{"embeddable":true,"href":"https:\/\/www.web-rr.de\/GHS-Buecherei\/index.php\/wp-json\/wp\/v2\/users\/1"}],"replies":[{"embeddable":true,"href":"https:\/\/www.web-rr.de\/GHS-Buecherei\/index.php\/wp-json\/wp\/v2\/comments?post=16314"}],"version-history":[{"count":0,"href":"https:\/\/www.web-rr.de\/GHS-Buecherei\/index.php\/wp-json\/wp\/v2\/pages\/16314\/revisions"}],"wp:attachment":[{"href":"https:\/\/www.web-rr.de\/GHS-Buecherei\/index.php\/wp-json\/wp\/v2\/media?parent=16314"}],"curies":[{"name":"wp","href":"https:\/\/api.w.org\/{rel}","templated":true}]}}