{"id":16305,"date":"2021-05-21T10:00:00","date_gmt":"2021-05-21T10:00:00","guid":{"rendered":"https:\/\/www.web-rr.de\/GHS-Buecherei\/?page_id=16305"},"modified":"2021-05-21T23:00:00","modified_gmt":"2021-05-21T23:00:00","slug":"p9783968460345","status":"publish","type":"page","link":"https:\/\/www.web-rr.de\/GHS-Buecherei\/index.php\/p9783968460345\/","title":{"rendered":"Pferde 21"},"content":{"rendered":"<table><tbody><tr><td class='rDTitel' colspan='2'>Hobby Horsing: Ich liebe mein Steckenpferd<\/td><\/tr><tr><td><span class='rDLabel1'>Status: <\/span><span class='rDText1Gruen'>vorhanden<\/span><\/td><td><span class='rDLabel1'>Antolin: <\/span><span class='rDText1Rot'>Quiz nicht vorhanden.<\/span><\/td><\/tr><tr><td width=50%><img src='https:\/\/www.web-rr.de\/GHS-Buecherei\/wp-content\/uploads\/9783968460345.jpg' alt=''><\/td><td><p class='rDLabel2'>von <span class='rDText2'>Christine Stahr<\/span><\/p><p class='rDLabel2'>Verlag: <span class='rDText2'>migo,  2021,  15.00 \u20ac<\/span><\/p><p class='rDLabel2'>B\u00fccherei-Barcode: <span class='rDText2'>9783968460345<\/span><\/p><p class='rDLabel2'>In der B\u00fccherei erfasst am: <span class='rDText2'>12.12.2023<\/span><\/p><p class='rDLabel2'>Stichw\u00f6rter: <span class='rDText2'>Dressurreiten, Pferde, Hobby, Sport<\/span><\/p><p class='rDLabel2'>Lesealter ca. <span class='rDText2'>7<\/span><span class='rDLabel2'> Jahre<\/span><\/p><p class='rDLabel2'>Das Buch wurde <span class='rDText2'>0<\/span><span class='rDLabel2'> mal gelesen.<\/span><\/p><\/td><\/tr><tr><td colspan='2'><p class='rDLabel1'>Inhalt:<\/p><span class='rDText2'>Hobby Horsing ist die neue Fun- und Trendsportart aus Finnland f\u00fcr Kinder ab 6 Jahren! Sie verkn\u00fcpft Sport- und Gymnastikelemente mit fantasievollem Spiel und der Do-it-yourself-Idee. Beim Hobby Horsing geht es darum, mit Steckenpferden \u00fcber H\u00fcrden zu springen oder wie beim Dressurreiten mit \u201erichtigen\u201c Pferden bestimmte Figuren auszuf\u00fchren. Das Ph\u00e4nomen steht hierzulande mit riesigem Wachstumspotenzial in den Startl\u00f6chern. Der Einstieg ist leicht, denn es braucht nur ein Steckenpferd, das vollkommen individuell selbst gebastelt werden kann. \u201eHobby Horsing. Ich liebe mein Steckenpferd\u201c wurde gemeinsam mit der Szene f\u00fcr die Szene entwickelt und transportiert abwechslungsreich, kurzweilig und bunt die Faszination Steckenpferdreiten. Denn es ist vielmehr als nur ein Sport!<\/span><\/td><\/tr><tr><td colspan='2'><a href='#' onclick='history.back(); return false'>Zur\u00fcck<\/a><\/td><\/tr><\/tbody><\/table>\n","protected":false},"excerpt":{"rendered":"<p>&#8211;<\/p>\n","protected":false},"author":1,"featured_media":0,"parent":0,"menu_order":0,"comment_status":"closed","ping_status":"closed","template":"","meta":[],"_links":{"self":[{"href":"https:\/\/www.web-rr.de\/GHS-Buecherei\/index.php\/wp-json\/wp\/v2\/pages\/16305"}],"collection":[{"href":"https:\/\/www.web-rr.de\/GHS-Buecherei\/index.php\/wp-json\/wp\/v2\/pages"}],"about":[{"href":"https:\/\/www.web-rr.de\/GHS-Buecherei\/index.php\/wp-json\/wp\/v2\/types\/page"}],"author":[{"embeddable":true,"href":"https:\/\/www.web-rr.de\/GHS-Buecherei\/index.php\/wp-json\/wp\/v2\/users\/1"}],"replies":[{"embeddable":true,"href":"https:\/\/www.web-rr.de\/GHS-Buecherei\/index.php\/wp-json\/wp\/v2\/comments?post=16305"}],"version-history":[{"count":0,"href":"https:\/\/www.web-rr.de\/GHS-Buecherei\/index.php\/wp-json\/wp\/v2\/pages\/16305\/revisions"}],"wp:attachment":[{"href":"https:\/\/www.web-rr.de\/GHS-Buecherei\/index.php\/wp-json\/wp\/v2\/media?parent=16305"}],"curies":[{"name":"wp","href":"https:\/\/api.w.org\/{rel}","templated":true}]}}