{"id":16299,"date":"2021-05-21T10:00:00","date_gmt":"2021-05-21T10:00:00","guid":{"rendered":"https:\/\/www.web-rr.de\/GHS-Buecherei\/?page_id=16299"},"modified":"2021-05-21T23:00:00","modified_gmt":"2021-05-21T23:00:00","slug":"p9783863214531","status":"publish","type":"page","link":"https:\/\/www.web-rr.de\/GHS-Buecherei\/index.php\/p9783863214531\/","title":{"rendered":"Soziales 52"},"content":{"rendered":"<table><tbody><tr><td class='rDTitel' colspan='2'>Oma Luise und die Schmetterlinge<\/td><\/tr><tr><td><span class='rDLabel1'>Status: <\/span><span class='rDText1Gruen'>vorhanden<\/span><\/td><td><span class='rDLabel1'>Antolin: <\/span><span class='rDText1Rot'>Quiz nicht vorhanden.<\/span><\/td><\/tr><tr><td width=50%><img src='https:\/\/www.web-rr.de\/GHS-Buecherei\/wp-content\/uploads\/9783863214531.jpg' alt=''><\/td><td><p class='rDLabel2'>von <span class='rDText2'>Christina Kuhn (Aut.), Anja Rutenkr\u00f6ger<\/span><\/p><p class='rDLabel2'>Verlag: <span class='rDText2'>Mabuse,  2021,  21.00 \u20ac<\/span><\/p><p class='rDLabel2'>B\u00fccherei-Barcode: <span class='rDText2'>9783863214531<\/span><\/p><p class='rDLabel2'>In der B\u00fccherei erfasst am: <span class='rDText2'>12.12.2023<\/span><\/p><p class='rDLabel2'>Stichw\u00f6rter: <span class='rDText2'>Demenz, Vergesslichkeit, Krankheit<\/span><\/p><p class='rDLabel2'>Lesealter ca. <span class='rDText2'>6<\/span><span class='rDLabel2'> Jahre<\/span><\/p><p class='rDLabel2'>Das Buch wurde <span class='rDText2'>0<\/span><span class='rDLabel2'> mal gelesen.<\/span><\/p><\/td><\/tr><tr><td colspan='2'><p class='rDLabel1'>Inhalt:<\/p><span class='rDText2'>Mit Oma Luise erlebt Karla lustige Geschichten. Oma kennt tolle Verstecke f\u00fcr alle m\u00f6glichen Sachen und mit ihr kann man prima spielen. Aber manchmal sagt Oma Luise, dass sie Schmetterlinge im Kopf hat. Oft nehmen die Schmetterlinge einen Namen, eine Geschichte oder ein Ding einfach mit davon. Deswegen vergisst sie so viel und macht statt Salz Zucker in die Suppe. Die Bildergeschichte von Karla und ihrer Oma Luise erkl\u00e4rt Kindern in leicht verst\u00e4ndlichen Worten die Krankheit Demenz. Zudem animieren Fragen, die direkt an die Kinder gestellt werden, zum Gespr\u00e4ch und interaktiven Vorlesen. Der anschlie\u00dfende Fachteil gibt Hintergrundinformationen zum Krankheitsbild und beantwortet u. a. die Fragen: Wie f\u00fchlen sich Menschen mit Demenz und wie kann man sie unterst\u00fctzen? Wie nehmen Kinder die Ver\u00e4nderungen an ihrem Gro\u00dfelternteil wahr? Mit Tipps zur Unterst\u00fctzung der kleinen Familienmitglieder und Ausf\u00fcllseiten zu Omas bzw. Opas Leben f\u00fcr die Biografiearbeit<\/span><\/td><\/tr><tr><td colspan='2'><a href='#' onclick='history.back(); return false'>Zur\u00fcck<\/a><\/td><\/tr><\/tbody><\/table>\n","protected":false},"excerpt":{"rendered":"<p>&#8211;<\/p>\n","protected":false},"author":1,"featured_media":0,"parent":0,"menu_order":0,"comment_status":"closed","ping_status":"closed","template":"","meta":[],"_links":{"self":[{"href":"https:\/\/www.web-rr.de\/GHS-Buecherei\/index.php\/wp-json\/wp\/v2\/pages\/16299"}],"collection":[{"href":"https:\/\/www.web-rr.de\/GHS-Buecherei\/index.php\/wp-json\/wp\/v2\/pages"}],"about":[{"href":"https:\/\/www.web-rr.de\/GHS-Buecherei\/index.php\/wp-json\/wp\/v2\/types\/page"}],"author":[{"embeddable":true,"href":"https:\/\/www.web-rr.de\/GHS-Buecherei\/index.php\/wp-json\/wp\/v2\/users\/1"}],"replies":[{"embeddable":true,"href":"https:\/\/www.web-rr.de\/GHS-Buecherei\/index.php\/wp-json\/wp\/v2\/comments?post=16299"}],"version-history":[{"count":0,"href":"https:\/\/www.web-rr.de\/GHS-Buecherei\/index.php\/wp-json\/wp\/v2\/pages\/16299\/revisions"}],"wp:attachment":[{"href":"https:\/\/www.web-rr.de\/GHS-Buecherei\/index.php\/wp-json\/wp\/v2\/media?parent=16299"}],"curies":[{"name":"wp","href":"https:\/\/api.w.org\/{rel}","templated":true}]}}