{"id":16298,"date":"2021-05-21T10:00:00","date_gmt":"2021-05-21T10:00:00","guid":{"rendered":"https:\/\/www.web-rr.de\/GHS-Buecherei\/?page_id=16298"},"modified":"2021-05-21T23:00:00","modified_gmt":"2021-05-21T23:00:00","slug":"p9783906183312","status":"publish","type":"page","link":"https:\/\/www.web-rr.de\/GHS-Buecherei\/index.php\/p9783906183312\/","title":{"rendered":"Soziales 51"},"content":{"rendered":"<table><tbody><tr><td class='rDTitel' colspan='2'>Kaya Komplizert<\/td><\/tr><tr><td><span class='rDLabel1'>Status: <\/span><span class='rDText1Gruen'>vorhanden<\/span><\/td><td><span class='rDLabel1'>Antolin: <\/span><span class='rDText1Rot'>Quiz nicht vorhanden.<\/span><\/td><\/tr><tr><td width=50%><img src='https:\/\/www.web-rr.de\/GHS-Buecherei\/wp-content\/uploads\/9783906183312.jpg' alt=''><\/td><td><p class='rDLabel2'>von <span class='rDText2'>No\u00ebmi Sacher und Tanja Stephani<\/span><\/p><p class='rDLabel2'>Verlag: <span class='rDText2'>kwasi verlag,  2021,  19.00 \u20ac<\/span><\/p><p class='rDLabel2'>B\u00fccherei-Barcode: <span class='rDText2'>9783906183312<\/span><\/p><p class='rDLabel2'>In der B\u00fccherei erfasst am: <span class='rDText2'>12.12.2023<\/span><\/p><p class='rDLabel2'>Stichw\u00f6rter: <span class='rDText2'>Vers\u00f6hnung, Angst, Zwerge, Monster, Strafe<\/span><\/p><p class='rDLabel2'>Lesealter ca. <span class='rDText2'>6<\/span><span class='rDLabel2'> Jahre<\/span><\/p><p class='rDLabel2'>Das Buch wurde <span class='rDText2'>0<\/span><span class='rDLabel2'> mal gelesen.<\/span><\/p><\/td><\/tr><tr><td colspan='2'><p class='rDLabel1'>Inhalt:<\/p><span class='rDText2'>Die achtj\u00e4hrige Kaya ist kompliziert \u2013 sagt ihre Mutter. Kaya selbst hat kein Problem damit, dass ihre Zehen nur mit den gestreiften Socken einverstanden sind, dass ihr Hals gegen dicke Pullis protestiert und dass sie nur aus dem gepunkteten Becher trinken kann. Sie verliert sich genussvoll im Spiel mit Wassergeisterchen und mit Winkelzwergen. Doch als sie auf dem Schulweg \u00fcber einen Zaun klettert, um nicht schon wieder zu sp\u00e4t zur Schule zu kommen, rei\u00dfen ihre Hose und Mamas Gedulds\u00adfaden. Ohne Vers\u00f6hnung ins Bett geschickt, ber\u00e4t sie sich mit dem Monster unter dem Bett: Es bef\u00fcrchtet, dass ihre Mama sie gar nicht mehr haben will. In der Not schickt es Kaya an einen Ort, an dem sie lernen kann, wie sie unkompliziert wird.<\/span><\/td><\/tr><tr><td colspan='2'><a href='#' onclick='history.back(); return false'>Zur\u00fcck<\/a><\/td><\/tr><\/tbody><\/table>\n","protected":false},"excerpt":{"rendered":"<p>&#8211;<\/p>\n","protected":false},"author":1,"featured_media":0,"parent":0,"menu_order":0,"comment_status":"closed","ping_status":"closed","template":"","meta":[],"_links":{"self":[{"href":"https:\/\/www.web-rr.de\/GHS-Buecherei\/index.php\/wp-json\/wp\/v2\/pages\/16298"}],"collection":[{"href":"https:\/\/www.web-rr.de\/GHS-Buecherei\/index.php\/wp-json\/wp\/v2\/pages"}],"about":[{"href":"https:\/\/www.web-rr.de\/GHS-Buecherei\/index.php\/wp-json\/wp\/v2\/types\/page"}],"author":[{"embeddable":true,"href":"https:\/\/www.web-rr.de\/GHS-Buecherei\/index.php\/wp-json\/wp\/v2\/users\/1"}],"replies":[{"embeddable":true,"href":"https:\/\/www.web-rr.de\/GHS-Buecherei\/index.php\/wp-json\/wp\/v2\/comments?post=16298"}],"version-history":[{"count":0,"href":"https:\/\/www.web-rr.de\/GHS-Buecherei\/index.php\/wp-json\/wp\/v2\/pages\/16298\/revisions"}],"wp:attachment":[{"href":"https:\/\/www.web-rr.de\/GHS-Buecherei\/index.php\/wp-json\/wp\/v2\/media?parent=16298"}],"curies":[{"name":"wp","href":"https:\/\/api.w.org\/{rel}","templated":true}]}}