{"id":16297,"date":"2021-05-21T10:00:00","date_gmt":"2021-05-21T10:00:00","guid":{"rendered":"https:\/\/www.web-rr.de\/GHS-Buecherei\/?page_id=16297"},"modified":"2021-05-21T23:00:00","modified_gmt":"2021-05-21T23:00:00","slug":"p9783982367705","status":"publish","type":"page","link":"https:\/\/www.web-rr.de\/GHS-Buecherei\/index.php\/p9783982367705\/","title":{"rendered":"Musik 46"},"content":{"rendered":"<table><tbody><tr><td class='rDTitel' colspan='2'>Piet, Pepe und Murr am Rande der Welt<\/td><\/tr><tr><td><span class='rDLabel1'>Status: <\/span><span class='rDText1Gruen'>vorhanden<\/span><\/td><td><span class='rDLabel1'>Antolin: <\/span><span class='rDText1Rot'>Quiz nicht vorhanden.<\/span><\/td><\/tr><tr><td width=50%><img src='https:\/\/www.web-rr.de\/GHS-Buecherei\/wp-content\/uploads\/9783982367705.jpg' alt=''><\/td><td><p class='rDLabel2'>von <span class='rDText2'>Lukas Johannsen und Melina Bigale<\/span><\/p><p class='rDLabel2'>Verlag: <span class='rDText2'>LiederLikas, Flintbek,  2021,  16.00 \u20ac<\/span><\/p><p class='rDLabel2'>B\u00fccherei-Barcode: <span class='rDText2'>9783982367705<\/span><\/p><p class='rDLabel2'>In der B\u00fccherei erfasst am: <span class='rDText2'>12.12.2023<\/span><\/p><p class='rDLabel2'>Stichw\u00f6rter: <span class='rDText2'>Seer\u00e4uberkapit\u00e4n, Musik, Flaschenpost, Schatzkarte, Schatzsuche<\/span><\/p><p class='rDLabel2'>Lesealter ca. <span class='rDText2'>6<\/span><span class='rDLabel2'> Jahre<\/span><\/p><p class='rDLabel2'>Das Buch wurde <span class='rDText2'>0<\/span><span class='rDLabel2'> mal gelesen.<\/span><\/p><\/td><\/tr><tr><td colspan='2'><p class='rDLabel1'>Inhalt:<\/p><span class='rDText2'>Der alte Seer\u00e4uberkapit\u00e4n Piet ist vollkommen aus dem H\u00e4uschen. Da hat ihm doch tats\u00e4chlich eine Silberm\u00f6we eine Flasche auf den Kopf geworfen. Papagei Pepe und Schiffskater Murr sind ganz aufgeregt, denn bei n\u00e4herer Betrachtung entpuppt sich jene Flasche als eine Flaschenpost. In ihr ist eine vergilbte Schatzkarte versteckt. Kurzum beschlie\u00dfen die drei Freunde auf eine abenteuerliche Schatzsuche bis zum Rande der Welt aufzubrechen. Doch braucht es eine mutige Besatzung. Wollt ihr Teil der Crew werden?\r\nDas Buch \u201ePiet, Pepe und MurrMurr am Rande der Welt\" wird als Bilderbuchkino pr\u00e4sentiert und live musikalisch mit kleinen Einlagen begleitet. Kurze Mitmachlieder und die Vorstellung der Musikinstrumente sorgen f\u00fcr ein rundes Vorleseerlebnis.<\/span><\/td><\/tr><tr><td colspan='2'><a href='#' onclick='history.back(); return false'>Zur\u00fcck<\/a><\/td><\/tr><\/tbody><\/table>\n","protected":false},"excerpt":{"rendered":"<p>&#8211;<\/p>\n","protected":false},"author":1,"featured_media":0,"parent":0,"menu_order":0,"comment_status":"closed","ping_status":"closed","template":"","meta":[],"_links":{"self":[{"href":"https:\/\/www.web-rr.de\/GHS-Buecherei\/index.php\/wp-json\/wp\/v2\/pages\/16297"}],"collection":[{"href":"https:\/\/www.web-rr.de\/GHS-Buecherei\/index.php\/wp-json\/wp\/v2\/pages"}],"about":[{"href":"https:\/\/www.web-rr.de\/GHS-Buecherei\/index.php\/wp-json\/wp\/v2\/types\/page"}],"author":[{"embeddable":true,"href":"https:\/\/www.web-rr.de\/GHS-Buecherei\/index.php\/wp-json\/wp\/v2\/users\/1"}],"replies":[{"embeddable":true,"href":"https:\/\/www.web-rr.de\/GHS-Buecherei\/index.php\/wp-json\/wp\/v2\/comments?post=16297"}],"version-history":[{"count":0,"href":"https:\/\/www.web-rr.de\/GHS-Buecherei\/index.php\/wp-json\/wp\/v2\/pages\/16297\/revisions"}],"wp:attachment":[{"href":"https:\/\/www.web-rr.de\/GHS-Buecherei\/index.php\/wp-json\/wp\/v2\/media?parent=16297"}],"curies":[{"name":"wp","href":"https:\/\/api.w.org\/{rel}","templated":true}]}}