{"id":16294,"date":"2021-05-21T10:00:00","date_gmt":"2021-05-21T10:00:00","guid":{"rendered":"https:\/\/www.web-rr.de\/GHS-Buecherei\/?page_id=16294"},"modified":"2021-05-21T23:00:00","modified_gmt":"2021-05-21T23:00:00","slug":"p9783446271203","status":"publish","type":"page","link":"https:\/\/www.web-rr.de\/GHS-Buecherei\/index.php\/p9783446271203\/","title":{"rendered":"Familie 43"},"content":{"rendered":"<table><tbody><tr><td class='rDTitel' colspan='2'>Der Elefant: Eine Geschichte gegen die Traurigkeit<\/td><\/tr><tr><td><span class='rDLabel1'>Status: <\/span><span class='rDText1Gruen'>vorhanden<\/span><\/td><td><span class='rDLabel1'>Antolin: <\/span><span class='rDText1Gruen'>ja, Empfehlung Klasse 3<\/span><\/td><\/tr><tr><td width=50%><img src='https:\/\/www.web-rr.de\/GHS-Buecherei\/wp-content\/uploads\/9783446271203.jpg' alt=''><\/td><td><p class='rDLabel2'>von <span class='rDText2'>Peter Carnavas und Birgitt Kollmann<\/span><\/p><p class='rDLabel2'>Verlag: <span class='rDText2'>Carl Hanser Verlag GmbH & Co. KG,  2021,  14.00 \u20ac<\/span><\/p><p class='rDLabel2'>B\u00fccherei-Barcode: <span class='rDText2'>9783446271203<\/span><\/p><p class='rDLabel2'>In der B\u00fccherei erfasst am: <span class='rDText2'>12.12.2023<\/span><\/p><p class='rDLabel2'>Stichw\u00f6rter: <span class='rDText2'>Traurigkeit, Hoffnung, Familie, Gef\u00fchle, Probleme<\/span><\/p><p class='rDLabel2'>Lesealter ca. <span class='rDText2'>7<\/span><span class='rDLabel2'> Jahre<\/span><\/p><p class='rDLabel2'>Das Buch wurde <span class='rDText2'>0<\/span><span class='rDLabel2'> mal gelesen.<\/span><\/p><\/td><\/tr><tr><td colspan='2'><p class='rDLabel1'>Inhalt:<\/p><span class='rDText2'>Olive m\u00f6chte ihren Vater wieder gl\u00fccklich machen. Aber wie? \"Der Elefant\" von Peter Carnavas ist eine Geschichte gegen Traurigkeit, die Hoffnung schenkt.\r\nEine herzerw\u00e4rmende, poetische Geschichte \u00fcber ein kleines M\u00e4dchen, das gegen ein gro\u00dfes Problem k\u00e4mpft. Seit Olive denken kann, begleitet ein riesiger grauer Elefant ihren Vater. Schwer und still weicht er ihm nicht von der Seite und sorgt daf\u00fcr, dass der Vater immerzu traurig ist. Zu nichts hat er Lust, und auch ihr hei\u00df geliebtes Fahrrad repariert er nicht. Nichts w\u00fcnscht sich Olive sehnlicher, als den Elefanten endlich loszuwerden. Zusammen mit ihrem Gro\u00dfvater und ihrem besten Freund Arthur schmiedet sie einen Plan, um ihren Vater wieder gl\u00fccklich zu machen. Dazu sammelt sie viele einzelne Momente des Gl\u00fccks und erkennt schlie\u00dflich, dass auch kleine Dinge Berge versetzen k\u00f6nnen \u2013 oder eben einen Elefanten.<\/span><\/td><\/tr><tr><td colspan='2'><a href='#' onclick='history.back(); return false'>Zur\u00fcck<\/a><\/td><\/tr><\/tbody><\/table>\n","protected":false},"excerpt":{"rendered":"<p>&#8211;<\/p>\n","protected":false},"author":1,"featured_media":0,"parent":0,"menu_order":0,"comment_status":"closed","ping_status":"closed","template":"","meta":[],"_links":{"self":[{"href":"https:\/\/www.web-rr.de\/GHS-Buecherei\/index.php\/wp-json\/wp\/v2\/pages\/16294"}],"collection":[{"href":"https:\/\/www.web-rr.de\/GHS-Buecherei\/index.php\/wp-json\/wp\/v2\/pages"}],"about":[{"href":"https:\/\/www.web-rr.de\/GHS-Buecherei\/index.php\/wp-json\/wp\/v2\/types\/page"}],"author":[{"embeddable":true,"href":"https:\/\/www.web-rr.de\/GHS-Buecherei\/index.php\/wp-json\/wp\/v2\/users\/1"}],"replies":[{"embeddable":true,"href":"https:\/\/www.web-rr.de\/GHS-Buecherei\/index.php\/wp-json\/wp\/v2\/comments?post=16294"}],"version-history":[{"count":0,"href":"https:\/\/www.web-rr.de\/GHS-Buecherei\/index.php\/wp-json\/wp\/v2\/pages\/16294\/revisions"}],"wp:attachment":[{"href":"https:\/\/www.web-rr.de\/GHS-Buecherei\/index.php\/wp-json\/wp\/v2\/media?parent=16294"}],"curies":[{"name":"wp","href":"https:\/\/api.w.org\/{rel}","templated":true}]}}