{"id":16291,"date":"2021-05-21T10:00:00","date_gmt":"2021-05-21T10:00:00","guid":{"rendered":"https:\/\/www.web-rr.de\/GHS-Buecherei\/?page_id=16291"},"modified":"2021-05-21T23:00:00","modified_gmt":"2021-05-21T23:00:00","slug":"p9783845838229","status":"publish","type":"page","link":"https:\/\/www.web-rr.de\/GHS-Buecherei\/index.php\/p9783845838229\/","title":{"rendered":"M\u00e4dchen 70"},"content":{"rendered":"<table><tbody><tr><td class='rDTitel' colspan='2'>Lea Lavendel und das G\u00e4nsebl\u00fcmchenwunder<\/td><\/tr><tr><td><span class='rDLabel1'>Status: <\/span><span class='rDText1Gruen'>vorhanden<\/span><\/td><td><span class='rDLabel1'>Antolin: <\/span><span class='rDText1Gruen'>ja, Empfehlung Klasse 4<\/span><\/td><\/tr><tr><td width=50%><img src='https:\/\/www.web-rr.de\/GHS-Buecherei\/wp-content\/uploads\/9783845838229.jpg' alt=''><\/td><td><p class='rDLabel2'>von <span class='rDText2'>Corinna Wieja und Tessa Rath<\/span><\/p><p class='rDLabel2'>Verlag: <span class='rDText2'>arsEdition,  2021,  12.99 \u20ac<\/span><\/p><p class='rDLabel2'>B\u00fccherei-Barcode: <span class='rDText2'>9783845838229<\/span><\/p><p class='rDLabel2'>In der B\u00fccherei erfasst am: <span class='rDText2'>12.12.2023<\/span><\/p><p class='rDLabel2'>Stichw\u00f6rter: <span class='rDText2'>Abenteuer, Garten, Magie, Pflanzenpflege<\/span><\/p><p class='rDLabel2'>Lesealter ca. <span class='rDText2'>8<\/span><span class='rDLabel2'> Jahre<\/span><\/p><p class='rDLabel2'>Das Buch wurde <span class='rDText2'>0<\/span><span class='rDLabel2'> mal gelesen.<\/span><\/p><\/td><\/tr><tr><td colspan='2'><p class='rDLabel1'>Inhalt:<\/p><span class='rDText2'>Sprechende Blumen und eine Prise Kr\u00e4utermagie ...\r\nMist! Beim Tortraining hat Lea den Ball versehentlich in den Garten ihrer schrulligen Nachbarin gepfeffert und eine Scheibe von deren Gew\u00e4chshaus zerbrochen. Um ihre Schulden abzuarbeiten, hilft Lea der alten Dame bei der Pflege ihrer Pflanzen. Und was f\u00fcr merkw\u00fcrdige Gew\u00e4chse bei Hortensia Pfeffer bl\u00fchen! Zahnb\u00fcrstenb\u00e4ume, Schokoladenblumen und Spatzenzungen - sogar ganz normale G\u00e4nsebl\u00fcmchen scheinen hier h\u00f6chst ungew\u00f6hnliche Eigenschaften zu haben!\r\nEhe sie es sich versieht, steckt Lea mitten in einem fantastischen Abenteuer! Sie wird zur Nachwuchskr\u00e4uterhexe ausgebildet und versucht - mit einer geh\u00f6rigen Prise Magie - Hortensias wunderbaren Garten vor den fiesen Pl\u00e4nen des B\u00fcrgermeisters zu retten ...<\/span><\/td><\/tr><tr><td colspan='2'><a href='#' onclick='history.back(); return false'>Zur\u00fcck<\/a><\/td><\/tr><\/tbody><\/table>\n","protected":false},"excerpt":{"rendered":"<p>&#8211;<\/p>\n","protected":false},"author":1,"featured_media":0,"parent":0,"menu_order":0,"comment_status":"closed","ping_status":"closed","template":"","meta":[],"_links":{"self":[{"href":"https:\/\/www.web-rr.de\/GHS-Buecherei\/index.php\/wp-json\/wp\/v2\/pages\/16291"}],"collection":[{"href":"https:\/\/www.web-rr.de\/GHS-Buecherei\/index.php\/wp-json\/wp\/v2\/pages"}],"about":[{"href":"https:\/\/www.web-rr.de\/GHS-Buecherei\/index.php\/wp-json\/wp\/v2\/types\/page"}],"author":[{"embeddable":true,"href":"https:\/\/www.web-rr.de\/GHS-Buecherei\/index.php\/wp-json\/wp\/v2\/users\/1"}],"replies":[{"embeddable":true,"href":"https:\/\/www.web-rr.de\/GHS-Buecherei\/index.php\/wp-json\/wp\/v2\/comments?post=16291"}],"version-history":[{"count":0,"href":"https:\/\/www.web-rr.de\/GHS-Buecherei\/index.php\/wp-json\/wp\/v2\/pages\/16291\/revisions"}],"wp:attachment":[{"href":"https:\/\/www.web-rr.de\/GHS-Buecherei\/index.php\/wp-json\/wp\/v2\/media?parent=16291"}],"curies":[{"name":"wp","href":"https:\/\/api.w.org\/{rel}","templated":true}]}}