{"id":16287,"date":"2021-05-21T10:00:00","date_gmt":"2021-05-21T10:00:00","guid":{"rendered":"https:\/\/www.web-rr.de\/GHS-Buecherei\/?page_id=16287"},"modified":"2021-05-21T23:00:00","modified_gmt":"2021-05-21T23:00:00","slug":"p9783440170342","status":"publish","type":"page","link":"https:\/\/www.web-rr.de\/GHS-Buecherei\/index.php\/p9783440170342\/","title":{"rendered":"Erstlesen 288"},"content":{"rendered":"<table><tbody><tr><td class='rDTitel' colspan='2'>Die drei !!!, B\u00fccherhelden 2. Klasse, Alarm in der Schule<\/td><\/tr><tr><td><span class='rDLabel1'>Status: <\/span><span class='rDText1Gruen'>vorhanden<\/span><\/td><td><span class='rDLabel1'>Antolin: <\/span><span class='rDText1Gruen'>ja, Empfehlung Klasse 2<\/span><\/td><\/tr><tr><td width=50%><img src='https:\/\/www.web-rr.de\/GHS-Buecherei\/wp-content\/uploads\/9783440170342.jpg' alt=''><\/td><td><p class='rDLabel2'>von <span class='rDText2'>Jule Ambach und Katja Rau<\/span><\/p><p class='rDLabel2'>Verlag: <span class='rDText2'>Kosmos; 1. Edition,  2021,  8.00 \u20ac<\/span><\/p><p class='rDLabel2'>B\u00fccherei-Barcode: <span class='rDText2'>9783440170342<\/span><\/p><p class='rDLabel2'>In der B\u00fccherei erfasst am: <span class='rDText2'>12.12.2023<\/span><\/p><p class='rDLabel2'>Stichw\u00f6rter: <span class='rDText2'>Detektiv, Freunde, Schule, Spannung<\/span><\/p><p class='rDLabel2'>Lesealter ca. <span class='rDText2'>6<\/span><span class='rDLabel2'> Jahre<\/span><\/p><p class='rDLabel2'>Das Buch wurde <span class='rDText2'>3<\/span><span class='rDLabel2'> mal gelesen.<\/span><\/p><\/td><\/tr><tr><td colspan='2'><p class='rDLabel1'>Inhalt:<\/p><span class='rDText2'>Kim, Franzi und Marie sind beste Freundinnen und Detektivinnen! Zusammen haben die drei !!! schon viele knifflige F\u00e4lle gel\u00f6st. Was ist nur in der Schule los? Ohne Grund gibt es einen Feueralarm. Dann f\u00e4llt der Strom aus. Und die drei !!! entdecken, dass jemand im Keller ein Loch gegraben hat! Bestimmt gibt es einen Zusammenhang, meinen die drei Detektivinnen und haben schon einen ersten Verdacht ... Lesen lernen ist schwer? Nicht mit dieser spannenden Geschichte, die auch Leseanf\u00e4ngerinnen ab Klassenstufe 2 leicht bew\u00e4ltigen k\u00f6nnen. Illustrationen und ein Leser\u00e4tsel am Ende jedes Kapitels machen den Band abwechslungsreich, sorgen f\u00fcr Erfolgserlebnisse und erh\u00f6hen die Lese-Motivation. So macht der Einstieg ins selbstst\u00e4ndige B\u00fccherlesen einfach Spa\u00df.<\/span><\/td><\/tr><tr><td colspan='2'><a href='#' onclick='history.back(); return false'>Zur\u00fcck<\/a><\/td><\/tr><\/tbody><\/table>\n","protected":false},"excerpt":{"rendered":"<p>&#8211;<\/p>\n","protected":false},"author":1,"featured_media":0,"parent":0,"menu_order":0,"comment_status":"closed","ping_status":"closed","template":"","meta":[],"_links":{"self":[{"href":"https:\/\/www.web-rr.de\/GHS-Buecherei\/index.php\/wp-json\/wp\/v2\/pages\/16287"}],"collection":[{"href":"https:\/\/www.web-rr.de\/GHS-Buecherei\/index.php\/wp-json\/wp\/v2\/pages"}],"about":[{"href":"https:\/\/www.web-rr.de\/GHS-Buecherei\/index.php\/wp-json\/wp\/v2\/types\/page"}],"author":[{"embeddable":true,"href":"https:\/\/www.web-rr.de\/GHS-Buecherei\/index.php\/wp-json\/wp\/v2\/users\/1"}],"replies":[{"embeddable":true,"href":"https:\/\/www.web-rr.de\/GHS-Buecherei\/index.php\/wp-json\/wp\/v2\/comments?post=16287"}],"version-history":[{"count":0,"href":"https:\/\/www.web-rr.de\/GHS-Buecherei\/index.php\/wp-json\/wp\/v2\/pages\/16287\/revisions"}],"wp:attachment":[{"href":"https:\/\/www.web-rr.de\/GHS-Buecherei\/index.php\/wp-json\/wp\/v2\/media?parent=16287"}],"curies":[{"name":"wp","href":"https:\/\/api.w.org\/{rel}","templated":true}]}}