{"id":16286,"date":"2021-05-21T10:00:00","date_gmt":"2021-05-21T10:00:00","guid":{"rendered":"https:\/\/www.web-rr.de\/GHS-Buecherei\/?page_id=16286"},"modified":"2021-05-21T23:00:00","modified_gmt":"2021-05-21T23:00:00","slug":"p9783942640176","status":"publish","type":"page","link":"https:\/\/www.web-rr.de\/GHS-Buecherei\/index.php\/p9783942640176\/","title":{"rendered":"M\u00e4rchen 12"},"content":{"rendered":"<table><tbody><tr><td class='rDTitel' colspan='2'>Dornr\u00f6schen f\u00e4hrt Achterbahn<\/td><\/tr><tr><td><span class='rDLabel1'>Status: <\/span><span class='rDText1Gruen'>vorhanden<\/span><\/td><td><span class='rDLabel1'>Antolin: <\/span><span class='rDText1Rot'>Quiz nicht vorhanden.<\/span><\/td><\/tr><tr><td width=50%><img src='https:\/\/www.web-rr.de\/GHS-Buecherei\/wp-content\/uploads\/9783942640176.jpg' alt=''><\/td><td><p class='rDLabel2'>von <span class='rDText2'>Claudia Gliemann und Marie Doerfle<\/span><\/p><p class='rDLabel2'>Verlag: <span class='rDText2'>Monterosa Verlag,  2022,  24.00 \u20ac<\/span><\/p><p class='rDLabel2'>B\u00fccherei-Barcode: <span class='rDText2'>9783942640176<\/span><\/p><p class='rDLabel2'>In der B\u00fccherei erfasst am: <span class='rDText2'>12.12.2023<\/span><\/p><p class='rDLabel2'>Stichw\u00f6rter: <span class='rDText2'>Kinder, Erwachsene, Traurigkeit, Angst, Wut<\/span><\/p><p class='rDLabel2'>Lesealter ca. <span class='rDText2'>6<\/span><span class='rDLabel2'> Jahre<\/span><\/p><p class='rDLabel2'>Das Buch wurde <span class='rDText2'>0<\/span><span class='rDLabel2'> mal gelesen.<\/span><\/p><\/td><\/tr><tr><td colspan='2'><p class='rDLabel1'>Inhalt:<\/p><span class='rDText2'>Nach \"Rotk\u00e4ppchen, wie geht es dir?\" interpretiert die vielfach ausgezeichnete Kinderbuchautorin Claudia Gliemann nun in \"Dornr\u00f6schen f\u00e4hrt Achterbahn\" ein weiteres M\u00e4rchen neu. Die Dornen symbolisieren dabei die Traurigkeit, von der Kinder und Erwachsene manchmal umgeben sind. Ein Buch f\u00fcr Zeiten, wenn die Dornen zu dicht werden. Zum Nachf\u00fchlen und Sich-verstanden-F\u00fchlen und mit vielen Strategien, was wir tun k\u00f6nnen, wenn in unserem Leben Dornen wachsen, Wolken aufziehen, ... Ein Bilderbuch f\u00fcr Kinder und Erwachsene, f\u00fcr zu Hause, Kita, Schule, Therapie und Klinik. Wundersch\u00f6n und mit unglaublich viel Fantasie illustriert von Marie Doerfler. Herstellerische Besonderheiten: - Der Umschlag besteht zum Teil aus Bambuspapier und ist mit einer ros\u00e9goldfarbenen Metallfolienpr\u00e4gung versehen. - klimaneutral produziert<\/span><\/td><\/tr><tr><td colspan='2'><a href='#' onclick='history.back(); return false'>Zur\u00fcck<\/a><\/td><\/tr><\/tbody><\/table>\n","protected":false},"excerpt":{"rendered":"<p>&#8211;<\/p>\n","protected":false},"author":1,"featured_media":0,"parent":0,"menu_order":0,"comment_status":"closed","ping_status":"closed","template":"","meta":[],"_links":{"self":[{"href":"https:\/\/www.web-rr.de\/GHS-Buecherei\/index.php\/wp-json\/wp\/v2\/pages\/16286"}],"collection":[{"href":"https:\/\/www.web-rr.de\/GHS-Buecherei\/index.php\/wp-json\/wp\/v2\/pages"}],"about":[{"href":"https:\/\/www.web-rr.de\/GHS-Buecherei\/index.php\/wp-json\/wp\/v2\/types\/page"}],"author":[{"embeddable":true,"href":"https:\/\/www.web-rr.de\/GHS-Buecherei\/index.php\/wp-json\/wp\/v2\/users\/1"}],"replies":[{"embeddable":true,"href":"https:\/\/www.web-rr.de\/GHS-Buecherei\/index.php\/wp-json\/wp\/v2\/comments?post=16286"}],"version-history":[{"count":0,"href":"https:\/\/www.web-rr.de\/GHS-Buecherei\/index.php\/wp-json\/wp\/v2\/pages\/16286\/revisions"}],"wp:attachment":[{"href":"https:\/\/www.web-rr.de\/GHS-Buecherei\/index.php\/wp-json\/wp\/v2\/media?parent=16286"}],"curies":[{"name":"wp","href":"https:\/\/api.w.org\/{rel}","templated":true}]}}