{"id":16284,"date":"2021-05-21T10:00:00","date_gmt":"2021-05-21T10:00:00","guid":{"rendered":"https:\/\/www.web-rr.de\/GHS-Buecherei\/?page_id=16284"},"modified":"2021-05-21T23:00:00","modified_gmt":"2021-05-21T23:00:00","slug":"p9783831041268","status":"publish","type":"page","link":"https:\/\/www.web-rr.de\/GHS-Buecherei\/index.php\/p9783831041268\/","title":{"rendered":"Natur &#8211; Pflanzen 17"},"content":{"rendered":"<table><tbody><tr><td class='rDTitel' colspan='2'>Auf ins Beet!: 30 wilde Gartenideen f\u00fcr Radieschenr\u00e4uber und Bienenretter<\/td><\/tr><tr><td><span class='rDLabel1'>Status: <\/span><span class='rDText1Gruen'>vorhanden<\/span><\/td><td><span class='rDLabel1'>Antolin: <\/span><span class='rDText1Gruen'>ja, Empfehlung Klasse 3<\/span><\/td><\/tr><tr><td width=50%><img src='https:\/\/www.web-rr.de\/GHS-Buecherei\/wp-content\/uploads\/9783831041268.jpg' alt=''><\/td><td><p class='rDLabel2'>von <span class='rDText2'>Wiebke Krabbe und Eva Sixt<\/span><\/p><p class='rDLabel2'>Verlag: <span class='rDText2'>Dorling Kindersley Verlag,  2021,  16.95 \u20ac<\/span><\/p><p class='rDLabel2'>B\u00fccherei-Barcode: <span class='rDText2'>9783831041268<\/span><\/p><p class='rDLabel2'>In der B\u00fccherei erfasst am: <span class='rDText2'>12.12.2023<\/span><\/p><p class='rDLabel2'>Stichw\u00f6rter: <span class='rDText2'>G\u00e4rtner, Natur, Garten, Gem\u00fcse, Obst, Planzen, Blumentopf, Pflanzenwelt<\/span><\/p><p class='rDLabel2'>Lesealter ca. <span class='rDText2'>7<\/span><span class='rDLabel2'> Jahre<\/span><\/p><p class='rDLabel2'>Das Buch wurde <span class='rDText2'>2<\/span><span class='rDLabel2'> mal gelesen.<\/span><\/p><\/td><\/tr><tr><td colspan='2'><p class='rDLabel1'>Inhalt:<\/p><span class='rDText2'>Raus ins Gr\u00fcne, ihr Radieschenr\u00e4uber und Bienensch\u00fctzer!\r\nDie Natur spielerisch entdecken: Wo geht das besser als im eigenen Garten? Dieses Kinderbuch lockt Kinder ab 6 Jahren mit 30 vielf\u00e4ltigen Projekten vor die Haust\u00fcr. Also Gummistiefel an und auf geht\u2019s! Denn hier lernen kleine G\u00e4rtner*innen z.B., wie sie selbst Gem\u00fcse und Obst pflanzen, aus einem Blumentopf einen Kr\u00f6tenunterschlupf bauen, Pflanzen in Eierschalen ziehen oder nachhaltige Selbstversorgert\u00f6pfe aus Plastikflaschen herstellen. So sch\u00e4rfen die kleinen Ackerheld*innen ihr Bewusstsein f\u00fcr die Tier- und Pflanzenwelt.\r\nAbwechslungsreiches G\u00e4rtnern f\u00fcr Kinder\r\nSich im eigenen Beet austoben, frisch gepfl\u00fcckte Erdbeeren naschen und Tiere wie V\u00f6gel, Bienen oder Igel beobachten \u2013 f\u00fcr kleine Nachwuchsg\u00e4rtner*innen gibt es nichts Sch\u00f6neres!Das gemeinn\u00fctzige Projekt Ackerhelden machen Schule will Kindern spielerisch Interesse und Spa\u00df an der Natur vermitteln. Ob im Schulgarten oder zu Hause - dieses Praxisbuch bietet zahlreiche praktische Anleitungen f\u00fcr \u00f6kologisches G\u00e4rtnern und bildet die ideale Grundlage, um bei Kindern das Verst\u00e4ndnis f\u00fcr eine gesunde Umwelt zu f\u00f6rdern.<\/span><\/td><\/tr><tr><td colspan='2'><a href='#' onclick='history.back(); return false'>Zur\u00fcck<\/a><\/td><\/tr><\/tbody><\/table>\n","protected":false},"excerpt":{"rendered":"<p>&#8211;<\/p>\n","protected":false},"author":1,"featured_media":0,"parent":0,"menu_order":0,"comment_status":"closed","ping_status":"closed","template":"","meta":[],"_links":{"self":[{"href":"https:\/\/www.web-rr.de\/GHS-Buecherei\/index.php\/wp-json\/wp\/v2\/pages\/16284"}],"collection":[{"href":"https:\/\/www.web-rr.de\/GHS-Buecherei\/index.php\/wp-json\/wp\/v2\/pages"}],"about":[{"href":"https:\/\/www.web-rr.de\/GHS-Buecherei\/index.php\/wp-json\/wp\/v2\/types\/page"}],"author":[{"embeddable":true,"href":"https:\/\/www.web-rr.de\/GHS-Buecherei\/index.php\/wp-json\/wp\/v2\/users\/1"}],"replies":[{"embeddable":true,"href":"https:\/\/www.web-rr.de\/GHS-Buecherei\/index.php\/wp-json\/wp\/v2\/comments?post=16284"}],"version-history":[{"count":0,"href":"https:\/\/www.web-rr.de\/GHS-Buecherei\/index.php\/wp-json\/wp\/v2\/pages\/16284\/revisions"}],"wp:attachment":[{"href":"https:\/\/www.web-rr.de\/GHS-Buecherei\/index.php\/wp-json\/wp\/v2\/media?parent=16284"}],"curies":[{"name":"wp","href":"https:\/\/api.w.org\/{rel}","templated":true}]}}