{"id":16283,"date":"2021-05-21T10:00:00","date_gmt":"2021-05-21T10:00:00","guid":{"rendered":"https:\/\/www.web-rr.de\/GHS-Buecherei\/?page_id=16283"},"modified":"2021-05-21T23:00:00","modified_gmt":"2021-05-21T23:00:00","slug":"p9783982357409","status":"publish","type":"page","link":"https:\/\/www.web-rr.de\/GHS-Buecherei\/index.php\/p9783982357409\/","title":{"rendered":"Natur &#8211; Pflanzen 16"},"content":{"rendered":"<table><tbody><tr><td class='rDTitel' colspan='2'>Malte und das Geheimnis des Walnussbaums<\/td><\/tr><tr><td><span class='rDLabel1'>Status: <\/span><span class='rDText1Gruen'>vorhanden<\/span><\/td><td><span class='rDLabel1'>Antolin: <\/span><span class='rDText1Rot'>Quiz nicht vorhanden.<\/span><\/td><\/tr><tr><td width=50%><img src='https:\/\/www.web-rr.de\/GHS-Buecherei\/wp-content\/uploads\/9783982357409.jpg' alt=''><\/td><td><p class='rDLabel2'>von <span class='rDText2'>Mikosch Sophie<\/span><\/p><p class='rDLabel2'>Verlag: <span class='rDText2'>Sophie Mikosch; New Edition,  2021,  12.00 \u20ac<\/span><\/p><p class='rDLabel2'>B\u00fccherei-Barcode: <span class='rDText2'>9783982357409<\/span><\/p><p class='rDLabel2'>In der B\u00fccherei erfasst am: <span class='rDText2'>12.12.2023<\/span><\/p><p class='rDLabel2'>Stichw\u00f6rter: <span class='rDText2'>N\u00fcsse, Cashewn\u00fcsse, Mandeln, Erdn\u00fcsse, Pistazien<\/span><\/p><p class='rDLabel2'>Lesealter ca. <span class='rDText2'>8<\/span><span class='rDLabel2'> Jahre<\/span><\/p><p class='rDLabel2'>Das Buch wurde <span class='rDText2'>0<\/span><span class='rDLabel2'> mal gelesen.<\/span><\/p><\/td><\/tr><tr><td colspan='2'><p class='rDLabel1'>Inhalt:<\/p><span class='rDText2'>\u201eMalte und das Geheimnis des Walnussbaums\u201c ist ein erz\u00e4hlendes Sachbuch zum Thema N\u00fcsse f\u00fcr Kinder von ca. 5-10 Jahren, aber auch die vorlesenden Erwachsenen werden bestimmt viel Neues darin erfahren. Denn es geht darum, wo all die N\u00fcsse, die wir hier wie selbstverst\u00e4ndlich essen (Cashewn\u00fcsse, Mandeln, Erdn\u00fcsse, Pistazien und Co) eigentlich herkommen, wie sie wachsen und vieles mehr. Auch der Aspekt der Nachhaltigkeit wird thematisiert und warum es Sinn macht, z.B. auf Fairtrade zu achten. Und das alles eingebunden in eine sch\u00f6ne Geschichte \u00fcber Maltes Reise um die Welt, mit einer kleinen Fee, die ihn zu den jeweiligen Orten bringt, wo die N\u00fcsse wachsen. Dazu gibt es auf jeder Doppelseite bunte Illustrationen.<\/span><\/td><\/tr><tr><td colspan='2'><a href='#' onclick='history.back(); return false'>Zur\u00fcck<\/a><\/td><\/tr><\/tbody><\/table>\n","protected":false},"excerpt":{"rendered":"<p>&#8211;<\/p>\n","protected":false},"author":1,"featured_media":0,"parent":0,"menu_order":0,"comment_status":"closed","ping_status":"closed","template":"","meta":[],"_links":{"self":[{"href":"https:\/\/www.web-rr.de\/GHS-Buecherei\/index.php\/wp-json\/wp\/v2\/pages\/16283"}],"collection":[{"href":"https:\/\/www.web-rr.de\/GHS-Buecherei\/index.php\/wp-json\/wp\/v2\/pages"}],"about":[{"href":"https:\/\/www.web-rr.de\/GHS-Buecherei\/index.php\/wp-json\/wp\/v2\/types\/page"}],"author":[{"embeddable":true,"href":"https:\/\/www.web-rr.de\/GHS-Buecherei\/index.php\/wp-json\/wp\/v2\/users\/1"}],"replies":[{"embeddable":true,"href":"https:\/\/www.web-rr.de\/GHS-Buecherei\/index.php\/wp-json\/wp\/v2\/comments?post=16283"}],"version-history":[{"count":0,"href":"https:\/\/www.web-rr.de\/GHS-Buecherei\/index.php\/wp-json\/wp\/v2\/pages\/16283\/revisions"}],"wp:attachment":[{"href":"https:\/\/www.web-rr.de\/GHS-Buecherei\/index.php\/wp-json\/wp\/v2\/media?parent=16283"}],"curies":[{"name":"wp","href":"https:\/\/api.w.org\/{rel}","templated":true}]}}