{"id":16282,"date":"2021-05-21T10:00:00","date_gmt":"2021-05-21T10:00:00","guid":{"rendered":"https:\/\/www.web-rr.de\/GHS-Buecherei\/?page_id=16282"},"modified":"2021-05-21T23:00:00","modified_gmt":"2021-05-21T23:00:00","slug":"p9783745903713","status":"publish","type":"page","link":"https:\/\/www.web-rr.de\/GHS-Buecherei\/index.php\/p9783745903713\/","title":{"rendered":"Detektive 82"},"content":{"rendered":"<table><tbody><tr><td class='rDTitel' colspan='2'>Agatha Crispie und der verschwundene Schatz \u2013 Spurensuche um die Welt<\/td><\/tr><tr><td><span class='rDLabel1'>Status: <\/span><span class='rDText1Gruen'>vorhanden<\/span><\/td><td><span class='rDLabel1'>Antolin: <\/span><span class='rDText1Rot'>Quiz nicht vorhanden.<\/span><\/td><\/tr><tr><td width=50%><img src='https:\/\/www.web-rr.de\/GHS-Buecherei\/wp-content\/uploads\/9783745903713.jpg' alt=''><\/td><td><p class='rDLabel2'>von <span class='rDText2'>Paul Martin, Camille Roy<\/span><\/p><p class='rDLabel2'>Verlag: <span class='rDText2'>Edition Michael Fischer \/ EMF Verlag,  2021,  12.99 \u20ac<\/span><\/p><p class='rDLabel2'>B\u00fccherei-Barcode: <span class='rDText2'>9783745903713<\/span><\/p><p class='rDLabel2'>In der B\u00fccherei erfasst am: <span class='rDText2'>12.12.2023<\/span><\/p><p class='rDLabel2'>Stichw\u00f6rter: <span class='rDText2'>Spurensuche, Diebe, Tempelm\u00f6nche, Krimi, Spannung, Tresor<\/span><\/p><p class='rDLabel2'>Lesealter ca. <span class='rDText2'>7<\/span><span class='rDLabel2'> Jahre<\/span><\/p><p class='rDLabel2'>Das Buch wurde <span class='rDText2'>0<\/span><span class='rDLabel2'> mal gelesen.<\/span><\/p><\/td><\/tr><tr><td colspan='2'><p class='rDLabel1'>Inhalt:<\/p><span class='rDText2'>Spurensuche um die Welt mit dem interaktiven Spiel- und Lesevergn\u00fcgen\r\nDetektivin Agatha Crispies zweiter Fall: Auf ihrer Reise um die Welt muss Agatha Crispie einen verschwundenen Tresor wiederfinden, das Geheimnis der Tempelm\u00f6nche l\u00fcften, den Dieb des gestohlenen Eiskristalls \u00fcberf\u00fchren und viele weitere spannende R\u00e4tsel l\u00f6sen. Hilfst du ihr dabei? Dann tauche ein in die Geschichte und mach dich gemeinsam mit Agatha Crispie auf die Suche nach Hinweisen, befrage die Zeugen und entlarve den Schuldigen. In diesem interaktiven Bilderr\u00e4tselbuch warten 8 illustrierte Minikrimis darauf, von kleinen Sp\u00fcrnasen gel\u00f6st zu werden und laden durch die ausklappbaren Seiten zum Mitraten und Kombinieren ein.<\/span><\/td><\/tr><tr><td colspan='2'><a href='#' onclick='history.back(); return false'>Zur\u00fcck<\/a><\/td><\/tr><\/tbody><\/table>\n","protected":false},"excerpt":{"rendered":"<p>&#8211;<\/p>\n","protected":false},"author":1,"featured_media":0,"parent":0,"menu_order":0,"comment_status":"closed","ping_status":"closed","template":"","meta":[],"_links":{"self":[{"href":"https:\/\/www.web-rr.de\/GHS-Buecherei\/index.php\/wp-json\/wp\/v2\/pages\/16282"}],"collection":[{"href":"https:\/\/www.web-rr.de\/GHS-Buecherei\/index.php\/wp-json\/wp\/v2\/pages"}],"about":[{"href":"https:\/\/www.web-rr.de\/GHS-Buecherei\/index.php\/wp-json\/wp\/v2\/types\/page"}],"author":[{"embeddable":true,"href":"https:\/\/www.web-rr.de\/GHS-Buecherei\/index.php\/wp-json\/wp\/v2\/users\/1"}],"replies":[{"embeddable":true,"href":"https:\/\/www.web-rr.de\/GHS-Buecherei\/index.php\/wp-json\/wp\/v2\/comments?post=16282"}],"version-history":[{"count":0,"href":"https:\/\/www.web-rr.de\/GHS-Buecherei\/index.php\/wp-json\/wp\/v2\/pages\/16282\/revisions"}],"wp:attachment":[{"href":"https:\/\/www.web-rr.de\/GHS-Buecherei\/index.php\/wp-json\/wp\/v2\/media?parent=16282"}],"curies":[{"name":"wp","href":"https:\/\/api.w.org\/{rel}","templated":true}]}}