{"id":16275,"date":"2021-05-21T10:00:00","date_gmt":"2021-05-21T10:00:00","guid":{"rendered":"https:\/\/www.web-rr.de\/GHS-Buecherei\/?page_id=16275"},"modified":"2021-05-21T23:00:00","modified_gmt":"2021-05-21T23:00:00","slug":"p9783867407762","status":"publish","type":"page","link":"https:\/\/www.web-rr.de\/GHS-Buecherei\/index.php\/p9783867407762\/","title":{"rendered":"Fr\u00fcher + Heute 76"},"content":{"rendered":"<table><tbody><tr><td class='rDTitel' colspan='2'>Abenteuer Weltwissen: Wikinger<\/td><\/tr><tr><td><span class='rDLabel1'>Status: <\/span><span class='rDText1Gruen'>vorhanden<\/span><\/td><td><span class='rDLabel1'>Antolin: <\/span><span class='rDText1Gruen'>ja, Empfehlung Klasse 5<\/span><\/td><\/tr><tr><td width=50%><img src='https:\/\/www.web-rr.de\/GHS-Buecherei\/wp-content\/uploads\/9783867407762.jpg' alt=''><\/td><td><p class='rDLabel2'>von <span class='rDText2'>Teresa Zabori<\/span><\/p><p class='rDLabel2'>Verlag: <span class='rDText2'>BVK Buch Verlag Kempen GmbH,  2017,  12.90 \u20ac<\/span><\/p><p class='rDLabel2'>B\u00fccherei-Barcode: <span class='rDText2'>9783867407762<\/span><\/p><p class='rDLabel2'>In der B\u00fccherei erfasst am: <span class='rDText2'>12.12.2023<\/span><\/p><p class='rDLabel2'>Stichw\u00f6rter: <span class='rDText2'>Krieger, G\u00f6tter, Zerst\u00f6rung, Schiffe, Fahrten<\/span><\/p><p class='rDLabel2'>Lesealter ca. <span class='rDText2'>9<\/span><span class='rDLabel2'> Jahre<\/span><\/p><p class='rDLabel2'>Das Buch wurde <span class='rDText2'>0<\/span><span class='rDLabel2'> mal gelesen.<\/span><\/p><\/td><\/tr><tr><td colspan='2'><p class='rDLabel1'>Inhalt:<\/p><span class='rDText2'>Wilde, b\u00e4rtige M\u00e4nner, die mit ihren Schiffen urpl\u00f6tzlich aus dem Nichts auftauchten und eine Spur der Zerst\u00f6rung hinterlie\u00dfen so stellen wir uns heute oft die Wikinger vor. Aber was verbirgt sich hinter diesem Klischee?\r\nIn der Tat \u00fcberfielen und pl\u00fcnderten die Wikinger St\u00e4dte, D\u00f6rfer und Kl\u00f6ster und versetzten fast \u00fcber drei Jahrhunderte lang das mittelalterliche Europa in Angst und Schrecken. Viele andere Dinge aus dem friedlicheren Leben dieser Nordm\u00e4nner sind jedoch vielen nicht so gut bekannt:\r\nWie lebten die Wikinger in ihrer Heimat im hohen Norden Europas? Welche Rituale hatten sie und an welche G\u00f6tter glaubten sie? Und wie gelang es ihnen, mit ihren Schiffen bis in den Orient, nach Island, Gr\u00f6nland ja, sogar bis nach Amerika zu segeln?\r\nTaucht ein in das Leben der Wikinger: Eine Welt voller mutiger Krieger, einfacher Bauern, geschickter Handwerker, t\u00fcchtiger H\u00e4ndler und wagemutiger Entdecker wartet auf euch!<\/span><\/td><\/tr><tr><td colspan='2'><a href='#' onclick='history.back(); return false'>Zur\u00fcck<\/a><\/td><\/tr><\/tbody><\/table>\n","protected":false},"excerpt":{"rendered":"<p>&#8211;<\/p>\n","protected":false},"author":1,"featured_media":0,"parent":0,"menu_order":0,"comment_status":"closed","ping_status":"closed","template":"","meta":[],"_links":{"self":[{"href":"https:\/\/www.web-rr.de\/GHS-Buecherei\/index.php\/wp-json\/wp\/v2\/pages\/16275"}],"collection":[{"href":"https:\/\/www.web-rr.de\/GHS-Buecherei\/index.php\/wp-json\/wp\/v2\/pages"}],"about":[{"href":"https:\/\/www.web-rr.de\/GHS-Buecherei\/index.php\/wp-json\/wp\/v2\/types\/page"}],"author":[{"embeddable":true,"href":"https:\/\/www.web-rr.de\/GHS-Buecherei\/index.php\/wp-json\/wp\/v2\/users\/1"}],"replies":[{"embeddable":true,"href":"https:\/\/www.web-rr.de\/GHS-Buecherei\/index.php\/wp-json\/wp\/v2\/comments?post=16275"}],"version-history":[{"count":0,"href":"https:\/\/www.web-rr.de\/GHS-Buecherei\/index.php\/wp-json\/wp\/v2\/pages\/16275\/revisions"}],"wp:attachment":[{"href":"https:\/\/www.web-rr.de\/GHS-Buecherei\/index.php\/wp-json\/wp\/v2\/media?parent=16275"}],"curies":[{"name":"wp","href":"https:\/\/api.w.org\/{rel}","templated":true}]}}