{"id":16273,"date":"2021-05-21T10:00:00","date_gmt":"2021-05-21T10:00:00","guid":{"rendered":"https:\/\/www.web-rr.de\/GHS-Buecherei\/?page_id=16273"},"modified":"2021-05-21T23:00:00","modified_gmt":"2021-05-21T23:00:00","slug":"p9783791374697","status":"publish","type":"page","link":"https:\/\/www.web-rr.de\/GHS-Buecherei\/index.php\/p9783791374697\/","title":{"rendered":"Fr\u00fcher + Heute 74"},"content":{"rendered":"<table><tbody><tr><td class='rDTitel' colspan='2'>Im Dschungel wird gew\u00e4hlt: So funktioniert Demokratie<\/td><\/tr><tr><td><span class='rDLabel1'>Status: <\/span><span class='rDText1Gruen'>vorhanden<\/span><\/td><td><span class='rDLabel1'>Antolin: <\/span><span class='rDText1Gruen'>ja, Empfehlung Klasse 4<\/span><\/td><\/tr><tr><td width=50%><img src='https:\/\/www.web-rr.de\/GHS-Buecherei\/wp-content\/uploads\/9783791374697.jpg' alt=''><\/td><td><p class='rDLabel2'>von <span class='rDText2'>Larissa Ribeiro<\/span><\/p><p class='rDLabel2'>Verlag: <span class='rDText2'>Prestel Verlag,  2020,  16.00 \u20ac<\/span><\/p><p class='rDLabel2'>B\u00fccherei-Barcode: <span class='rDText2'>9783791374697<\/span><\/p><p class='rDLabel2'>In der B\u00fccherei erfasst am: <span class='rDText2'>12.12.2023<\/span><\/p><p class='rDLabel2'>Stichw\u00f6rter: <span class='rDText2'>Dschungel, Regeln, Protest, Wahlen, Politik, Demokratie, Wahlsystem<\/span><\/p><p class='rDLabel2'>Lesealter ca. <span class='rDText2'>8<\/span><span class='rDLabel2'> Jahre<\/span><\/p><p class='rDLabel2'>Das Buch wurde <span class='rDText2'>0<\/span><span class='rDLabel2'> mal gelesen.<\/span><\/p><\/td><\/tr><tr><td colspan='2'><p class='rDLabel1'>Inhalt:<\/p><span class='rDText2'>Der L\u00f6we mag zwar der K\u00f6nig des Dschungels sein, momentan denkt er aber nur an sich selbst. Seine Untertanen haben die Schnauze voll und fordern in lautem Protest eine Wahl der Tiere. Schnell werden demokratische Regeln aufgestellt, Kommitees gebildet und Wahlkampagnen vorbereitet. Zur Wahl der Tiere treten an: der traditionelle L\u00f6we, der nicht immer ehrliche Affe, die bodenst\u00e4ndige Schlange und das soziale Faultier. Sie alle buhlen im Wahlkampf um die Gunst der tierischen W\u00e4hler: Sie verteilen Flyer, machen Selfies mit W\u00e4hlern, treten im Fernsehen auf, debattieren \u2013 \u00fcber Wichtiges und manchmal eher Unwichtiges \u2013 und reden sehr, sehr viel. Es wird eine tierische Wahl mit Sticheleien, leeren Versprechen und einem Wahlsieger \u2013 wie im echten Leben! Welcher Kandidat oder welche Kandidatin wird gewinnen?\r\nEine Fabel \u00fcber Politik, Demokratie und unser Wahlsystem, die kollektiv in Workshops mit Kindern f\u00fcr Kinder geschrieben wurde.<\/span><\/td><\/tr><tr><td colspan='2'><a href='#' onclick='history.back(); return false'>Zur\u00fcck<\/a><\/td><\/tr><\/tbody><\/table>\n","protected":false},"excerpt":{"rendered":"<p>&#8211;<\/p>\n","protected":false},"author":1,"featured_media":0,"parent":0,"menu_order":0,"comment_status":"closed","ping_status":"closed","template":"","meta":[],"_links":{"self":[{"href":"https:\/\/www.web-rr.de\/GHS-Buecherei\/index.php\/wp-json\/wp\/v2\/pages\/16273"}],"collection":[{"href":"https:\/\/www.web-rr.de\/GHS-Buecherei\/index.php\/wp-json\/wp\/v2\/pages"}],"about":[{"href":"https:\/\/www.web-rr.de\/GHS-Buecherei\/index.php\/wp-json\/wp\/v2\/types\/page"}],"author":[{"embeddable":true,"href":"https:\/\/www.web-rr.de\/GHS-Buecherei\/index.php\/wp-json\/wp\/v2\/users\/1"}],"replies":[{"embeddable":true,"href":"https:\/\/www.web-rr.de\/GHS-Buecherei\/index.php\/wp-json\/wp\/v2\/comments?post=16273"}],"version-history":[{"count":0,"href":"https:\/\/www.web-rr.de\/GHS-Buecherei\/index.php\/wp-json\/wp\/v2\/pages\/16273\/revisions"}],"wp:attachment":[{"href":"https:\/\/www.web-rr.de\/GHS-Buecherei\/index.php\/wp-json\/wp\/v2\/media?parent=16273"}],"curies":[{"name":"wp","href":"https:\/\/api.w.org\/{rel}","templated":true}]}}