{"id":16269,"date":"2021-05-21T10:00:00","date_gmt":"2021-05-21T10:00:00","guid":{"rendered":"https:\/\/www.web-rr.de\/GHS-Buecherei\/?page_id=16269"},"modified":"2021-05-21T23:00:00","modified_gmt":"2021-05-21T23:00:00","slug":"p9783836960878","status":"publish","type":"page","link":"https:\/\/www.web-rr.de\/GHS-Buecherei\/index.php\/p9783836960878\/","title":{"rendered":"Fr\u00fcher + Heute 70"},"content":{"rendered":"<table><tbody><tr><td class='rDTitel' colspan='2'>Magellan: oder Sternstunden der Seefahrt<\/td><\/tr><tr><td><span class='rDLabel1'>Status: <\/span><span class='rDText1Gruen'>vorhanden<\/span><\/td><td><span class='rDLabel1'>Antolin: <\/span><span class='rDText1Gruen'>ja, Empfehlung Klasse 7<\/span><\/td><\/tr><tr><td width=50%><img src='https:\/\/www.web-rr.de\/GHS-Buecherei\/wp-content\/uploads\/9783836960878.jpg' alt=''><\/td><td><p class='rDLabel2'>von <span class='rDText2'>Volker Mehnert und Tim K\u00f6hler<\/span><\/p><p class='rDLabel2'>Verlag: <span class='rDText2'>Gerstenberg Verlag,  2021,  25.00 \u20ac<\/span><\/p><p class='rDLabel2'>B\u00fccherei-Barcode: <span class='rDText2'>9783836960878<\/span><\/p><p class='rDLabel2'>In der B\u00fccherei erfasst am: <span class='rDText2'>12.12.2023<\/span><\/p><p class='rDLabel2'>Stichw\u00f6rter: <span class='rDText2'>Seefahrt, Spanien, Atlantik, Portugal, Expedition<\/span><\/p><p class='rDLabel2'>Lesealter ca. <span class='rDText2'>12<\/span><span class='rDLabel2'> Jahre<\/span><\/p><p class='rDLabel2'>Das Buch wurde <span class='rDText2'>0<\/span><span class='rDLabel2'> mal gelesen.<\/span><\/p><\/td><\/tr><tr><td colspan='2'><p class='rDLabel1'>Inhalt:<\/p><span class='rDText2'>1519 bricht eine Flotte von f\u00fcnf Schiffen mit 265 Mann Besatzung an der spanischen Atlantikk\u00fcste auf, um eine Westroute zu den legend\u00e4ren Gew\u00fcrzinseln zu finden. Ihr Kapit\u00e4n: der Portugiese Ferdinand Magellan, ein genialer Seemann und zu allem entschlossener Entdecker.Am 6. September 1522 kehrt ein einziges, von W\u00fcrmern zerfressenes Schiff zur\u00fcck. An Bord befinden sich 18 zerlumpte Seeleute, mehr tot als lebendig. Magellan ist nicht darunter. Drei Jahre dauerte die Fahrt, die als Expedition begann und zu einer Reise wurde, die nie zuvor ein Mensch unternommen hatte: eine Reise um die Welt. In diesem Buch wird die Geschichte Magellans, eingebettet in die gro\u00dfen Sternstunden der Seefahrt, packend erz\u00e4hlt.<\/span><\/td><\/tr><tr><td colspan='2'><a href='#' onclick='history.back(); return false'>Zur\u00fcck<\/a><\/td><\/tr><\/tbody><\/table>\n","protected":false},"excerpt":{"rendered":"<p>&#8211;<\/p>\n","protected":false},"author":1,"featured_media":0,"parent":0,"menu_order":0,"comment_status":"closed","ping_status":"closed","template":"","meta":[],"_links":{"self":[{"href":"https:\/\/www.web-rr.de\/GHS-Buecherei\/index.php\/wp-json\/wp\/v2\/pages\/16269"}],"collection":[{"href":"https:\/\/www.web-rr.de\/GHS-Buecherei\/index.php\/wp-json\/wp\/v2\/pages"}],"about":[{"href":"https:\/\/www.web-rr.de\/GHS-Buecherei\/index.php\/wp-json\/wp\/v2\/types\/page"}],"author":[{"embeddable":true,"href":"https:\/\/www.web-rr.de\/GHS-Buecherei\/index.php\/wp-json\/wp\/v2\/users\/1"}],"replies":[{"embeddable":true,"href":"https:\/\/www.web-rr.de\/GHS-Buecherei\/index.php\/wp-json\/wp\/v2\/comments?post=16269"}],"version-history":[{"count":0,"href":"https:\/\/www.web-rr.de\/GHS-Buecherei\/index.php\/wp-json\/wp\/v2\/pages\/16269\/revisions"}],"wp:attachment":[{"href":"https:\/\/www.web-rr.de\/GHS-Buecherei\/index.php\/wp-json\/wp\/v2\/media?parent=16269"}],"curies":[{"name":"wp","href":"https:\/\/api.w.org\/{rel}","templated":true}]}}