{"id":16268,"date":"2021-05-21T10:00:00","date_gmt":"2021-05-21T10:00:00","guid":{"rendered":"https:\/\/www.web-rr.de\/GHS-Buecherei\/?page_id=16268"},"modified":"2021-05-21T23:00:00","modified_gmt":"2021-05-21T23:00:00","slug":"p9788863125061","status":"publish","type":"page","link":"https:\/\/www.web-rr.de\/GHS-Buecherei\/index.php\/p9788863125061\/","title":{"rendered":"Fr\u00fcher + Heute 69"},"content":{"rendered":"<table><tbody><tr><td class='rDTitel' colspan='2'>Umwelt-Helden: Leben f\u00fcr den Planeten<\/td><\/tr><tr><td><span class='rDLabel1'>Status: <\/span><span class='rDText1Gruen'>vorhanden<\/span><\/td><td><span class='rDLabel1'>Antolin: <\/span><span class='rDText1Rot'>Quiz nicht vorhanden.<\/span><\/td><\/tr><tr><td width=50%><img src='https:\/\/www.web-rr.de\/GHS-Buecherei\/wp-content\/uploads\/9788863125061.jpg' alt=''><\/td><td><p class='rDLabel2'>von <span class='rDText2'>Federica Magrin, Isabella Grott<\/span><\/p><p class='rDLabel2'>Verlag: <span class='rDText2'>Edizioni White Star SrL,  2021,  14.95 \u20ac<\/span><\/p><p class='rDLabel2'>B\u00fccherei-Barcode: <span class='rDText2'>9788863125061<\/span><\/p><p class='rDLabel2'>In der B\u00fccherei erfasst am: <span class='rDText2'>12.12.2023<\/span><\/p><p class='rDLabel2'>Stichw\u00f6rter: <span class='rDText2'>Greenpeace, WWF ,\u00d6kologen, Umwelt, Thunberg<\/span><\/p><p class='rDLabel2'>Lesealter ca. <span class='rDText2'>9<\/span><span class='rDLabel2'> Jahre<\/span><\/p><p class='rDLabel2'>Das Buch wurde <span class='rDText2'>0<\/span><span class='rDLabel2'> mal gelesen.<\/span><\/p><\/td><\/tr><tr><td colspan='2'><p class='rDLabel1'>Inhalt:<\/p><span class='rDText2'>Manche Helden tragen einen gelben Regenmantel! Greta ist die letzte in einer Reihe von Umwelt-Helden, die mit Kraft und lauter Stimme die Aufmerksamkeit der Welt auf \u00f6kologische Themen lenken, um Natur und Umwelt zu sch\u00fctzen. Dieses Buch stellt einige der wichtigsten \u201eUmwelt-Helden\u201c vor, die f\u00fcr eine sauberere Welt oder die Sicherheit der Tiere k\u00e4mpften. Vom WWF-Gr\u00fcnder Julian Huxley bis zu Greenpeace, vom \u00d6kologen Mike Fay, Tierfotograf Michael Nichols bis zur Schwedin Greta Thunberg: Lesen Sie ihre Geschichten und was sie erreicht haben! Jeder, der eine Stimme und starke Ideen hat, kann zum Umwelt-Helden werden: Das sind Vorbilder f\u00fcr Kinder.<\/span><\/td><\/tr><tr><td colspan='2'><a href='#' onclick='history.back(); return false'>Zur\u00fcck<\/a><\/td><\/tr><\/tbody><\/table>\n","protected":false},"excerpt":{"rendered":"<p>&#8211;<\/p>\n","protected":false},"author":1,"featured_media":0,"parent":0,"menu_order":0,"comment_status":"closed","ping_status":"closed","template":"","meta":[],"_links":{"self":[{"href":"https:\/\/www.web-rr.de\/GHS-Buecherei\/index.php\/wp-json\/wp\/v2\/pages\/16268"}],"collection":[{"href":"https:\/\/www.web-rr.de\/GHS-Buecherei\/index.php\/wp-json\/wp\/v2\/pages"}],"about":[{"href":"https:\/\/www.web-rr.de\/GHS-Buecherei\/index.php\/wp-json\/wp\/v2\/types\/page"}],"author":[{"embeddable":true,"href":"https:\/\/www.web-rr.de\/GHS-Buecherei\/index.php\/wp-json\/wp\/v2\/users\/1"}],"replies":[{"embeddable":true,"href":"https:\/\/www.web-rr.de\/GHS-Buecherei\/index.php\/wp-json\/wp\/v2\/comments?post=16268"}],"version-history":[{"count":0,"href":"https:\/\/www.web-rr.de\/GHS-Buecherei\/index.php\/wp-json\/wp\/v2\/pages\/16268\/revisions"}],"wp:attachment":[{"href":"https:\/\/www.web-rr.de\/GHS-Buecherei\/index.php\/wp-json\/wp\/v2\/media?parent=16268"}],"curies":[{"name":"wp","href":"https:\/\/api.w.org\/{rel}","templated":true}]}}