{"id":16123,"date":"2021-05-21T10:00:00","date_gmt":"2021-05-21T10:00:00","guid":{"rendered":"https:\/\/www.web-rr.de\/GHS-Buecherei\/?page_id=16123"},"modified":"2021-05-21T23:00:00","modified_gmt":"2021-05-21T23:00:00","slug":"p9783401716824","status":"publish","type":"page","link":"https:\/\/www.web-rr.de\/GHS-Buecherei\/index.php\/p9783401716824\/","title":{"rendered":"Spa\u00df 42"},"content":{"rendered":"<table><tbody><tr><td class='rDTitel' colspan='2'>Ich bin (d)ein Buch, hol mich hier raus!<\/td><\/tr><tr><td><span class='rDLabel1'>Status: <\/span><span class='rDText1Rot'>ausgeliehen<\/span><\/td><td><span class='rDLabel1'>Antolin: <\/span><span class='rDText1Gruen'>ja, Empfehlung Klasse 3<\/span><\/td><\/tr><tr><td width=50%><img src='https:\/\/www.web-rr.de\/GHS-Buecherei\/wp-content\/uploads\/9783401716824.jpg' alt=''><\/td><td><p class='rDLabel2'>von <span class='rDText2'>Katja Frixe<\/span><\/p><p class='rDLabel2'>Verlag: <span class='rDText2'>Arena,  2021,  12.00 \u20ac<\/span><\/p><p class='rDLabel2'>B\u00fccherei-Barcode: <span class='rDText2'>9783401716824<\/span><\/p><p class='rDLabel2'>In der B\u00fccherei erfasst am: <span class='rDText2'>23.11.2023<\/span><\/p><p class='rDLabel2'>Stichw\u00f6rter: <span class='rDText2'>Comic, Schule, Spa\u00df, Lustig, Quatsch<\/span><\/p><p class='rDLabel2'>Lesealter ca. <span class='rDText2'>7<\/span><span class='rDLabel2'> Jahre<\/span><\/p><p class='rDLabel2'>Das Buch wurde <span class='rDText2'>2<\/span><span class='rDLabel2'> mal gelesen.<\/span><\/p><\/td><\/tr><tr><td colspan='2'><p class='rDLabel1'>Inhalt:<\/p><span class='rDText2'>in Buch f\u00fcr Kinder von 6 bis 8 Jahren zum Lesen-Lernen, mit gro\u00dfer Schrift und interaktiven Comic-Geschichten, die mit dem Leser \u201emitwachsen\u201c\r\nVorsicht: Dieses Buch macht s\u00fcchtig - Lesen-Lern-S\u00fcchtig!\r\nOh, dieses Buch! Es tut ganz unauff\u00e4llig. Aber aufgepasst: Seitdem es aufgetaucht ist, passieren seltsame Dinge in der Schule. Die Lehrer*innen trauen ihren Augen nicht. Manche glauben sogar, dass es spukt. Also lasst es blo\u00df nicht raus \u2026\r\nBen und die anderen Kinder haben aber pl\u00f6tzlich den lustigsten Unterricht der Welt: Das Buch hilft ihnen heimlich, macht st\u00e4ndig Quatsch und kann fast alles. Zum Beispiel i-Punkte in Lehrernasen schie\u00dfen, in der Pause auf dem Schulhof Fu\u00dfball spielen und sogar die Affenkinder im Zoo austricksen.<\/span><\/td><\/tr><tr><td colspan='2'><a href='#' onclick='history.back(); return false'>Zur\u00fcck<\/a><\/td><\/tr><\/tbody><\/table>\n","protected":false},"excerpt":{"rendered":"<p>&#8211;<\/p>\n","protected":false},"author":1,"featured_media":0,"parent":0,"menu_order":0,"comment_status":"closed","ping_status":"closed","template":"","meta":[],"_links":{"self":[{"href":"https:\/\/www.web-rr.de\/GHS-Buecherei\/index.php\/wp-json\/wp\/v2\/pages\/16123"}],"collection":[{"href":"https:\/\/www.web-rr.de\/GHS-Buecherei\/index.php\/wp-json\/wp\/v2\/pages"}],"about":[{"href":"https:\/\/www.web-rr.de\/GHS-Buecherei\/index.php\/wp-json\/wp\/v2\/types\/page"}],"author":[{"embeddable":true,"href":"https:\/\/www.web-rr.de\/GHS-Buecherei\/index.php\/wp-json\/wp\/v2\/users\/1"}],"replies":[{"embeddable":true,"href":"https:\/\/www.web-rr.de\/GHS-Buecherei\/index.php\/wp-json\/wp\/v2\/comments?post=16123"}],"version-history":[{"count":0,"href":"https:\/\/www.web-rr.de\/GHS-Buecherei\/index.php\/wp-json\/wp\/v2\/pages\/16123\/revisions"}],"wp:attachment":[{"href":"https:\/\/www.web-rr.de\/GHS-Buecherei\/index.php\/wp-json\/wp\/v2\/media?parent=16123"}],"curies":[{"name":"wp","href":"https:\/\/api.w.org\/{rel}","templated":true}]}}