{"id":16121,"date":"2021-05-21T10:00:00","date_gmt":"2021-05-21T10:00:00","guid":{"rendered":"https:\/\/www.web-rr.de\/GHS-Buecherei\/?page_id=16121"},"modified":"2021-05-21T23:00:00","modified_gmt":"2021-05-21T23:00:00","slug":"p9783833907784","status":"publish","type":"page","link":"https:\/\/www.web-rr.de\/GHS-Buecherei\/index.php\/p9783833907784\/","title":{"rendered":"Abenteuer 105"},"content":{"rendered":"<table><tbody><tr><td class='rDTitel' colspan='2'>Ein Fall f\u00fcr DICH - Die Monster-Maschine<\/td><\/tr><tr><td><span class='rDLabel1'>Status: <\/span><span class='rDText1Gruen'>vorhanden<\/span><\/td><td><span class='rDLabel1'>Antolin: <\/span><span class='rDText1Gruen'>ja, Empfehlung Klasse 5<\/span><\/td><\/tr><tr><td width=50%><img src='https:\/\/www.web-rr.de\/GHS-Buecherei\/wp-content\/uploads\/9783833907784.jpg' alt=''><\/td><td><p class='rDLabel2'>von <span class='rDText2'>Gareth P. Jones,  Louise Forshaw<\/span><\/p><p class='rDLabel2'>Verlag: <span class='rDText2'>Baumhaus,  2023,  13.00 \u20ac<\/span><\/p><p class='rDLabel2'>B\u00fccherei-Barcode: <span class='rDText2'>9783833907784<\/span><\/p><p class='rDLabel2'>In der B\u00fccherei erfasst am: <span class='rDText2'>23.11.2023<\/span><\/p><p class='rDLabel2'>Stichw\u00f6rter: <span class='rDText2'>Gespenster, Abenteuer, Monster, Detektiv, Hexen, Werwolf, Verbrechen<\/span><\/p><p class='rDLabel2'>Lesealter ca. <span class='rDText2'>8<\/span><span class='rDLabel2'> Jahre<\/span><\/p><p class='rDLabel2'>Das Buch wurde <span class='rDText2'>1<\/span><span class='rDLabel2'> mal gelesen.<\/span><\/p><\/td><\/tr><tr><td colspan='2'><p class='rDLabel1'>Inhalt:<\/p><span class='rDText2'>Ein cooles interaktives Abenteuer f\u00fcr Kinder ab 8 Jahren - mit vielen witzigen Illustrationen.\r\nWillkommen in Hausen, der Stadt, in der nicht alles mit rechten Dingen zugeht! Denn mit Geistern, Werw\u00f6lfen und Zombies T\u00fcr an T\u00fcr ist der \u00c4rger vorprogrammiert. Und wenn ein teuflisches Verbrechen begangen wird, bist DU der Detektiv, der den Fall \u00fcbernimmt. Ja, genau: DU!\r\nDr. Frankenscheins wertvolle Monster-Maschine ist verschwunden, und es gibt viele Verd\u00e4chtige! Verfolgst du Bramwell Stoker, den blutr\u00fcnstigen Vampir, oder Knarz und Kuki Schlonz, die durchgeknallten Koboldzwillinge? Nimmst du die Spur zu der hinterlistigen Hexe auf? Oder kn\u00f6pfst du dir erst mal Dr. Frankenscheins zwielichtigen Sohn vor? Du entscheidest!<\/span><\/td><\/tr><tr><td colspan='2'><a href='#' onclick='history.back(); return false'>Zur\u00fcck<\/a><\/td><\/tr><\/tbody><\/table>\n","protected":false},"excerpt":{"rendered":"<p>&#8211;<\/p>\n","protected":false},"author":1,"featured_media":0,"parent":0,"menu_order":0,"comment_status":"closed","ping_status":"closed","template":"","meta":[],"_links":{"self":[{"href":"https:\/\/www.web-rr.de\/GHS-Buecherei\/index.php\/wp-json\/wp\/v2\/pages\/16121"}],"collection":[{"href":"https:\/\/www.web-rr.de\/GHS-Buecherei\/index.php\/wp-json\/wp\/v2\/pages"}],"about":[{"href":"https:\/\/www.web-rr.de\/GHS-Buecherei\/index.php\/wp-json\/wp\/v2\/types\/page"}],"author":[{"embeddable":true,"href":"https:\/\/www.web-rr.de\/GHS-Buecherei\/index.php\/wp-json\/wp\/v2\/users\/1"}],"replies":[{"embeddable":true,"href":"https:\/\/www.web-rr.de\/GHS-Buecherei\/index.php\/wp-json\/wp\/v2\/comments?post=16121"}],"version-history":[{"count":0,"href":"https:\/\/www.web-rr.de\/GHS-Buecherei\/index.php\/wp-json\/wp\/v2\/pages\/16121\/revisions"}],"wp:attachment":[{"href":"https:\/\/www.web-rr.de\/GHS-Buecherei\/index.php\/wp-json\/wp\/v2\/media?parent=16121"}],"curies":[{"name":"wp","href":"https:\/\/api.w.org\/{rel}","templated":true}]}}