{"id":16106,"date":"2021-05-21T10:00:00","date_gmt":"2021-05-21T10:00:00","guid":{"rendered":"https:\/\/www.web-rr.de\/GHS-Buecherei\/?page_id=16106"},"modified":"2021-05-21T23:00:00","modified_gmt":"2021-05-21T23:00:00","slug":"p9783957862266","status":"publish","type":"page","link":"https:\/\/www.web-rr.de\/GHS-Buecherei\/index.php\/p9783957862266\/","title":{"rendered":"Natur &#8211; Insekten 30"},"content":{"rendered":"<table><tbody><tr><td class='rDTitel' colspan='2'>Mein Wildbienen-Buch: Die abenteuerliche Reise der kleinen Wildbiene Mia<\/td><\/tr><tr><td><span class='rDLabel1'>Status: <\/span><span class='rDText1Gruen'>vorhanden<\/span><\/td><td><span class='rDLabel1'>Antolin: <\/span><span class='rDText1Rot'>Quiz nicht vorhanden.<\/span><\/td><\/tr><tr><td width=50%><img src='https:\/\/www.web-rr.de\/GHS-Buecherei\/wp-content\/uploads\/9783957862266.jpg' alt=''><\/td><td><p class='rDLabel2'>von <span class='rDText2'>Anke Simon und Claudia Botz<\/span><\/p><p class='rDLabel2'>Verlag: <span class='rDText2'>Wi\u00dfner-Verlag,  2020,  12.00 \u20ac<\/span><\/p><p class='rDLabel2'>B\u00fccherei-Barcode: <span class='rDText2'>9783957862266<\/span><\/p><p class='rDLabel2'>In der B\u00fccherei erfasst am: <span class='rDText2'>11.12.2022<\/span><\/p><p class='rDLabel2'>Stichw\u00f6rter: <span class='rDText2'>Biene, Honig, Nahrung, Stadt, Gefahren<\/span><\/p><p class='rDLabel2'>Lesealter ca. <span class='rDText2'>8<\/span><span class='rDLabel2'> Jahre<\/span><\/p><p class='rDLabel2'>Das Buch wurde <span class='rDText2'>0<\/span><span class='rDLabel2'> mal gelesen.<\/span><\/p><\/td><\/tr><tr><td colspan='2'><p class='rDLabel1'>Inhalt:<\/p><span class='rDText2'>Die abenteuerliche Reise der Wildbiene Mia\r\nDie kleine Wildbiene Mia besucht ihre Cousine Melli in der gro\u00dfen Stadt. Sie erlebt, wie Honigbienen dort Nahrung finden. Gleichzeitig erkennt Mia aber auch, welche Gefahren in der Stadt lauern. Vom Heimweh geplagt, macht sie sich zusammen mit Melli auf den R\u00fcckweg. Auf dem Land zeigt sie Melli, wie vielf\u00e4ltig Wildbienen leben. Aber auch hier herrscht keine heile Welt \u2026\r\nIm Anschluss an die Geschichte vermittelt die Autorin und erfahrene P\u00e4dagoginin einem \u201eErlebsnis-Workshop\u201c Details \u00fcber die Lebensweise der Wildbienen. Diese lockert sie durch Spiel- und Bastelideen. Wie man den Wildbienen auch schon mit kleinen Dingen helfen kann, zeigt sie mit einfachen Bauanleitungen f\u00fcr Nisthilfen. Das bunte W\u00fcrfelspiel l\u00e4sst die ganze Familie am Leben der Wildbienen teilhaben.<\/span><\/td><\/tr><tr><td colspan='2'><a href='#' onclick='history.back(); return false'>Zur\u00fcck<\/a><\/td><\/tr><\/tbody><\/table>\n","protected":false},"excerpt":{"rendered":"<p>&#8211;<\/p>\n","protected":false},"author":1,"featured_media":0,"parent":0,"menu_order":0,"comment_status":"closed","ping_status":"closed","template":"","meta":[],"_links":{"self":[{"href":"https:\/\/www.web-rr.de\/GHS-Buecherei\/index.php\/wp-json\/wp\/v2\/pages\/16106"}],"collection":[{"href":"https:\/\/www.web-rr.de\/GHS-Buecherei\/index.php\/wp-json\/wp\/v2\/pages"}],"about":[{"href":"https:\/\/www.web-rr.de\/GHS-Buecherei\/index.php\/wp-json\/wp\/v2\/types\/page"}],"author":[{"embeddable":true,"href":"https:\/\/www.web-rr.de\/GHS-Buecherei\/index.php\/wp-json\/wp\/v2\/users\/1"}],"replies":[{"embeddable":true,"href":"https:\/\/www.web-rr.de\/GHS-Buecherei\/index.php\/wp-json\/wp\/v2\/comments?post=16106"}],"version-history":[{"count":0,"href":"https:\/\/www.web-rr.de\/GHS-Buecherei\/index.php\/wp-json\/wp\/v2\/pages\/16106\/revisions"}],"wp:attachment":[{"href":"https:\/\/www.web-rr.de\/GHS-Buecherei\/index.php\/wp-json\/wp\/v2\/media?parent=16106"}],"curies":[{"name":"wp","href":"https:\/\/api.w.org\/{rel}","templated":true}]}}