{"id":16104,"date":"2021-05-21T10:00:00","date_gmt":"2021-05-21T10:00:00","guid":{"rendered":"https:\/\/www.web-rr.de\/GHS-Buecherei\/?page_id=16104"},"modified":"2021-05-21T23:00:00","modified_gmt":"2021-05-21T23:00:00","slug":"p9783964550781","status":"publish","type":"page","link":"https:\/\/www.web-rr.de\/GHS-Buecherei\/index.php\/p9783964550781\/","title":{"rendered":"Natur &#8211; Insekten 28"},"content":{"rendered":"<table><tbody><tr><td class='rDTitel' colspan='2'>Expedition Natur: Insekten, Spinnen & Co.<\/td><\/tr><tr><td><span class='rDLabel1'>Status: <\/span><span class='rDText1Gruen'>vorhanden<\/span><\/td><td><span class='rDLabel1'>Antolin: <\/span><span class='rDText1Rot'>Quiz nicht vorhanden.<\/span><\/td><\/tr><tr><td width=50%><img src='https:\/\/www.web-rr.de\/GHS-Buecherei\/wp-content\/uploads\/9783964550781.jpg' alt=''><\/td><td><p class='rDLabel2'>von <span class='rDText2'>K\u00fcpper und Anke<\/span><\/p><p class='rDLabel2'>Verlag: <span class='rDText2'>moses Verlag,  2020,  7.95 \u20ac<\/span><\/p><p class='rDLabel2'>B\u00fccherei-Barcode: <span class='rDText2'>9783964550781<\/span><\/p><p class='rDLabel2'>In der B\u00fccherei erfasst am: <span class='rDText2'>11.12.2022<\/span><\/p><p class='rDLabel2'>Stichw\u00f6rter: <span class='rDText2'>Insekten, Spinnen, Tausendf\u00fc\u00dfer, Asseln, Natur, Gliederf\u00fc\u00dfer, K\u00f6rperbau, Sinnesorganen, Nahrung, Beutefang, Fortpflanzung<\/span><\/p><p class='rDLabel2'>Lesealter ca. <span class='rDText2'>8<\/span><span class='rDLabel2'> Jahre<\/span><\/p><p class='rDLabel2'>Das Buch wurde <span class='rDText2'>0<\/span><span class='rDLabel2'> mal gelesen.<\/span><\/p><\/td><\/tr><tr><td colspan='2'><p class='rDLabel1'>Inhalt:<\/p><span class='rDText2'>Insekten, Spinnen, Tausendf\u00fc\u00dfer und Asseln findet man fast \u00fcberall in der Natur, doch sie sind so klein, dass man sie nicht immer genau erkennen kann. Doch mithilfe des Naturf\u00fchrers Insekten, Spinnen & Co. und der passenden Ausr\u00fcstung, werden Klein und Gro\u00df schon bald die au\u00dfergew\u00f6hnlichen Eigenschaften und Angewohnheiten der kleinen Krabbler entdecken.\r\nDer Naturf\u00fchrer wird die kleinen Forscher, auf ihre Entdeckungstour, in die Natur begleiten und vermittelt viele fesselnde Fakten aus dem Reich der Gliederf\u00fc\u00dfer. Dabei werden alle Besonderheiten bei K\u00f6rperbau, Sinnesorganen, Nahrung, Beutefang, Fortpflanzung und Entwicklung erkl\u00e4rt und wertvolle Tipps zum Beobachten, Anlocken und Erkunden der Krabbeltiere gegeben.\r\nWie und warum leuchten Gl\u00fchw\u00fcrmchen? Wie bauen Spinnen ihr Netz? Und warum \u00fcberschreiten Insekten nie eine bestimmte Gr\u00f6\u00dfe? Auf diese und viele weitere fesselnde Fragen gibt diese liebevoll gestaltete Naturf\u00fchrer eine Antwort, denn \u00fcberall krabbelt es und diese winzig kleinen Tiere k\u00f6nnen gewaltig spannend sein.<\/span><\/td><\/tr><tr><td colspan='2'><a href='#' onclick='history.back(); return false'>Zur\u00fcck<\/a><\/td><\/tr><\/tbody><\/table>\n","protected":false},"excerpt":{"rendered":"<p>&#8211;<\/p>\n","protected":false},"author":1,"featured_media":0,"parent":0,"menu_order":0,"comment_status":"closed","ping_status":"closed","template":"","meta":[],"_links":{"self":[{"href":"https:\/\/www.web-rr.de\/GHS-Buecherei\/index.php\/wp-json\/wp\/v2\/pages\/16104"}],"collection":[{"href":"https:\/\/www.web-rr.de\/GHS-Buecherei\/index.php\/wp-json\/wp\/v2\/pages"}],"about":[{"href":"https:\/\/www.web-rr.de\/GHS-Buecherei\/index.php\/wp-json\/wp\/v2\/types\/page"}],"author":[{"embeddable":true,"href":"https:\/\/www.web-rr.de\/GHS-Buecherei\/index.php\/wp-json\/wp\/v2\/users\/1"}],"replies":[{"embeddable":true,"href":"https:\/\/www.web-rr.de\/GHS-Buecherei\/index.php\/wp-json\/wp\/v2\/comments?post=16104"}],"version-history":[{"count":0,"href":"https:\/\/www.web-rr.de\/GHS-Buecherei\/index.php\/wp-json\/wp\/v2\/pages\/16104\/revisions"}],"wp:attachment":[{"href":"https:\/\/www.web-rr.de\/GHS-Buecherei\/index.php\/wp-json\/wp\/v2\/media?parent=16104"}],"curies":[{"name":"wp","href":"https:\/\/api.w.org\/{rel}","templated":true}]}}