{"id":16101,"date":"2021-05-21T10:00:00","date_gmt":"2021-05-21T10:00:00","guid":{"rendered":"https:\/\/www.web-rr.de\/GHS-Buecherei\/?page_id=16101"},"modified":"2021-05-21T23:00:00","modified_gmt":"2021-05-21T23:00:00","slug":"p9783964550453","status":"publish","type":"page","link":"https:\/\/www.web-rr.de\/GHS-Buecherei\/index.php\/p9783964550453\/","title":{"rendered":"Natur &#8211; V\u00f6gel 14"},"content":{"rendered":"<table><tbody><tr><td class='rDTitel' colspan='2'>Expedition Natur: WILD! Der Steinkauz<\/td><\/tr><tr><td><span class='rDLabel1'>Status: <\/span><span class='rDText1Gruen'>vorhanden<\/span><\/td><td><span class='rDLabel1'>Antolin: <\/span><span class='rDText1Gruen'>ja, Empfehlung Klasse 4<\/span><\/td><\/tr><tr><td width=50%><img src='https:\/\/www.web-rr.de\/GHS-Buecherei\/wp-content\/uploads\/9783964550453.jpg' alt=''><\/td><td><p class='rDLabel2'>von <span class='rDText2'>Annett St\u00fctze und Britta Vorbach<\/span><\/p><p class='rDLabel2'>Verlag: <span class='rDText2'>Moses Verlag,  2020,  14.95 \u20ac<\/span><\/p><p class='rDLabel2'>B\u00fccherei-Barcode: <span class='rDText2'>9783964550453<\/span><\/p><p class='rDLabel2'>In der B\u00fccherei erfasst am: <span class='rDText2'>11.12.2022<\/span><\/p><p class='rDLabel2'>Stichw\u00f6rter: <span class='rDText2'>Tiere, Wald, Steinkauz, Vogelarten, Eule<\/span><\/p><p class='rDLabel2'>Lesealter ca. <span class='rDText2'>9<\/span><span class='rDLabel2'> Jahre<\/span><\/p><p class='rDLabel2'>Das Buch wurde <span class='rDText2'>1<\/span><span class='rDLabel2'> mal gelesen.<\/span><\/p><\/td><\/tr><tr><td colspan='2'><p class='rDLabel1'>Inhalt:<\/p><span class='rDText2'>Eine atemberaubende Reise durch W\u00e4lder und die Lebensr\u00e4ume der Tiere, die bedroht sind. Die Erz\u00e4hlung nimmt Kinder ab 8 Jahren mit in die Welt des Steinkauzes. Stimmungsvoll werden Episoden aus dem Leben des Steinkauzes erz\u00e4hlt. Fotorealistische Illustrationen vermitteln pure Emotion! Der zweite Teil des Buches liefert mit zahlreichen Fotografien und pr\u00e4gnanten Texten alles, was man \u00fcber das Tier, seine Lebensweise, seine wichtige Rolle in unserem \u00d6kosystem und seinen Schutz wissen muss.\r\nIm Erz\u00e4hlteil findet der Steinkauz eine Gef\u00e4hrtin. Gemeinsam legen sie Eier und ziehen die kleinen Steink\u00e4uze gro\u00df. Doch das ist nicht immer leicht: St\u00fcrme, Raubtiere und auch der Mensch bedrohen ihren Lebensraum. Doch die K\u00fcken werden bald fl\u00fcgge und m\u00fcssen sich auf die Suche nach einem eigenen Gebiet machen. Werden die Steinkauzk\u00fcken jemals die Chance haben, ein eigenes Gebiet zu besiedeln?\r\nDer Sachteil zeigt, wie ein Steinkauz lebt und wieso er wie so viele Vogelarten immer weniger Raum zum Leben, Futterangebot und Ruhe um sich zu vermehren, findet. Die Autorinnen stellen die kleine Eule vor und zeigen auf, wie man dem Steinkauz helfen kann, sich wieder langfristig in Deutschland anzusiedeln.<\/span><\/td><\/tr><tr><td colspan='2'><a href='#' onclick='history.back(); return false'>Zur\u00fcck<\/a><\/td><\/tr><\/tbody><\/table>\n","protected":false},"excerpt":{"rendered":"<p>&#8211;<\/p>\n","protected":false},"author":1,"featured_media":0,"parent":0,"menu_order":0,"comment_status":"closed","ping_status":"closed","template":"","meta":[],"_links":{"self":[{"href":"https:\/\/www.web-rr.de\/GHS-Buecherei\/index.php\/wp-json\/wp\/v2\/pages\/16101"}],"collection":[{"href":"https:\/\/www.web-rr.de\/GHS-Buecherei\/index.php\/wp-json\/wp\/v2\/pages"}],"about":[{"href":"https:\/\/www.web-rr.de\/GHS-Buecherei\/index.php\/wp-json\/wp\/v2\/types\/page"}],"author":[{"embeddable":true,"href":"https:\/\/www.web-rr.de\/GHS-Buecherei\/index.php\/wp-json\/wp\/v2\/users\/1"}],"replies":[{"embeddable":true,"href":"https:\/\/www.web-rr.de\/GHS-Buecherei\/index.php\/wp-json\/wp\/v2\/comments?post=16101"}],"version-history":[{"count":0,"href":"https:\/\/www.web-rr.de\/GHS-Buecherei\/index.php\/wp-json\/wp\/v2\/pages\/16101\/revisions"}],"wp:attachment":[{"href":"https:\/\/www.web-rr.de\/GHS-Buecherei\/index.php\/wp-json\/wp\/v2\/media?parent=16101"}],"curies":[{"name":"wp","href":"https:\/\/api.w.org\/{rel}","templated":true}]}}