{"id":16100,"date":"2021-05-21T10:00:00","date_gmt":"2021-05-21T10:00:00","guid":{"rendered":"https:\/\/www.web-rr.de\/GHS-Buecherei\/?page_id=16100"},"modified":"2021-05-21T23:00:00","modified_gmt":"2021-05-21T23:00:00","slug":"p9783942795920","status":"publish","type":"page","link":"https:\/\/www.web-rr.de\/GHS-Buecherei\/index.php\/p9783942795920\/","title":{"rendered":"Natur &#8211; Wald 20"},"content":{"rendered":"<table><tbody><tr><td class='rDTitel' colspan='2'>Die kleine Waldfibel<\/td><\/tr><tr><td><span class='rDLabel1'>Status: <\/span><span class='rDText1Gruen'>vorhanden<\/span><\/td><td><span class='rDLabel1'>Antolin: <\/span><span class='rDText1Rot'>Quiz nicht vorhanden.<\/span><\/td><\/tr><tr><td width=50%><img src='https:\/\/www.web-rr.de\/GHS-Buecherei\/wp-content\/uploads\/9783942795920.jpg' alt=''><\/td><td><p class='rDLabel2'>von <span class='rDText2'>Linda Wolfsgrube<\/span><\/p><p class='rDLabel2'>Verlag: <span class='rDText2'> kunstanstifter GmbH & Co. KG,  2020,  24.00 \u20ac<\/span><\/p><p class='rDLabel2'>B\u00fccherei-Barcode: <span class='rDText2'>9783942795920<\/span><\/p><p class='rDLabel2'>In der B\u00fccherei erfasst am: <span class='rDText2'>09.12.2022<\/span><\/p><p class='rDLabel2'>Stichw\u00f6rter: <span class='rDText2'>Wald, Forschen, Beeren, Fr\u00fcchten, Pflanzen, B\u00e4ume<\/span><\/p><p class='rDLabel2'>Lesealter ca. <span class='rDText2'>8<\/span><span class='rDLabel2'> Jahre<\/span><\/p><p class='rDLabel2'>Das Buch wurde <span class='rDText2'>0<\/span><span class='rDLabel2'> mal gelesen.<\/span><\/p><\/td><\/tr><tr><td colspan='2'><p class='rDLabel1'>Inhalt:<\/p><span class='rDText2'>Immer wieder zieht es die Menschen in den Wald \u2013 ob zum Forschen, Sammeln von Beeren und Fr\u00fcchten, Spielen und Klettern oder um einen Ort der Ruhe, Erholung und Inspiration zu finden. Dieser Vielseitigkeit des Waldes widmet sich Linda Wolfsgruber in ihrer kleinen Waldfibel. Anschaulich beschreibt sie, wie sich der Wald in den Jahreszeiten wandelt und was es im Wald alles zu beobachten gibt. Zus\u00e4tzlich zeigen Rezepte, welche Leckereien sich mit Fr\u00fcchten und Pflanzen aus dem Wald zubereiten lassen. Dazwischen laden Gedichte verschiedener SchriftstellerInnen zum Tr\u00e4umen und Nachdenken ein. Das Herzst\u00fcck der Waldfibel bilden Steckbriefe zu den h\u00e4ufigsten heimischen Baumarten. Bedruckte Transparentbl\u00e4tter erm\u00f6glichen es, sowohl den jungen, im Winter kahl gewordenen Baum als auch den ausgewachsenen Baum im Sommerkleid zu betrachten. Die stimmungsvollen Illustrationen von Linda Wolfsgruber machen dieses Buch zu einer besonderen Liebeserkl\u00e4rung an den Wald und wecken bei kleinen und gro\u00dfen LeserInnen die Lust darauf, den Wald neu kennenzulernen.<\/span><\/td><\/tr><tr><td colspan='2'><a href='#' onclick='history.back(); return false'>Zur\u00fcck<\/a><\/td><\/tr><\/tbody><\/table>\n","protected":false},"excerpt":{"rendered":"<p>&#8211;<\/p>\n","protected":false},"author":1,"featured_media":0,"parent":0,"menu_order":0,"comment_status":"closed","ping_status":"closed","template":"","meta":[],"_links":{"self":[{"href":"https:\/\/www.web-rr.de\/GHS-Buecherei\/index.php\/wp-json\/wp\/v2\/pages\/16100"}],"collection":[{"href":"https:\/\/www.web-rr.de\/GHS-Buecherei\/index.php\/wp-json\/wp\/v2\/pages"}],"about":[{"href":"https:\/\/www.web-rr.de\/GHS-Buecherei\/index.php\/wp-json\/wp\/v2\/types\/page"}],"author":[{"embeddable":true,"href":"https:\/\/www.web-rr.de\/GHS-Buecherei\/index.php\/wp-json\/wp\/v2\/users\/1"}],"replies":[{"embeddable":true,"href":"https:\/\/www.web-rr.de\/GHS-Buecherei\/index.php\/wp-json\/wp\/v2\/comments?post=16100"}],"version-history":[{"count":0,"href":"https:\/\/www.web-rr.de\/GHS-Buecherei\/index.php\/wp-json\/wp\/v2\/pages\/16100\/revisions"}],"wp:attachment":[{"href":"https:\/\/www.web-rr.de\/GHS-Buecherei\/index.php\/wp-json\/wp\/v2\/media?parent=16100"}],"curies":[{"name":"wp","href":"https:\/\/api.w.org\/{rel}","templated":true}]}}