{"id":16099,"date":"2021-05-21T10:00:00","date_gmt":"2021-05-21T10:00:00","guid":{"rendered":"https:\/\/www.web-rr.de\/GHS-Buecherei\/?page_id=16099"},"modified":"2021-05-21T23:00:00","modified_gmt":"2021-05-21T23:00:00","slug":"p9783968080024","status":"publish","type":"page","link":"https:\/\/www.web-rr.de\/GHS-Buecherei\/index.php\/p9783968080024\/","title":{"rendered":"Natur &#8211; Wald 19"},"content":{"rendered":"<table><tbody><tr><td class='rDTitel' colspan='2'>Flora & Leo, Die Geheimnisse des Waldes<\/td><\/tr><tr><td><span class='rDLabel1'>Status: <\/span><span class='rDText1Gruen'>vorhanden<\/span><\/td><td><span class='rDLabel1'>Antolin: <\/span><span class='rDText1Rot'>Quiz nicht vorhanden.<\/span><\/td><\/tr><tr><td width=50%><img src='https:\/\/www.web-rr.de\/GHS-Buecherei\/wp-content\/uploads\/9783968080024.jpg' alt=''><\/td><td><p class='rDLabel2'>von <span class='rDText2'>Emanuela Bus\u00e0 und Alberto Stefani<\/span><\/p><p class='rDLabel2'>Verlag: <span class='rDText2'>Sophie Verlag GmbH,  2020,  13.00 \u20ac<\/span><\/p><p class='rDLabel2'>B\u00fccherei-Barcode: <span class='rDText2'>9783968080024<\/span><\/p><p class='rDLabel2'>In der B\u00fccherei erfasst am: <span class='rDText2'>09.12.2022<\/span><\/p><p class='rDLabel2'>Stichw\u00f6rter: <span class='rDText2'>Zelt, Wald, Erkursion, B\u00e4ume, Tiere, Bl\u00e4tter, Flora, Pflanzen, Abenteuer<\/span><\/p><p class='rDLabel2'>Lesealter ca. <span class='rDText2'>7<\/span><span class='rDLabel2'> Jahre<\/span><\/p><p class='rDLabel2'>Das Buch wurde <span class='rDText2'>1<\/span><span class='rDLabel2'> mal gelesen.<\/span><\/p><\/td><\/tr><tr><td colspan='2'><p class='rDLabel1'>Inhalt:<\/p><span class='rDText2'>Gro\u00dfe Aufregung beim Geschwisterpaar Flora und Leo. Am n\u00e4chsten Tag beginnt die lange erwartete Erkursion mit der Jugendgruppe: Es geht zum Zelten in den Wald. Taschenlampe, Trinkflasche, Wanderschuhe \u2013 alles muss in den Rucksack! Am ausgew\u00e4hlten Zeltplatz im Wald werden erstmal die gro\u00dfen Gruppenzelte aufgestellt. Ganz sch\u00f6n viel Arbeit. Flora, Leo und ihre Freunde erfahren hier auch gleich, worauf man beim Zeltaufbau achten muss. Und dann verteilen die beiden Gruppenleiter die Aufgaben: Es gilt, B\u00e4ume zu bestimmen, Tiere zu beobachten und eine kleine Sammlung von Bl\u00e4ttern und Pflanzen anzulegen. Der kurzweilige Text und die wunderbaren charakteristischen Illustrationen machen dieses Buch auch f\u00fcr Leserinnen und Leser zu einem ebenso lehrreichen wie unterhaltsamen Abenteuer.<\/span><\/td><\/tr><tr><td colspan='2'><a href='#' onclick='history.back(); return false'>Zur\u00fcck<\/a><\/td><\/tr><\/tbody><\/table>\n","protected":false},"excerpt":{"rendered":"<p>&#8211;<\/p>\n","protected":false},"author":1,"featured_media":0,"parent":0,"menu_order":0,"comment_status":"closed","ping_status":"closed","template":"","meta":[],"_links":{"self":[{"href":"https:\/\/www.web-rr.de\/GHS-Buecherei\/index.php\/wp-json\/wp\/v2\/pages\/16099"}],"collection":[{"href":"https:\/\/www.web-rr.de\/GHS-Buecherei\/index.php\/wp-json\/wp\/v2\/pages"}],"about":[{"href":"https:\/\/www.web-rr.de\/GHS-Buecherei\/index.php\/wp-json\/wp\/v2\/types\/page"}],"author":[{"embeddable":true,"href":"https:\/\/www.web-rr.de\/GHS-Buecherei\/index.php\/wp-json\/wp\/v2\/users\/1"}],"replies":[{"embeddable":true,"href":"https:\/\/www.web-rr.de\/GHS-Buecherei\/index.php\/wp-json\/wp\/v2\/comments?post=16099"}],"version-history":[{"count":0,"href":"https:\/\/www.web-rr.de\/GHS-Buecherei\/index.php\/wp-json\/wp\/v2\/pages\/16099\/revisions"}],"wp:attachment":[{"href":"https:\/\/www.web-rr.de\/GHS-Buecherei\/index.php\/wp-json\/wp\/v2\/media?parent=16099"}],"curies":[{"name":"wp","href":"https:\/\/api.w.org\/{rel}","templated":true}]}}