{"id":16096,"date":"2021-05-21T10:00:00","date_gmt":"2021-05-21T10:00:00","guid":{"rendered":"https:\/\/www.web-rr.de\/GHS-Buecherei\/?page_id=16096"},"modified":"2021-05-21T23:00:00","modified_gmt":"2021-05-21T23:00:00","slug":"p9783982259543","status":"publish","type":"page","link":"https:\/\/www.web-rr.de\/GHS-Buecherei\/index.php\/p9783982259543\/","title":{"rendered":"L\u00e4nder &#8211; Europa 18"},"content":{"rendered":"<table><tbody><tr><td class='rDTitel' colspan='2'>Die Weltenbummler Kids (Band1)<\/td><\/tr><tr><td><span class='rDLabel1'>Status: <\/span><span class='rDText1Gruen'>vorhanden<\/span><\/td><td><span class='rDLabel1'>Antolin: <\/span><span class='rDText1Gruen'>ja, Empfehlung Klasse 3<\/span><\/td><\/tr><tr><td width=50%><img src='https:\/\/www.web-rr.de\/GHS-Buecherei\/wp-content\/uploads\/9783982259543.jpg' alt=''><\/td><td><p class='rDLabel2'>von <span class='rDText2'>Benjamin Wallenborn<\/span><\/p><p class='rDLabel2'>Verlag: <span class='rDText2'>Weltenbummler Kids & Company Verlag,  2020,  15.00 \u20ac<\/span><\/p><p class='rDLabel2'>B\u00fccherei-Barcode: <span class='rDText2'>9783982259543<\/span><\/p><p class='rDLabel2'>In der B\u00fccherei erfasst am: <span class='rDText2'>09.12.2022<\/span><\/p><p class='rDLabel2'>Stichw\u00f6rter: <span class='rDText2'>Reisen, Wohnmobil, Weltenbummler, Deutschland<\/span><\/p><p class='rDLabel2'>Lesealter ca. <span class='rDText2'>8<\/span><span class='rDLabel2'> Jahre<\/span><\/p><p class='rDLabel2'>Das Buch wurde <span class='rDText2'>1<\/span><span class='rDLabel2'> mal gelesen.<\/span><\/p><\/td><\/tr><tr><td colspan='2'><p class='rDLabel1'>Inhalt:<\/p><span class='rDText2'>HOL DIE WELT INS KINDERZIMMER. Band 1 der Buchreihe \"Die Weltenbummler Kids\" ist ein Buch \u00fcber das Reisen und was es bedeutet, ein Weltenbummler zu sein. Die besten Freunde Line und Benni treffen in der verbotenen Scheune auf ein uraltes Wohnmobil mit dem Namen B-OB. B-OB hat einige Tricks auf Lager. Ein gew\u00f6hnliches Wohnmobil ist er sicher nicht. Die drei Weltenbummler starten auf eine abenteuerliche Reise, die in den Norden, Osten, S\u00fcden und Westen von Deutschland f\u00fchrt. In weiteren B\u00fcchern entdecken die drei Weltenbummler nach und nach die ganze Welt und so entsteht die BUCHREIHE \u201eDie Weltenbummler Kids\u201c \u2013 MIT EINEM BUCH F\u00dcR JEDES LAND. Die B\u00fccher werden von einer Reisefamilie geschrieben, die die Vision hat, die Welt in alle Kinderzimmer zu bringen. Dabei ist ihnen Nachhaltigkeit wichtig und somit drucken sie WALD- und KLIMANEUTRAL. Erfahre mehr auf www.weltenbummler-kids.de.<\/span><\/td><\/tr><tr><td colspan='2'><a href='#' onclick='history.back(); return false'>Zur\u00fcck<\/a><\/td><\/tr><\/tbody><\/table>\n","protected":false},"excerpt":{"rendered":"<p>&#8211;<\/p>\n","protected":false},"author":1,"featured_media":0,"parent":0,"menu_order":0,"comment_status":"closed","ping_status":"closed","template":"","meta":[],"_links":{"self":[{"href":"https:\/\/www.web-rr.de\/GHS-Buecherei\/index.php\/wp-json\/wp\/v2\/pages\/16096"}],"collection":[{"href":"https:\/\/www.web-rr.de\/GHS-Buecherei\/index.php\/wp-json\/wp\/v2\/pages"}],"about":[{"href":"https:\/\/www.web-rr.de\/GHS-Buecherei\/index.php\/wp-json\/wp\/v2\/types\/page"}],"author":[{"embeddable":true,"href":"https:\/\/www.web-rr.de\/GHS-Buecherei\/index.php\/wp-json\/wp\/v2\/users\/1"}],"replies":[{"embeddable":true,"href":"https:\/\/www.web-rr.de\/GHS-Buecherei\/index.php\/wp-json\/wp\/v2\/comments?post=16096"}],"version-history":[{"count":0,"href":"https:\/\/www.web-rr.de\/GHS-Buecherei\/index.php\/wp-json\/wp\/v2\/pages\/16096\/revisions"}],"wp:attachment":[{"href":"https:\/\/www.web-rr.de\/GHS-Buecherei\/index.php\/wp-json\/wp\/v2\/media?parent=16096"}],"curies":[{"name":"wp","href":"https:\/\/api.w.org\/{rel}","templated":true}]}}