{"id":16095,"date":"2021-05-21T10:00:00","date_gmt":"2021-05-21T10:00:00","guid":{"rendered":"https:\/\/www.web-rr.de\/GHS-Buecherei\/?page_id=16095"},"modified":"2021-05-21T23:00:00","modified_gmt":"2021-05-21T23:00:00","slug":"p9783861088844","status":"publish","type":"page","link":"https:\/\/www.web-rr.de\/GHS-Buecherei\/index.php\/p9783861088844\/","title":{"rendered":"L\u00e4nder &#8211; Europa 17"},"content":{"rendered":"<table><tbody><tr><td class='rDTitel' colspan='2'>Hamburg entdecken und erleben<\/td><\/tr><tr><td><span class='rDLabel1'>Status: <\/span><span class='rDText1Gruen'>vorhanden<\/span><\/td><td><span class='rDLabel1'>Antolin: <\/span><span class='rDText1Gruen'>ja, Empfehlung Klasse 3<\/span><\/td><\/tr><tr><td width=50%><img src='https:\/\/www.web-rr.de\/GHS-Buecherei\/wp-content\/uploads\/9783861088844.jpg' alt=''><\/td><td><p class='rDLabel2'>von <span class='rDText2'>Claudia Stodte und Peter Fischer<\/span><\/p><p class='rDLabel2'>Verlag: <span class='rDText2'>Edition Temmen,  2016,  14.90 \u20ac<\/span><\/p><p class='rDLabel2'>B\u00fccherei-Barcode: <span class='rDText2'>9783861088844<\/span><\/p><p class='rDLabel2'>In der B\u00fccherei erfasst am: <span class='rDText2'>09.12.2022<\/span><\/p><p class='rDLabel2'>Stichw\u00f6rter: <span class='rDText2'>Hansestadt, Tipps, Informationen, R\u00e4tsel, Ausfl\u00fcge<\/span><\/p><p class='rDLabel2'>Lesealter ca. <span class='rDText2'>8<\/span><span class='rDLabel2'> Jahre<\/span><\/p><p class='rDLabel2'>Das Buch wurde <span class='rDText2'>0<\/span><span class='rDLabel2'> mal gelesen.<\/span><\/p><\/td><\/tr><tr><td colspan='2'><p class='rDLabel1'>Inhalt:<\/p><span class='rDText2'>\u00bbHamburg entdecken und erleben\u00ab ist das erste Lese-Erlebnis-Mitmach-Buch, mit dem Kinder und Jugendliche spannende und abwechslungsreiche Erkundungstouren durch Hamburg unternehmen k\u00f6nnen auf eigene Faust, mit Freunden oder in Begleitung von Erwachsenen. Geschichte und Gegenwart der Freien und Hansestadt werden unterhaltsam erz\u00e4hlt und mit zahlreichen Illustrationen detailreich erl\u00e4utert. Viele R\u00e4tsel, die unterwegs oder zuhause l\u00f6sbar sind, liefern wissenswerte Hintergrundinformationen. Dazu gibt es spannende Spiele. Das Buch gibt wertvolle Tipps zu Ausfl\u00fcgen. Praktische Informationen, \u00d6ffnungszeiten, Telefonnummern und Internetadressen erleichtern die Planung. \u00dcbersichtspl\u00e4ne von Innenstadt und Umgebung sowie zahlreiche Stadtteilpl\u00e4ne weisen den Weg vor Ort.<\/span><\/td><\/tr><tr><td colspan='2'><a href='#' onclick='history.back(); return false'>Zur\u00fcck<\/a><\/td><\/tr><\/tbody><\/table>\n","protected":false},"excerpt":{"rendered":"<p>&#8211;<\/p>\n","protected":false},"author":1,"featured_media":0,"parent":0,"menu_order":0,"comment_status":"closed","ping_status":"closed","template":"","meta":[],"_links":{"self":[{"href":"https:\/\/www.web-rr.de\/GHS-Buecherei\/index.php\/wp-json\/wp\/v2\/pages\/16095"}],"collection":[{"href":"https:\/\/www.web-rr.de\/GHS-Buecherei\/index.php\/wp-json\/wp\/v2\/pages"}],"about":[{"href":"https:\/\/www.web-rr.de\/GHS-Buecherei\/index.php\/wp-json\/wp\/v2\/types\/page"}],"author":[{"embeddable":true,"href":"https:\/\/www.web-rr.de\/GHS-Buecherei\/index.php\/wp-json\/wp\/v2\/users\/1"}],"replies":[{"embeddable":true,"href":"https:\/\/www.web-rr.de\/GHS-Buecherei\/index.php\/wp-json\/wp\/v2\/comments?post=16095"}],"version-history":[{"count":0,"href":"https:\/\/www.web-rr.de\/GHS-Buecherei\/index.php\/wp-json\/wp\/v2\/pages\/16095\/revisions"}],"wp:attachment":[{"href":"https:\/\/www.web-rr.de\/GHS-Buecherei\/index.php\/wp-json\/wp\/v2\/media?parent=16095"}],"curies":[{"name":"wp","href":"https:\/\/api.w.org\/{rel}","templated":true}]}}