{"id":16090,"date":"2021-05-21T10:00:00","date_gmt":"2021-05-21T10:00:00","guid":{"rendered":"https:\/\/www.web-rr.de\/GHS-Buecherei\/?page_id=16090"},"modified":"2021-05-21T23:00:00","modified_gmt":"2021-05-21T23:00:00","slug":"p9783866857674","status":"publish","type":"page","link":"https:\/\/www.web-rr.de\/GHS-Buecherei\/index.php\/p9783866857674\/","title":{"rendered":"Fr\u00fcher + Heute 63"},"content":{"rendered":"<table><tbody><tr><td class='rDTitel' colspan='2'>Die Krisentrotzer<\/td><\/tr><tr><td><span class='rDLabel1'>Status: <\/span><span class='rDText1Gruen'>vorhanden<\/span><\/td><td><span class='rDLabel1'>Antolin: <\/span><span class='rDText1Rot'>Quiz nicht vorhanden.<\/span><\/td><\/tr><tr><td width=50%><img src='https:\/\/www.web-rr.de\/GHS-Buecherei\/wp-content\/uploads\/9783866857674.jpg' alt=''><\/td><td><p class='rDLabel2'>von <span class='rDText2'>Barbara Alringhaus<\/span><\/p><p class='rDLabel2'>Verlag: <span class='rDText2'>Geest-Verlag,  2020,  4.00 \u20ac<\/span><\/p><p class='rDLabel2'>B\u00fccherei-Barcode: <span class='rDText2'>9783866857674<\/span><\/p><p class='rDLabel2'>In der B\u00fccherei erfasst am: <span class='rDText2'>09.12.2022<\/span><\/p><p class='rDLabel2'>Stichw\u00f6rter: <span class='rDText2'>Corona-Virus, Schule, Familie, Sicherheit, Verhaltensregeln<\/span><\/p><p class='rDLabel2'>Lesealter ca. <span class='rDText2'>8<\/span><span class='rDLabel2'> Jahre<\/span><\/p><p class='rDLabel2'>Das Buch wurde <span class='rDText2'>0<\/span><span class='rDLabel2'> mal gelesen.<\/span><\/p><\/td><\/tr><tr><td colspan='2'><p class='rDLabel1'>Inhalt:<\/p><span class='rDText2'>Niemand wurde gefragt. Wir alle mussten von heute auf morgen lernen, mit dem Corona-Virus umzugehen. Die Verordnungen, die zur Sicherheit durch staatliche Stellen und Einrichtungen erfolgten, waren ungewohnt und hef\u00adtig. Ab Mitte M\u00e4rz lag das \u00f6ffentliche Leben still. Ein Leben weitestgehend daheim, keine Schule, Verhaltensregeln wie Abstand halten und H\u00e4nde desinfizieren, so gut wie keine Kontakte au\u00dferhalb des famili\u00e4ren Kreises. Nun sind es schon bald drei Monate, in denen wir in diesem Ausnahmezustand leben. Schulleitung und Verlag entschlossen sich schon fr\u00fch nach der Schlie\u00dfung der Schule, den Kindern der Grundschule und auch Eltern und anderen Er\u00adwachse\u00adnen die M\u00f6glichkeit zu geben, \u00fcber das Leben unter Corona zu schreiben. Ein wichtiges Zeugnis gesellschaftlichen Lebens, das in diesen Wochen entstand und sicherlich auch in sp\u00e4teren Zeiten immer wieder gelesen werden wird. So war es damals im Fr\u00fchjahr 2020 unter Corona.<\/span><\/td><\/tr><tr><td colspan='2'><a href='#' onclick='history.back(); return false'>Zur\u00fcck<\/a><\/td><\/tr><\/tbody><\/table>\n","protected":false},"excerpt":{"rendered":"<p>&#8211;<\/p>\n","protected":false},"author":1,"featured_media":0,"parent":0,"menu_order":0,"comment_status":"closed","ping_status":"closed","template":"","meta":[],"_links":{"self":[{"href":"https:\/\/www.web-rr.de\/GHS-Buecherei\/index.php\/wp-json\/wp\/v2\/pages\/16090"}],"collection":[{"href":"https:\/\/www.web-rr.de\/GHS-Buecherei\/index.php\/wp-json\/wp\/v2\/pages"}],"about":[{"href":"https:\/\/www.web-rr.de\/GHS-Buecherei\/index.php\/wp-json\/wp\/v2\/types\/page"}],"author":[{"embeddable":true,"href":"https:\/\/www.web-rr.de\/GHS-Buecherei\/index.php\/wp-json\/wp\/v2\/users\/1"}],"replies":[{"embeddable":true,"href":"https:\/\/www.web-rr.de\/GHS-Buecherei\/index.php\/wp-json\/wp\/v2\/comments?post=16090"}],"version-history":[{"count":0,"href":"https:\/\/www.web-rr.de\/GHS-Buecherei\/index.php\/wp-json\/wp\/v2\/pages\/16090\/revisions"}],"wp:attachment":[{"href":"https:\/\/www.web-rr.de\/GHS-Buecherei\/index.php\/wp-json\/wp\/v2\/media?parent=16090"}],"curies":[{"name":"wp","href":"https:\/\/api.w.org\/{rel}","templated":true}]}}