{"id":16088,"date":"2021-05-21T10:00:00","date_gmt":"2021-05-21T10:00:00","guid":{"rendered":"https:\/\/www.web-rr.de\/GHS-Buecherei\/?page_id=16088"},"modified":"2021-05-21T23:00:00","modified_gmt":"2021-05-21T23:00:00","slug":"p9783845838601","status":"publish","type":"page","link":"https:\/\/www.web-rr.de\/GHS-Buecherei\/index.php\/p9783845838601\/","title":{"rendered":"Fr\u00fcher + Heute 61"},"content":{"rendered":"<table><tbody><tr><td class='rDTitel' colspan='2'>Greta und die Gro\u00dfen<\/td><\/tr><tr><td><span class='rDLabel1'>Status: <\/span><span class='rDText1Gruen'>vorhanden<\/span><\/td><td><span class='rDLabel1'>Antolin: <\/span><span class='rDText1Gruen'>ja, Empfehlung Klasse 2<\/span><\/td><\/tr><tr><td width=50%><img src='https:\/\/www.web-rr.de\/GHS-Buecherei\/wp-content\/uploads\/9783845838601.jpg' alt=''><\/td><td><p class='rDLabel2'>von <span class='rDText2'>Zo\u00eb Tucker, Zoe Persico<\/span><\/p><p class='rDLabel2'>Verlag: <span class='rDText2'>arsEdition,  2019,  15.00 \u20ac<\/span><\/p><p class='rDLabel2'>B\u00fccherei-Barcode: <span class='rDText2'>9783845838601<\/span><\/p><p class='rDLabel2'>In der B\u00fccherei erfasst am: <span class='rDText2'>09.12.2022<\/span><\/p><p class='rDLabel2'>Stichw\u00f6rter: <span class='rDText2'>Naturschutz, Umwelt, Klima, Wald, Umweltschutz<\/span><\/p><p class='rDLabel2'>Lesealter ca. <span class='rDText2'>7<\/span><span class='rDLabel2'> Jahre<\/span><\/p><p class='rDLabel2'>Das Buch wurde <span class='rDText2'>0<\/span><span class='rDLabel2'> mal gelesen.<\/span><\/p><\/td><\/tr><tr><td colspan='2'><p class='rDLabel1'>Inhalt:<\/p><span class='rDText2'>Inspiriert von Greta Thunbergs Streik f\u00fcr das Klima \r\nEin M\u00e4dchen namens Greta lebt inmitten eines wundersch\u00f6nen Waldes. Doch die Gro\u00dfen bringen ihr Zuhause in Gefahr: Sie f\u00e4llen B\u00e4ume, um H\u00e4user zu bauen. Aus den H\u00e4usern werden D\u00f6rfer und aus den D\u00f6rfern werden St\u00e4dte. Sie arbeiten Tag und Nacht \u2013 bis kaum noch etwas vom Wald \u00fcbrig ist. Greta m\u00f6chte ihr geliebtes Zuhause retten und den Tieren im Wald unbedingt helfen! Aber wie? Zum Gl\u00fcck hat sie eine Idee \u2026   \r\nDieses Bilderbuch erz\u00e4hlt symbolisch die Geschichte der schwedischen Umweltaktivistin Greta Thunberg nach. So wird schon den Allerkleinsten auf kindnahe Weise die Wichtigkeit von Klima- und Artenschutz n\u00e4hergebracht. Am Ende des Buchs wird verdeutlicht, dass der Kampf gegen die Gro\u00dfen in der Realit\u00e4t noch nicht vorbei ist. Praktische Tipps zeigen, was jedes Kind f\u00fcr den Umweltschutz tun kann \u2013 denn niemand ist zu klein, um einen Unterschied zu machen!<\/span><\/td><\/tr><tr><td colspan='2'><a href='#' onclick='history.back(); return false'>Zur\u00fcck<\/a><\/td><\/tr><\/tbody><\/table>\n","protected":false},"excerpt":{"rendered":"<p>&#8211;<\/p>\n","protected":false},"author":1,"featured_media":0,"parent":0,"menu_order":0,"comment_status":"closed","ping_status":"closed","template":"","meta":[],"_links":{"self":[{"href":"https:\/\/www.web-rr.de\/GHS-Buecherei\/index.php\/wp-json\/wp\/v2\/pages\/16088"}],"collection":[{"href":"https:\/\/www.web-rr.de\/GHS-Buecherei\/index.php\/wp-json\/wp\/v2\/pages"}],"about":[{"href":"https:\/\/www.web-rr.de\/GHS-Buecherei\/index.php\/wp-json\/wp\/v2\/types\/page"}],"author":[{"embeddable":true,"href":"https:\/\/www.web-rr.de\/GHS-Buecherei\/index.php\/wp-json\/wp\/v2\/users\/1"}],"replies":[{"embeddable":true,"href":"https:\/\/www.web-rr.de\/GHS-Buecherei\/index.php\/wp-json\/wp\/v2\/comments?post=16088"}],"version-history":[{"count":0,"href":"https:\/\/www.web-rr.de\/GHS-Buecherei\/index.php\/wp-json\/wp\/v2\/pages\/16088\/revisions"}],"wp:attachment":[{"href":"https:\/\/www.web-rr.de\/GHS-Buecherei\/index.php\/wp-json\/wp\/v2\/media?parent=16088"}],"curies":[{"name":"wp","href":"https:\/\/api.w.org\/{rel}","templated":true}]}}