{"id":16085,"date":"2021-05-21T10:00:00","date_gmt":"2021-05-21T10:00:00","guid":{"rendered":"https:\/\/www.web-rr.de\/GHS-Buecherei\/?page_id=16085"},"modified":"2021-05-21T23:00:00","modified_gmt":"2021-05-21T23:00:00","slug":"p9783414825889","status":"publish","type":"page","link":"https:\/\/www.web-rr.de\/GHS-Buecherei\/index.php\/p9783414825889\/","title":{"rendered":"Musik 43"},"content":{"rendered":"<table><tbody><tr><td class='rDTitel' colspan='2'>Eine wilde Symphonie: Mit Musik<\/td><\/tr><tr><td><span class='rDLabel1'>Status: <\/span><span class='rDText1Gruen'>vorhanden<\/span><\/td><td><span class='rDLabel1'>Antolin: <\/span><span class='rDText1Gruen'>ja, Empfehlung Klasse 3<\/span><\/td><\/tr><tr><td width=50%><img src='https:\/\/www.web-rr.de\/GHS-Buecherei\/wp-content\/uploads\/9783414825889.jpg' alt=''><\/td><td><p class='rDLabel2'>von <span class='rDText2'>Dan Brown, Susan Batori<\/span><\/p><p class='rDLabel2'>Verlag: <span class='rDText2'>Boje,  2020,  19.90 \u20ac<\/span><\/p><p class='rDLabel2'>B\u00fccherei-Barcode: <span class='rDText2'>9783414825889<\/span><\/p><p class='rDLabel2'>In der B\u00fccherei erfasst am: <span class='rDText2'>07.12.2022<\/span><\/p><p class='rDLabel2'>Stichw\u00f6rter: <span class='rDText2'>trompeten, quaken, zirpen, tr\u00e4llern, trommeln<\/span><\/p><p class='rDLabel2'>Lesealter ca. <span class='rDText2'>8<\/span><span class='rDLabel2'> Jahre<\/span><\/p><p class='rDLabel2'>Das Buch wurde <span class='rDText2'>0<\/span><span class='rDLabel2'> mal gelesen.<\/span><\/p><\/td><\/tr><tr><td colspan='2'><p class='rDLabel1'>Inhalt:<\/p><span class='rDText2'>Pssst! Spitzt eure Ohren, Musik liegt in der Luft.\r\nDas erste Bilderbuch von Bestsellerautor Dan Brown!\r\nMaestro Maus schwingt den Taktstock und stellt uns seine musikalischen Freunde vor. Sie alle verraten uns nicht nur ein Geheimnis, sie trompeten, quaken, zirpen, tr\u00e4llern und trommeln auch, was das Zeug h\u00e4lt. Welche \u00dcberraschung sie wohl am Ende bereithalten? In den Bildern hat Maestro Maus ein paar R\u00e4tsel versteckt: Buchstaben, die Hinweise ergeben, und sogar eine verschl\u00fcsselte Nachricht. Mithilfe einer kostenlosen App k\u00f6nnt ihr euch au\u00dferdem die eigens f\u00fcr dieses Buch von Dan Brown selbst komponierte Musik anh\u00f6ren - einfach kostenlose App herunterladen, Smartphone \u00fcber die Seite halten und schon wird die Musik abgespielt. Ein wildes und zeitloses Bilderbuchabenteuer zum Lesen, H\u00f6ren und Staunen!<\/span><\/td><\/tr><tr><td colspan='2'><a href='#' onclick='history.back(); return false'>Zur\u00fcck<\/a><\/td><\/tr><\/tbody><\/table>\n","protected":false},"excerpt":{"rendered":"<p>&#8211;<\/p>\n","protected":false},"author":1,"featured_media":0,"parent":0,"menu_order":0,"comment_status":"closed","ping_status":"closed","template":"","meta":[],"_links":{"self":[{"href":"https:\/\/www.web-rr.de\/GHS-Buecherei\/index.php\/wp-json\/wp\/v2\/pages\/16085"}],"collection":[{"href":"https:\/\/www.web-rr.de\/GHS-Buecherei\/index.php\/wp-json\/wp\/v2\/pages"}],"about":[{"href":"https:\/\/www.web-rr.de\/GHS-Buecherei\/index.php\/wp-json\/wp\/v2\/types\/page"}],"author":[{"embeddable":true,"href":"https:\/\/www.web-rr.de\/GHS-Buecherei\/index.php\/wp-json\/wp\/v2\/users\/1"}],"replies":[{"embeddable":true,"href":"https:\/\/www.web-rr.de\/GHS-Buecherei\/index.php\/wp-json\/wp\/v2\/comments?post=16085"}],"version-history":[{"count":0,"href":"https:\/\/www.web-rr.de\/GHS-Buecherei\/index.php\/wp-json\/wp\/v2\/pages\/16085\/revisions"}],"wp:attachment":[{"href":"https:\/\/www.web-rr.de\/GHS-Buecherei\/index.php\/wp-json\/wp\/v2\/media?parent=16085"}],"curies":[{"name":"wp","href":"https:\/\/api.w.org\/{rel}","templated":true}]}}