{"id":16081,"date":"2021-05-21T10:00:00","date_gmt":"2021-05-21T10:00:00","guid":{"rendered":"https:\/\/www.web-rr.de\/GHS-Buecherei\/?page_id=16081"},"modified":"2021-05-21T23:00:00","modified_gmt":"2021-05-21T23:00:00","slug":"p9783359011453","status":"publish","type":"page","link":"https:\/\/www.web-rr.de\/GHS-Buecherei\/index.php\/p9783359011453\/","title":{"rendered":"Gedichte 12"},"content":{"rendered":"<table><tbody><tr><td class='rDTitel' colspan='2'>Ilse Bilse: Zw\u00f6lf Dutzend alte Kinderverse<\/td><\/tr><tr><td><span class='rDLabel1'>Status: <\/span><span class='rDText1Gruen'>vorhanden<\/span><\/td><td><span class='rDLabel1'>Antolin: <\/span><span class='rDText1Rot'>Quiz nicht vorhanden.<\/span><\/td><\/tr><tr><td width=50%><img src='https:\/\/www.web-rr.de\/GHS-Buecherei\/wp-content\/uploads\/9783359011453.jpg' alt=''><\/td><td><p class='rDLabel2'>von <span class='rDText2'>Achim Roscher und Gertrud Zucker<\/span><\/p><p class='rDLabel2'>Verlag: <span class='rDText2'>Eulenspiegel,  2020,  14.99 \u20ac<\/span><\/p><p class='rDLabel2'>B\u00fccherei-Barcode: <span class='rDText2'>9783359011453<\/span><\/p><p class='rDLabel2'>In der B\u00fccherei erfasst am: <span class='rDText2'>07.12.2022<\/span><\/p><p class='rDLabel2'>Stichw\u00f6rter: <span class='rDText2'>Verse, Schlaflieder, Wiegenreime<\/span><\/p><p class='rDLabel2'>Lesealter ca. <span class='rDText2'>7<\/span><span class='rDLabel2'> Jahre<\/span><\/p><p class='rDLabel2'>Das Buch wurde <span class='rDText2'>0<\/span><span class='rDLabel2'> mal gelesen.<\/span><\/p><\/td><\/tr><tr><td colspan='2'><p class='rDLabel1'>Inhalt:<\/p><span class='rDText2'>Reich und vielf\u00e4ltig ist der tradierte Kinderverse-Schatz. Allzu oft aber sind nur Rudimente von dem geblieben, was wir als Kinder aus dem Effeff beherrschten \u2013 weil es uns Eltern und Gro\u00dfeltern zum Einschlafen aufgesagt oder vorgesungen haben, weil wir unsere Spiele mit lustigen Versen begleiteten oder uns herrlich respektlose Reime zuriefen, mit denen wir die Erwachsenen auf den Arm nahmen. In diesem Buch sind die sch\u00f6nsten Kinderverse zusammengetragen. Neben kosenden Versen, Schlafliedern und Wiegenreimen, wie sie liebende Eltern durch die Jahrhunderte ersannen, gibt es lustige Reimereien, die von Kindern selbst zu ihrer Unterhaltung und Freude gebildet wurden, und es gibt Neck-, Scherz- und L\u00fcgenverse voll grenzenloser Einfallslust. Viele der Verse sind schon Jahrhunderte alt, haben sich durch Kindergenerationen hindurch ihre Frische bewahrt und k\u00f6nnen auch heute noch Spiel und t\u00e4gliche Verrichtungen der Kinder begleiten. Sie machen auch mit kostbaren Worten bekannt, die so spielerisch und selbstverst\u00e4ndlich in den Sprachschatz der Kinder finden. Das Buch liefert auch Anweisungen f\u00fcr Finger-, Bewegungs- und Kreisspiele, die zu vielen der Lieder und Verse m\u00f6glich sind. Die phantasievollen und durchg\u00e4ngig vierfarbigen Illustrationen runden das Buch und machen es zu einem \u00bbkleinen Hausschatz\u00ab f\u00fcr die ganze Familie.<\/span><\/td><\/tr><tr><td colspan='2'><a href='#' onclick='history.back(); return false'>Zur\u00fcck<\/a><\/td><\/tr><\/tbody><\/table>\n","protected":false},"excerpt":{"rendered":"<p>&#8211;<\/p>\n","protected":false},"author":1,"featured_media":0,"parent":0,"menu_order":0,"comment_status":"closed","ping_status":"closed","template":"","meta":[],"_links":{"self":[{"href":"https:\/\/www.web-rr.de\/GHS-Buecherei\/index.php\/wp-json\/wp\/v2\/pages\/16081"}],"collection":[{"href":"https:\/\/www.web-rr.de\/GHS-Buecherei\/index.php\/wp-json\/wp\/v2\/pages"}],"about":[{"href":"https:\/\/www.web-rr.de\/GHS-Buecherei\/index.php\/wp-json\/wp\/v2\/types\/page"}],"author":[{"embeddable":true,"href":"https:\/\/www.web-rr.de\/GHS-Buecherei\/index.php\/wp-json\/wp\/v2\/users\/1"}],"replies":[{"embeddable":true,"href":"https:\/\/www.web-rr.de\/GHS-Buecherei\/index.php\/wp-json\/wp\/v2\/comments?post=16081"}],"version-history":[{"count":0,"href":"https:\/\/www.web-rr.de\/GHS-Buecherei\/index.php\/wp-json\/wp\/v2\/pages\/16081\/revisions"}],"wp:attachment":[{"href":"https:\/\/www.web-rr.de\/GHS-Buecherei\/index.php\/wp-json\/wp\/v2\/media?parent=16081"}],"curies":[{"name":"wp","href":"https:\/\/api.w.org\/{rel}","templated":true}]}}