{"id":16075,"date":"2021-05-21T10:00:00","date_gmt":"2021-05-21T10:00:00","guid":{"rendered":"https:\/\/www.web-rr.de\/GHS-Buecherei\/?page_id=16075"},"modified":"2021-05-21T23:00:00","modified_gmt":"2021-05-21T23:00:00","slug":"p9783863213947","status":"publish","type":"page","link":"https:\/\/www.web-rr.de\/GHS-Buecherei\/index.php\/p9783863213947\/","title":{"rendered":"Religion 119"},"content":{"rendered":"<table><tbody><tr><td class='rDTitel' colspan='2'>Bens Sonnenblumen. Ein Kinderfachbuch zum Thema Trauer<\/td><\/tr><tr><td><span class='rDLabel1'>Status: <\/span><span class='rDText1Gruen'>vorhanden<\/span><\/td><td><span class='rDLabel1'>Antolin: <\/span><span class='rDText1Rot'>Quiz nicht vorhanden.<\/span><\/td><\/tr><tr><td width=50%><img src='https:\/\/www.web-rr.de\/GHS-Buecherei\/wp-content\/uploads\/9783863213947.jpg' alt=''><\/td><td><p class='rDLabel2'>von <span class='rDText2'>Andrea Hendrich<\/span><\/p><p class='rDLabel2'>Verlag: <span class='rDText2'>Mabuse-Verlag,  2018,  21.00 \u20ac<\/span><\/p><p class='rDLabel2'>B\u00fccherei-Barcode: <span class='rDText2'>9783863213947<\/span><\/p><p class='rDLabel2'>In der B\u00fccherei erfasst am: <span class='rDText2'>06.12.2022<\/span><\/p><p class='rDLabel2'>Stichw\u00f6rter: <span class='rDText2'>Schmerz, Trauer, Einsamkeit, Schmerz, Sehnsucht, Gef\u00fchle<\/span><\/p><p class='rDLabel2'>Lesealter ca. <span class='rDText2'>8<\/span><span class='rDLabel2'> Jahre<\/span><\/p><p class='rDLabel2'>Das Buch wurde <span class='rDText2'>0<\/span><span class='rDLabel2'> mal gelesen.<\/span><\/p><\/td><\/tr><tr><td colspan='2'><p class='rDLabel1'>Inhalt:<\/p><span class='rDText2'>Familie Wittmann ist eine Familie, wie viele andere: Die Mutter arbeitet als Lehrerin, der Vater betreibt eine kleine Landwirtschaft, die drei Kinder Noah, Ben und Mica besuchen Schule und Kindergarten. Doch pl\u00f6tzlich ist alles anders. Ben hat einen Fahrradunfall und stirbt am selben Tag im Krankenhaus. Die Familie erlebt ein Wechselbad der Gef\u00fchle: Trauer, Schmerz, Einsamkeit und Sehnsucht. Jedes Familienmitglied lebt seine Trauer, jeder k\u00e4mpft mit eigenen Gef\u00fchlen. Zusammen, auch mit Hilfe von au\u00dfen, beginnen sie Schritte in ein Leben ohne Ben ... der immer ein Teil der Familie bleiben wird. Dieses Buch richtet sich an alle, die Kindern beim Thema 'Tod und Trauer in der Familie' behutsam zur Seite stehen wollen. Mit stimmigen Bildern und Worten aus der Sicht der j\u00fcngeren Schwester Mica nimmt es die Gef\u00fchle aller Beteiligten ernst, gibt dem Schmerz Raum und begleitet durch die Zeit der Trauer. Im Fachteil werden Freunde und Fachkr\u00e4fte informiert und ermutigt, die betroffenen Kinder und Familien zu begleiten; mit offenen Augen und Ohren, kleinen Gesten und geduldigem Verst\u00e4ndnis.<\/span><\/td><\/tr><tr><td colspan='2'><a href='#' onclick='history.back(); return false'>Zur\u00fcck<\/a><\/td><\/tr><\/tbody><\/table>\n","protected":false},"excerpt":{"rendered":"<p>&#8211;<\/p>\n","protected":false},"author":1,"featured_media":0,"parent":0,"menu_order":0,"comment_status":"closed","ping_status":"closed","template":"","meta":[],"_links":{"self":[{"href":"https:\/\/www.web-rr.de\/GHS-Buecherei\/index.php\/wp-json\/wp\/v2\/pages\/16075"}],"collection":[{"href":"https:\/\/www.web-rr.de\/GHS-Buecherei\/index.php\/wp-json\/wp\/v2\/pages"}],"about":[{"href":"https:\/\/www.web-rr.de\/GHS-Buecherei\/index.php\/wp-json\/wp\/v2\/types\/page"}],"author":[{"embeddable":true,"href":"https:\/\/www.web-rr.de\/GHS-Buecherei\/index.php\/wp-json\/wp\/v2\/users\/1"}],"replies":[{"embeddable":true,"href":"https:\/\/www.web-rr.de\/GHS-Buecherei\/index.php\/wp-json\/wp\/v2\/comments?post=16075"}],"version-history":[{"count":0,"href":"https:\/\/www.web-rr.de\/GHS-Buecherei\/index.php\/wp-json\/wp\/v2\/pages\/16075\/revisions"}],"wp:attachment":[{"href":"https:\/\/www.web-rr.de\/GHS-Buecherei\/index.php\/wp-json\/wp\/v2\/media?parent=16075"}],"curies":[{"name":"wp","href":"https:\/\/api.w.org\/{rel}","templated":true}]}}