{"id":16066,"date":"2021-05-21T10:00:00","date_gmt":"2021-05-21T10:00:00","guid":{"rendered":"https:\/\/www.web-rr.de\/GHS-Buecherei\/?page_id=16066"},"modified":"2021-05-21T23:00:00","modified_gmt":"2021-05-21T23:00:00","slug":"p9783903282070","status":"publish","type":"page","link":"https:\/\/www.web-rr.de\/GHS-Buecherei\/index.php\/p9783903282070\/","title":{"rendered":"Tiere 114"},"content":{"rendered":"<table><tbody><tr><td class='rDTitel' colspan='2'>Marik und Kahil<\/td><\/tr><tr><td><span class='rDLabel1'>Status: <\/span><span class='rDText1Gruen'>vorhanden<\/span><\/td><td><span class='rDLabel1'>Antolin: <\/span><span class='rDText1Rot'>Quiz nicht vorhanden.<\/span><\/td><\/tr><tr><td width=50%><img src='https:\/\/www.web-rr.de\/GHS-Buecherei\/wp-content\/uploads\/9783903282070.jpg' alt=''><\/td><td><p class='rDLabel2'>von <span class='rDText2'>Schelli Rehlein<\/span><\/p><p class='rDLabel2'>Verlag: <span class='rDText2'>CatMint Verlag,  2021,  16.00 \u20ac<\/span><\/p><p class='rDLabel2'>B\u00fccherei-Barcode: <span class='rDText2'>9783903282070<\/span><\/p><p class='rDLabel2'>In der B\u00fccherei erfasst am: <span class='rDText2'>06.12.2022<\/span><\/p><p class='rDLabel2'>Stichw\u00f6rter: <span class='rDText2'>Hirsch, Wolf, Wald, Freundschaft, Pers\u00f6nlichkeit, Hilfe<\/span><\/p><p class='rDLabel2'>Lesealter ca. <span class='rDText2'>7<\/span><span class='rDLabel2'> Jahre<\/span><\/p><p class='rDLabel2'>Das Buch wurde <span class='rDText2'>0<\/span><span class='rDLabel2'> mal gelesen.<\/span><\/p><\/td><\/tr><tr><td colspan='2'><p class='rDLabel1'>Inhalt:<\/p><span class='rDText2'>Bei einem seiner abenteuerlichen Streifz\u00fcgen durch den Wald, beobachtet der junge Hirsch Kahil, den ebenfalls jungen Wolf Marik. Der steckt in einem Dachsbau wortw\u00f6rtlich in der Klemme. W\u00e4hrend seine Br\u00fcder ihn verspotten, wird die Lage ernst: Sch\u00fcsse fallen aus der J\u00e4gerflinte. Marik ist in Not! Ohne zu z\u00f6gern eilt Kahil ihm zu Hilfe. Er zieht den Wolf mit seinem Geweih aus dem Dachsbau, w\u00e4hrend die Wolfsbr\u00fcder l\u00e4ngst das Weite gesucht haben. Auf der Flucht vor dem J\u00e4ger trennen sich die Wege wortlos. Doch es gibt ein Wiedersehen. Es entsteht eine innige Freundschaft zwischen zwei Charakteren, die unterschiedlicher nicht sein k\u00f6nnten und deren Werte dennoch n\u00e4her beieinander liegen, als ihren Familien recht ist. Dieses Buch wurde geschrieben, um Kinder zu ermutigen, Andersartigen mit Toleranz zu begegnen, sowie sich selbst und andere wertzusch\u00e4tzen<\/span><\/td><\/tr><tr><td colspan='2'><a href='#' onclick='history.back(); return false'>Zur\u00fcck<\/a><\/td><\/tr><\/tbody><\/table>\n","protected":false},"excerpt":{"rendered":"<p>&#8211;<\/p>\n","protected":false},"author":1,"featured_media":0,"parent":0,"menu_order":0,"comment_status":"closed","ping_status":"closed","template":"","meta":[],"_links":{"self":[{"href":"https:\/\/www.web-rr.de\/GHS-Buecherei\/index.php\/wp-json\/wp\/v2\/pages\/16066"}],"collection":[{"href":"https:\/\/www.web-rr.de\/GHS-Buecherei\/index.php\/wp-json\/wp\/v2\/pages"}],"about":[{"href":"https:\/\/www.web-rr.de\/GHS-Buecherei\/index.php\/wp-json\/wp\/v2\/types\/page"}],"author":[{"embeddable":true,"href":"https:\/\/www.web-rr.de\/GHS-Buecherei\/index.php\/wp-json\/wp\/v2\/users\/1"}],"replies":[{"embeddable":true,"href":"https:\/\/www.web-rr.de\/GHS-Buecherei\/index.php\/wp-json\/wp\/v2\/comments?post=16066"}],"version-history":[{"count":0,"href":"https:\/\/www.web-rr.de\/GHS-Buecherei\/index.php\/wp-json\/wp\/v2\/pages\/16066\/revisions"}],"wp:attachment":[{"href":"https:\/\/www.web-rr.de\/GHS-Buecherei\/index.php\/wp-json\/wp\/v2\/media?parent=16066"}],"curies":[{"name":"wp","href":"https:\/\/api.w.org\/{rel}","templated":true}]}}