{"id":16056,"date":"2021-05-21T10:00:00","date_gmt":"2021-05-21T10:00:00","guid":{"rendered":"https:\/\/www.web-rr.de\/GHS-Buecherei\/?page_id=16056"},"modified":"2021-05-21T23:00:00","modified_gmt":"2021-05-21T23:00:00","slug":"p9783401715681","status":"publish","type":"page","link":"https:\/\/www.web-rr.de\/GHS-Buecherei\/index.php\/p9783401715681\/","title":{"rendered":"Erstlesen 282"},"content":{"rendered":"<table><tbody><tr><td class='rDTitel' colspan='2'>Ponygeschichten: Der B\u00fccherb\u00e4r<\/td><\/tr><tr><td><span class='rDLabel1'>Status: <\/span><span class='rDText1Gruen'>vorhanden<\/span><\/td><td><span class='rDLabel1'>Antolin: <\/span><span class='rDText1Gruen'>ja, Empfehlung Klasse 1<\/span><\/td><\/tr><tr><td width=50%><img src='https:\/\/www.web-rr.de\/GHS-Buecherei\/wp-content\/uploads\/9783401715681.jpg' alt=''><\/td><td><p class='rDLabel2'>von <span class='rDText2'>Karin M\u00fcller und Anna-Lena Kuehler<\/span><\/p><p class='rDLabel2'>Verlag: <span class='rDText2'>Arena,  2020,  9.00 \u20ac<\/span><\/p><p class='rDLabel2'>B\u00fccherei-Barcode: <span class='rDText2'>9783401715681<\/span><\/p><p class='rDLabel2'>In der B\u00fccherei erfasst am: <span class='rDText2'>05.12.2022<\/span><\/p><p class='rDLabel2'>Stichw\u00f6rter: <span class='rDText2'>Pony, Pferde, Reiterhof, Spannung, Abenteuer, Reittunier<\/span><\/p><p class='rDLabel2'>Lesealter ca. <span class='rDText2'>6<\/span><span class='rDLabel2'> Jahre<\/span><\/p><p class='rDLabel2'>Das Buch wurde <span class='rDText2'>1<\/span><span class='rDLabel2'> mal gelesen.<\/span><\/p><\/td><\/tr><tr><td colspan='2'><p class='rDLabel1'>Inhalt:<\/p><span class='rDText2'>Ella liebt ihr Pony Bommel hei\u00df und innig! Aber alle anderen Kinder auf dem Reiterhof haben Angst vor ihm. Nur Ella wei\u00df, dass Bommel oft \u00e4ngstlich ist. Er meint es nicht b\u00f6se! Das hat Ella dank ihres Zauberzuckers durchschaut. Zusammen mit Bommel und mit ihrem magischen Hilfsmittel k\u00e4mpft Ella gegen ein Monster, \u00fcberf\u00fchrt einen Dieb, besch\u00fctzt die Katzenbabys vor dem Hofhund und rettet sogar das gro\u00dfe Reitturnier. Lesenlernen mit dem B\u00fccherb\u00e4r Dieses Buch richtet sich an Leseanf\u00e4nger in der 1. Klasse. Die besonders \u00fcbersichtlichen Leseeinheiten und kurzen Zeilen sind ideal zum Lesenlernen. Das Hervorheben der Sprechsilben in dunkelblau\/hellblau hilft dabei, ein Wort richtig lesen und verstehen zu k\u00f6nnen. So k\u00f6nnen Leseanf\u00e4nger jede Sprechsilbe erkennen. Zus\u00e4tzlich regen lustige R\u00e4tsel und Verst\u00e4ndnisfragen zum Nachdenken und zum Gespr\u00e4ch \u00fcber die Geschichten an. Denn Kinder, die viel Gelegenheit zum Sprechen haben, lernen auch schneller lesen. Empfohlen von Westermann Der Titel ist auf Antolin.de gelistet<\/span><\/td><\/tr><tr><td colspan='2'><a href='#' onclick='history.back(); return false'>Zur\u00fcck<\/a><\/td><\/tr><\/tbody><\/table>\n","protected":false},"excerpt":{"rendered":"<p>&#8211;<\/p>\n","protected":false},"author":1,"featured_media":0,"parent":0,"menu_order":0,"comment_status":"closed","ping_status":"closed","template":"","meta":[],"_links":{"self":[{"href":"https:\/\/www.web-rr.de\/GHS-Buecherei\/index.php\/wp-json\/wp\/v2\/pages\/16056"}],"collection":[{"href":"https:\/\/www.web-rr.de\/GHS-Buecherei\/index.php\/wp-json\/wp\/v2\/pages"}],"about":[{"href":"https:\/\/www.web-rr.de\/GHS-Buecherei\/index.php\/wp-json\/wp\/v2\/types\/page"}],"author":[{"embeddable":true,"href":"https:\/\/www.web-rr.de\/GHS-Buecherei\/index.php\/wp-json\/wp\/v2\/users\/1"}],"replies":[{"embeddable":true,"href":"https:\/\/www.web-rr.de\/GHS-Buecherei\/index.php\/wp-json\/wp\/v2\/comments?post=16056"}],"version-history":[{"count":0,"href":"https:\/\/www.web-rr.de\/GHS-Buecherei\/index.php\/wp-json\/wp\/v2\/pages\/16056\/revisions"}],"wp:attachment":[{"href":"https:\/\/www.web-rr.de\/GHS-Buecherei\/index.php\/wp-json\/wp\/v2\/media?parent=16056"}],"curies":[{"name":"wp","href":"https:\/\/api.w.org\/{rel}","templated":true}]}}