{"id":16051,"date":"2021-05-21T10:00:00","date_gmt":"2021-05-21T10:00:00","guid":{"rendered":"https:\/\/www.web-rr.de\/GHS-Buecherei\/?page_id=16051"},"modified":"2021-05-21T23:00:00","modified_gmt":"2021-05-21T23:00:00","slug":"p9783965940383","status":"publish","type":"page","link":"https:\/\/www.web-rr.de\/GHS-Buecherei\/index.php\/p9783965940383\/","title":{"rendered":"Pferde 18"},"content":{"rendered":"<table><tbody><tr><td class='rDTitel' colspan='2'>Die Hufeisen-Ranch - Mit Galopp in die Traumrolle<\/td><\/tr><tr><td><span class='rDLabel1'>Status: <\/span><span class='rDText1Gruen'>vorhanden<\/span><\/td><td><span class='rDLabel1'>Antolin: <\/span><span class='rDText1Gruen'>ja, Empfehlung Klasse 4<\/span><\/td><\/tr><tr><td width=50%><img src='https:\/\/www.web-rr.de\/GHS-Buecherei\/wp-content\/uploads\/9783965940383.jpg' alt=''><\/td><td><p class='rDLabel2'>von <span class='rDText2'>Annette Weber und Ina Krabbe<\/span><\/p><p class='rDLabel2'>Verlag: <span class='rDText2'>S\u00fcdpol Verlag GmbH,  2020,  12.90 \u20ac<\/span><\/p><p class='rDLabel2'>B\u00fccherei-Barcode: <span class='rDText2'>9783965940383<\/span><\/p><p class='rDLabel2'>In der B\u00fccherei erfasst am: <span class='rDText2'>05.12.2022<\/span><\/p><p class='rDLabel2'>Stichw\u00f6rter: <span class='rDText2'>Kinofilm, Aufregung, Abenteuer, Schauspieler, Ponyhof, Kamera<\/span><\/p><p class='rDLabel2'>Lesealter ca. <span class='rDText2'>8<\/span><span class='rDLabel2'> Jahre<\/span><\/p><p class='rDLabel2'>Das Buch wurde <span class='rDText2'>1<\/span><span class='rDLabel2'> mal gelesen.<\/span><\/p><\/td><\/tr><tr><td colspan='2'><p class='rDLabel1'>Inhalt:<\/p><span class='rDText2'>Spot an! Kamera l\u00e4uft! Polly & Smoky im Rampenlicht\r\nGro\u00dfe Aufregung auf der Hufeisen-Ranch: F\u00fcr den Kinofilm \u201eFlake\u201c wird eine Statistin gesucht, die sich mit Natural Horsemanship auskennt. Polly kann ihr Gl\u00fcck kaum fassen, das ist ihre Chance, den tollen Schauspieler Quentin und das wundersch\u00f6ne Pferd Flake zu treffen. Klar, dass sie da mitmachen will! Aber dann kommt Celina auf die Hufeisen-Ranch, um bei Reitlehrerin Chris den nat\u00fcrlichen Umgang mit ihrem Pferd zu lernen. Denn auch sie will sich f\u00fcr die Rolle bewerben. Und statt einer neuen Freundin hat Polly pl\u00f6tzlich eine Konkurrentin auf dem Ponyhof \u2026<\/span><\/td><\/tr><tr><td colspan='2'><a href='#' onclick='history.back(); return false'>Zur\u00fcck<\/a><\/td><\/tr><\/tbody><\/table>\n","protected":false},"excerpt":{"rendered":"<p>&#8211;<\/p>\n","protected":false},"author":1,"featured_media":0,"parent":0,"menu_order":0,"comment_status":"closed","ping_status":"closed","template":"","meta":[],"_links":{"self":[{"href":"https:\/\/www.web-rr.de\/GHS-Buecherei\/index.php\/wp-json\/wp\/v2\/pages\/16051"}],"collection":[{"href":"https:\/\/www.web-rr.de\/GHS-Buecherei\/index.php\/wp-json\/wp\/v2\/pages"}],"about":[{"href":"https:\/\/www.web-rr.de\/GHS-Buecherei\/index.php\/wp-json\/wp\/v2\/types\/page"}],"author":[{"embeddable":true,"href":"https:\/\/www.web-rr.de\/GHS-Buecherei\/index.php\/wp-json\/wp\/v2\/users\/1"}],"replies":[{"embeddable":true,"href":"https:\/\/www.web-rr.de\/GHS-Buecherei\/index.php\/wp-json\/wp\/v2\/comments?post=16051"}],"version-history":[{"count":0,"href":"https:\/\/www.web-rr.de\/GHS-Buecherei\/index.php\/wp-json\/wp\/v2\/pages\/16051\/revisions"}],"wp:attachment":[{"href":"https:\/\/www.web-rr.de\/GHS-Buecherei\/index.php\/wp-json\/wp\/v2\/media?parent=16051"}],"curies":[{"name":"wp","href":"https:\/\/api.w.org\/{rel}","templated":true}]}}