{"id":16048,"date":"2021-05-21T10:00:00","date_gmt":"2021-05-21T10:00:00","guid":{"rendered":"https:\/\/www.web-rr.de\/GHS-Buecherei\/?page_id=16048"},"modified":"2021-05-21T23:00:00","modified_gmt":"2021-05-21T23:00:00","slug":"p9783965940314","status":"publish","type":"page","link":"https:\/\/www.web-rr.de\/GHS-Buecherei\/index.php\/p9783965940314\/","title":{"rendered":"Tiere 111"},"content":{"rendered":"<table><tbody><tr><td class='rDTitel' colspan='2'>Das Wilde Haus der Tiere \u2013 Volle Scholle voraus<\/td><\/tr><tr><td><span class='rDLabel1'>Status: <\/span><span class='rDText1Gruen'>vorhanden<\/span><\/td><td><span class='rDLabel1'>Antolin: <\/span><span class='rDText1Gruen'>ja, Empfehlung Klasse 3<\/span><\/td><\/tr><tr><td width=50%><img src='https:\/\/www.web-rr.de\/GHS-Buecherei\/wp-content\/uploads\/9783965940314.jpg' alt=''><\/td><td><p class='rDLabel2'>von <span class='rDText2'>Andrea Po\u00dfberg<\/span><\/p><p class='rDLabel2'>Verlag: <span class='rDText2'>S\u00fcdpol Verlag GmbH,  2020,  9.90 \u20ac<\/span><\/p><p class='rDLabel2'>B\u00fccherei-Barcode: <span class='rDText2'>9783965940314<\/span><\/p><p class='rDLabel2'>In der B\u00fccherei erfasst am: <span class='rDText2'>05.12.2022<\/span><\/p><p class='rDLabel2'>Stichw\u00f6rter: <span class='rDText2'>Antarktis, Orcas, Blauwale, Spannung, Witz, Abenteuer<\/span><\/p><p class='rDLabel2'>Lesealter ca. <span class='rDText2'>7<\/span><span class='rDLabel2'> Jahre<\/span><\/p><p class='rDLabel2'>Das Buch wurde <span class='rDText2'>0<\/span><span class='rDLabel2'> mal gelesen.<\/span><\/p><\/td><\/tr><tr><td colspan='2'><p class='rDLabel1'>Inhalt:<\/p><span class='rDText2'>Rettungsmission in der Antarktis \u2013 ein eiskalter Auftrag f\u00fcr das Wilde Haus!\r\nDas Wilde Haus ist mitten in einer wei\u00dfen W\u00fcste gelandet! Es ist eisig kalt und kein einziger Baum in Sicht. So etwas haben Hirsch Hannibal, Luchs Lino, Meerschweinchen Maffi und Eule Elvira noch nie gesehen. Hier in der Antarktis wartet ein geheimnisvoller Auftrag auf sie: Ein schwarz-wei\u00dfer Vogel, der nicht schwimmen kann, braucht dringend Hilfe. Was zuerst recht einfach klingt, wird schon bald zu einer abenteuerlichen Rettungsaktion, bei der die vier nicht nur auf Orcas und Blauwale treffen \u2026\r\nEin Band aus der Reihe \u201e Das Wilde Haus der Tiere\u201c \u2013 tierischer Lese- und Vorlesespa\u00df mit einer Prise Fantasy\r\nDas Wilde Haus landet auf magische Weise immer dort, wo gerade ein Tier Hilfe braucht. Mit Ideenreichtum, Witz und Zusammenhalt schaffen es Hirsch Hannibal, Luchs Lino, Meerschweinchen Maffi und Eule Elvira, die Auftr\u00e4ge des Wilden Hauses zu erledigen. Lustige Erstlese-Reihe f\u00fcr M\u00e4dchen und Jungs.<\/span><\/td><\/tr><tr><td colspan='2'><a href='#' onclick='history.back(); return false'>Zur\u00fcck<\/a><\/td><\/tr><\/tbody><\/table>\n","protected":false},"excerpt":{"rendered":"<p>&#8211;<\/p>\n","protected":false},"author":1,"featured_media":0,"parent":0,"menu_order":0,"comment_status":"closed","ping_status":"closed","template":"","meta":[],"_links":{"self":[{"href":"https:\/\/www.web-rr.de\/GHS-Buecherei\/index.php\/wp-json\/wp\/v2\/pages\/16048"}],"collection":[{"href":"https:\/\/www.web-rr.de\/GHS-Buecherei\/index.php\/wp-json\/wp\/v2\/pages"}],"about":[{"href":"https:\/\/www.web-rr.de\/GHS-Buecherei\/index.php\/wp-json\/wp\/v2\/types\/page"}],"author":[{"embeddable":true,"href":"https:\/\/www.web-rr.de\/GHS-Buecherei\/index.php\/wp-json\/wp\/v2\/users\/1"}],"replies":[{"embeddable":true,"href":"https:\/\/www.web-rr.de\/GHS-Buecherei\/index.php\/wp-json\/wp\/v2\/comments?post=16048"}],"version-history":[{"count":0,"href":"https:\/\/www.web-rr.de\/GHS-Buecherei\/index.php\/wp-json\/wp\/v2\/pages\/16048\/revisions"}],"wp:attachment":[{"href":"https:\/\/www.web-rr.de\/GHS-Buecherei\/index.php\/wp-json\/wp\/v2\/media?parent=16048"}],"curies":[{"name":"wp","href":"https:\/\/api.w.org\/{rel}","templated":true}]}}