{"id":16047,"date":"2021-05-21T10:00:00","date_gmt":"2021-05-21T10:00:00","guid":{"rendered":"https:\/\/www.web-rr.de\/GHS-Buecherei\/?page_id=16047"},"modified":"2021-05-21T23:00:00","modified_gmt":"2021-05-21T23:00:00","slug":"p9783959160643","status":"publish","type":"page","link":"https:\/\/www.web-rr.de\/GHS-Buecherei\/index.php\/p9783959160643\/","title":{"rendered":"Abenteuer 103"},"content":{"rendered":"<table><tbody><tr><td class='rDTitel' colspan='2'>Geheimnis im Kniepsand<\/td><\/tr><tr><td><span class='rDLabel1'>Status: <\/span><span class='rDText1Gruen'>vorhanden<\/span><\/td><td><span class='rDLabel1'>Antolin: <\/span><span class='rDText1Gruen'>ja, Empfehlung Klasse 4<\/span><\/td><\/tr><tr><td width=50%><img src='https:\/\/www.web-rr.de\/GHS-Buecherei\/wp-content\/uploads\/9783959160643.jpg' alt=''><\/td><td><p class='rDLabel2'>von <span class='rDText2'>Andrea Nesseldreher<\/span><\/p><p class='rDLabel2'>Verlag: <span class='rDText2'>Biber & Butzemann,  2020,  15.95 \u20ac<\/span><\/p><p class='rDLabel2'>B\u00fccherei-Barcode: <span class='rDText2'>9783959160643<\/span><\/p><p class='rDLabel2'>In der B\u00fccherei erfasst am: <span class='rDText2'>05.12.2022<\/span><\/p><p class='rDLabel2'>Stichw\u00f6rter: <span class='rDText2'>Amrum, Walf\u00e4nger, Spannung, Reise, Wattwanderung, Gefahren, Nordsee<\/span><\/p><p class='rDLabel2'>Lesealter ca. <span class='rDText2'>8<\/span><span class='rDLabel2'> Jahre<\/span><\/p><p class='rDLabel2'>Das Buch wurde <span class='rDText2'>1<\/span><span class='rDLabel2'> mal gelesen.<\/span><\/p><\/td><\/tr><tr><td colspan='2'><p class='rDLabel1'>Inhalt:<\/p><span class='rDText2'>Lilly und Nikolas auf Amrum.\r\nAuf der F\u00e4hre nach Amrum lernen Lilly und Nikolas Christopher kennen, der sie einl\u00e4dt, mit ihm seine Kniepsandbude wieder aufzubauen. Dabei st\u00f6\u00dft Nikolas auf ein geheimnisvolles Fundst\u00fcck im Sand und m\u00f6chte mehr dar\u00fcber herausfinden. Die Kinder tauchen tief in die Vergangenheit der Insel, die Geschichte der Walf\u00e4nger und die Sprache der Friesen ein, die von den Insulanern noch immer gesprochen wird. Sie lernen die Bedeutung von Seezeichen kennen, besuchen die sprechenden Grabsteine und unternehmen eine Wattwanderung, denn bei Ebbe kann man sogar bis zur Nachbarinsel F\u00f6hr laufen. Als ihre neuen Freunde Ben, Hanna und Lotta sich sorglos ebenfalls ins Watt begeben und durch die auflaufende Flut in Not geraten, zahlt es sich aus, dass Lilly und Nikolas \u00fcber die Gefahren der Nordsee bestens Bescheid wissen. Die Seenotretter m\u00fcssen helfen! Wird die Rettung rechtzeitig gelingen? Ferienabenteuer f\u00fcr Kinder und Reisef\u00fchrer f\u00fcr Familien: die Kinderbuch-Serie \u201eLilly und Nikolas\u201c Wenn die Geschwister Lilly und Nikolas mit ihren Eltern in den Urlaub fahren, erleben sie die sch\u00f6nsten Abenteuer, staunen \u00fcber Dinge aus vergangenen Tagen, l\u00f6sen R\u00e4tsel und manchmal auch einen kleinen Kriminalfall. Dabei entdecken sie jedes Mal Sehensw\u00fcrdigkeiten und Ausflugsziele, die Kindern wirklich Spa\u00df machen. Auf ihren Touren erfahren sie so ganz nebenbei viel \u00fcber Land und Leute und die Geschichte ihrer Urlaubsregion! - Feriengeschichte voller Spa\u00df, R\u00e4tsel und Abenteuer f\u00fcr Kinder von 8 bis 11 Jahren - Spannend und informativ: Urlaubslekt\u00fcre und Reisef\u00fchrer in einem Kinderbuch - Zum Selbstlesen ab der 3. Klasse oder zum gemeinsamen Lesen in der Familie.<\/span><\/td><\/tr><tr><td colspan='2'><a href='#' onclick='history.back(); return false'>Zur\u00fcck<\/a><\/td><\/tr><\/tbody><\/table>\n","protected":false},"excerpt":{"rendered":"<p>&#8211;<\/p>\n","protected":false},"author":1,"featured_media":0,"parent":0,"menu_order":0,"comment_status":"closed","ping_status":"closed","template":"","meta":[],"_links":{"self":[{"href":"https:\/\/www.web-rr.de\/GHS-Buecherei\/index.php\/wp-json\/wp\/v2\/pages\/16047"}],"collection":[{"href":"https:\/\/www.web-rr.de\/GHS-Buecherei\/index.php\/wp-json\/wp\/v2\/pages"}],"about":[{"href":"https:\/\/www.web-rr.de\/GHS-Buecherei\/index.php\/wp-json\/wp\/v2\/types\/page"}],"author":[{"embeddable":true,"href":"https:\/\/www.web-rr.de\/GHS-Buecherei\/index.php\/wp-json\/wp\/v2\/users\/1"}],"replies":[{"embeddable":true,"href":"https:\/\/www.web-rr.de\/GHS-Buecherei\/index.php\/wp-json\/wp\/v2\/comments?post=16047"}],"version-history":[{"count":0,"href":"https:\/\/www.web-rr.de\/GHS-Buecherei\/index.php\/wp-json\/wp\/v2\/pages\/16047\/revisions"}],"wp:attachment":[{"href":"https:\/\/www.web-rr.de\/GHS-Buecherei\/index.php\/wp-json\/wp\/v2\/media?parent=16047"}],"curies":[{"name":"wp","href":"https:\/\/api.w.org\/{rel}","templated":true}]}}