{"id":16043,"date":"2021-05-21T10:00:00","date_gmt":"2021-05-21T10:00:00","guid":{"rendered":"https:\/\/www.web-rr.de\/GHS-Buecherei\/?page_id=16043"},"modified":"2021-05-21T23:00:00","modified_gmt":"2021-05-21T23:00:00","slug":"p9783968430034","status":"publish","type":"page","link":"https:\/\/www.web-rr.de\/GHS-Buecherei\/index.php\/p9783968430034\/","title":{"rendered":"Bilderbuch A-158"},"content":{"rendered":"<table><tbody><tr><td class='rDTitel' colspan='2'>Es ist Platz f\u00fcr alle<\/td><\/tr><tr><td><span class='rDLabel1'>Status: <\/span><span class='rDText1Gruen'>vorhanden<\/span><\/td><td><span class='rDLabel1'>Antolin: <\/span><span class='rDText1Gruen'>ja, Empfehlung Klasse 1<\/span><\/td><\/tr><tr><td width=50%><img src='https:\/\/www.web-rr.de\/GHS-Buecherei\/wp-content\/uploads\/9783968430034.jpg' alt=''><\/td><td><p class='rDLabel2'>von <span class='rDText2'>Anahita Teymorian<\/span><\/p><p class='rDLabel2'>Verlag: <span class='rDText2'>Carl Auer Kids,  2022,  19.95 \u20ac<\/span><\/p><p class='rDLabel2'>B\u00fccherei-Barcode: <span class='rDText2'>9783968430034<\/span><\/p><p class='rDLabel2'>In der B\u00fccherei erfasst am: <span class='rDText2'>03.12.2022<\/span><\/p><p class='rDLabel2'>Stichw\u00f6rter: <span class='rDText2'>Erde, Land, Gl\u00fcck, Natur, Miteinander, Menschen, Kinder<\/span><\/p><p class='rDLabel2'>Lesealter ca. <span class='rDText2'>6<\/span><span class='rDLabel2'> Jahre<\/span><\/p><p class='rDLabel2'>Das Buch wurde <span class='rDText2'>0<\/span><span class='rDLabel2'> mal gelesen.<\/span><\/p><\/td><\/tr><tr><td colspan='2'><p class='rDLabel1'>Inhalt:<\/p><span class='rDText2'>Wie immer zeigten die Nachrichten Menschen, die um ein St\u00fcck Land, um ein St\u00fcck des Planeten k\u00e4mpften. (\u2026) Der Tisch war voller Spielzeug, B\u00fccher und schmutziger Teller, aber erstaunlicherweise fand auch mein Brot noch einen Platz darauf. Ich fing an mit dem Fernseher zu streiten. (\u2026) \u201eWarum h\u00f6rt ihr nicht auf? Warum seid ihr nie gl\u00fccklich? H\u00f6rt auf, gierig zu sein. Versucht es wenigstens einmal. Vertraut mir! Es ist Platz f\u00fcr euch alle. Seht euch den Himmel an, seht euch das Meer an, seht euch den Dschungel an. Nein, seht euch einfach nur meinen Tisch an!\u201c Dann ging ich in mein Zimmer und schrieb alles auf Papier. So begann die Geschichte Es ist Platz f\u00fcr alle. \u2015 Anahita Teymorian<\/span><\/td><\/tr><tr><td colspan='2'><a href='#' onclick='history.back(); return false'>Zur\u00fcck<\/a><\/td><\/tr><\/tbody><\/table>\n","protected":false},"excerpt":{"rendered":"<p>&#8211;<\/p>\n","protected":false},"author":1,"featured_media":0,"parent":0,"menu_order":0,"comment_status":"closed","ping_status":"closed","template":"","meta":[],"_links":{"self":[{"href":"https:\/\/www.web-rr.de\/GHS-Buecherei\/index.php\/wp-json\/wp\/v2\/pages\/16043"}],"collection":[{"href":"https:\/\/www.web-rr.de\/GHS-Buecherei\/index.php\/wp-json\/wp\/v2\/pages"}],"about":[{"href":"https:\/\/www.web-rr.de\/GHS-Buecherei\/index.php\/wp-json\/wp\/v2\/types\/page"}],"author":[{"embeddable":true,"href":"https:\/\/www.web-rr.de\/GHS-Buecherei\/index.php\/wp-json\/wp\/v2\/users\/1"}],"replies":[{"embeddable":true,"href":"https:\/\/www.web-rr.de\/GHS-Buecherei\/index.php\/wp-json\/wp\/v2\/comments?post=16043"}],"version-history":[{"count":0,"href":"https:\/\/www.web-rr.de\/GHS-Buecherei\/index.php\/wp-json\/wp\/v2\/pages\/16043\/revisions"}],"wp:attachment":[{"href":"https:\/\/www.web-rr.de\/GHS-Buecherei\/index.php\/wp-json\/wp\/v2\/media?parent=16043"}],"curies":[{"name":"wp","href":"https:\/\/api.w.org\/{rel}","templated":true}]}}