{"id":16039,"date":"2021-05-21T10:00:00","date_gmt":"2021-05-21T10:00:00","guid":{"rendered":"https:\/\/www.web-rr.de\/GHS-Buecherei\/?page_id=16039"},"modified":"2021-05-21T23:00:00","modified_gmt":"2021-05-21T23:00:00","slug":"p9783701181919","status":"publish","type":"page","link":"https:\/\/www.web-rr.de\/GHS-Buecherei\/index.php\/p9783701181919\/","title":{"rendered":"Bilderbuch B-88"},"content":{"rendered":"<table><tbody><tr><td class='rDTitel' colspan='2'>Baumstammkrokodil<\/td><\/tr><tr><td><span class='rDLabel1'>Status: <\/span><span class='rDText1Gruen'>vorhanden<\/span><\/td><td><span class='rDLabel1'>Antolin: <\/span><span class='rDText1Gruen'>ja, Empfehlung Klasse 2<\/span><\/td><\/tr><tr><td width=50%><img src='https:\/\/www.web-rr.de\/GHS-Buecherei\/wp-content\/uploads\/9783701181919.jpg' alt=''><\/td><td><p class='rDLabel2'>von <span class='rDText2'>Lisa Aigelsperger<\/span><\/p><p class='rDLabel2'>Verlag: <span class='rDText2'>Leykam Verlag,  2021,  14.50 \u20ac<\/span><\/p><p class='rDLabel2'>B\u00fccherei-Barcode: <span class='rDText2'>9783701181919<\/span><\/p><p class='rDLabel2'>In der B\u00fccherei erfasst am: <span class='rDText2'>03.12.2022<\/span><\/p><p class='rDLabel2'>Stichw\u00f6rter: <span class='rDText2'>Fremde, Stadt, Angst, Kontakte, Unsicherheit<\/span><\/p><p class='rDLabel2'>Lesealter ca. <span class='rDText2'>7<\/span><span class='rDLabel2'> Jahre<\/span><\/p><p class='rDLabel2'>Das Buch wurde <span class='rDText2'>0<\/span><span class='rDLabel2'> mal gelesen.<\/span><\/p><\/td><\/tr><tr><td colspan='2'><p class='rDLabel1'>Inhalt:<\/p><span class='rDText2'>Das M\u00e4dchen Lamia ist fremd in einem neuen Land. Sie f\u00fchlt sich allein und ist erstarrt in der Angst vor allem Neuen. Ihr fehlt der Kontakt zu anderen Kindern. Sie beobachtet und h\u00e4lt Abstand. Doch dann gibt es da noch Fynn. Er passt auf sie auf und zeigt ihr die Umgebung. Ihre Spazierg\u00e4nge enden dabei immer an einem kleinen Fluss. Es ist Sommer. Das Wasser ist f\u00fcr Lamia ein bekanntes Element und selbst das kommt ihr hier fremd vor, denn hier schwimmen keine Krokodile. Krokodile sind hier nur Fantasie und keine Wirklichkeit. Doch Unsicherheit und Angst l\u00e4hmen die Fantasie. Erst ganz langsam fasst Lamia Mut und n\u00e4hert sich den Kindern. Fynn hilft ihr dabei, einen Platz zu finden, und daraufhin zeigt sie ihm ihre Welt. Lamia vertraut ihren eigenen F\u00e4higkeiten wieder - sie schwimmt sich frei und findet dabei die St\u00e4rke, ihr Leben neu zu gestalten. Das Gef\u00fchl des Alleinseins und Fremdseins hindert ein entwurzeltes Kind daran, am Leben teilzunehmen. Baumstammkrokodil beschreibt in knappen, treffsicheren Dialogen und wundersch\u00f6nen Bildern, wie eine menschliche Begegnung diesem Kind die Kraft gibt, seinen eigenen Weg zu finden. Baumstamm und Krokodil k\u00f6nnen Festigkeit und Gefahr bedeuten - die Fantasie erschafft daraus etwas Neues.<\/span><\/td><\/tr><tr><td colspan='2'><a href='#' onclick='history.back(); return false'>Zur\u00fcck<\/a><\/td><\/tr><\/tbody><\/table>\n","protected":false},"excerpt":{"rendered":"<p>&#8211;<\/p>\n","protected":false},"author":1,"featured_media":0,"parent":0,"menu_order":0,"comment_status":"closed","ping_status":"closed","template":"","meta":[],"_links":{"self":[{"href":"https:\/\/www.web-rr.de\/GHS-Buecherei\/index.php\/wp-json\/wp\/v2\/pages\/16039"}],"collection":[{"href":"https:\/\/www.web-rr.de\/GHS-Buecherei\/index.php\/wp-json\/wp\/v2\/pages"}],"about":[{"href":"https:\/\/www.web-rr.de\/GHS-Buecherei\/index.php\/wp-json\/wp\/v2\/types\/page"}],"author":[{"embeddable":true,"href":"https:\/\/www.web-rr.de\/GHS-Buecherei\/index.php\/wp-json\/wp\/v2\/users\/1"}],"replies":[{"embeddable":true,"href":"https:\/\/www.web-rr.de\/GHS-Buecherei\/index.php\/wp-json\/wp\/v2\/comments?post=16039"}],"version-history":[{"count":0,"href":"https:\/\/www.web-rr.de\/GHS-Buecherei\/index.php\/wp-json\/wp\/v2\/pages\/16039\/revisions"}],"wp:attachment":[{"href":"https:\/\/www.web-rr.de\/GHS-Buecherei\/index.php\/wp-json\/wp\/v2\/media?parent=16039"}],"curies":[{"name":"wp","href":"https:\/\/api.w.org\/{rel}","templated":true}]}}