{"id":16032,"date":"2021-05-21T10:00:00","date_gmt":"2021-05-21T10:00:00","guid":{"rendered":"https:\/\/www.web-rr.de\/GHS-Buecherei\/?page_id=16032"},"modified":"2021-05-21T23:00:00","modified_gmt":"2021-05-21T23:00:00","slug":"p9783942795609","status":"publish","type":"page","link":"https:\/\/www.web-rr.de\/GHS-Buecherei\/index.php\/p9783942795609\/","title":{"rendered":"Bilderbuch A-150"},"content":{"rendered":"<table><tbody><tr><td class='rDTitel' colspan='2'>Ein Seemann namens Ozean<\/td><\/tr><tr><td><span class='rDLabel1'>Status: <\/span><span class='rDText1Gruen'>vorhanden<\/span><\/td><td><span class='rDLabel1'>Antolin: <\/span><span class='rDText1Rot'>Quiz nicht vorhanden.<\/span><\/td><\/tr><tr><td width=50%><img src='https:\/\/www.web-rr.de\/GHS-Buecherei\/wp-content\/uploads\/9783942795609.jpg' alt=''><\/td><td><p class='rDLabel2'>von <span class='rDText2'>Louise Heymans<\/span><\/p><p class='rDLabel2'>Verlag: <span class='rDText2'>kunstanstifter GmbH & Co. KG,  2020,  22.00 \u20ac<\/span><\/p><p class='rDLabel2'>B\u00fccherei-Barcode: <span class='rDText2'>9783942795609<\/span><\/p><p class='rDLabel2'>In der B\u00fccherei erfasst am: <span class='rDText2'>03.12.2022<\/span><\/p><p class='rDLabel2'>Stichw\u00f6rter: <span class='rDText2'>Freunde, Ozean, Seemann<\/span><\/p><p class='rDLabel2'>Lesealter ca. <span class='rDText2'>7<\/span><span class='rDLabel2'> Jahre<\/span><\/p><p class='rDLabel2'>Das Buch wurde <span class='rDText2'>0<\/span><span class='rDLabel2'> mal gelesen.<\/span><\/p><\/td><\/tr><tr><td colspan='2'><p class='rDLabel1'>Inhalt:<\/p><span class='rDText2'>Jonas ist erst vor ein paar Wochen in die neue Stadt gezogen, als er im Keller einen winzig kleinen Seemann findet, der sich als Herr Ozean vorstellt. Er wurde bei einer Sturmflut \u00fcber Bord seines Schiffes gerissen und vom Hochwasser bis an die Kellertreppe gesp\u00fclt. Schnell schlie\u00dft Jonas den kleinen Seemann ins Herz und die beiden werden zu besten Freunden. Doch Herrn Ozeans Sehnsucht nach dem Meer wird Tag f\u00fcr Tag gr\u00f6\u00dfer. Ein neues Schiff muss her! Das ist gar nicht so einfach \u2013 aber zum Gl\u00fcck gibt es Hanna und Leo in der Nachbarschaft. Louise Heymans detailreiche Illustrationen entstehen durch ein aufwendiges Verfahren, bei dem zun\u00e4chst einzelne Folien mit Farbe bestrichen und anschlie\u00dfend Bildelemente mittels Radiernadel aus der Farbfl\u00e4che herausgearbeitet werden. Zuletzt werden die Folien gescannt und digital \u00fcbereinander gelegt.<\/span><\/td><\/tr><tr><td colspan='2'><a href='#' onclick='history.back(); return false'>Zur\u00fcck<\/a><\/td><\/tr><\/tbody><\/table>\n","protected":false},"excerpt":{"rendered":"<p>&#8211;<\/p>\n","protected":false},"author":1,"featured_media":0,"parent":0,"menu_order":0,"comment_status":"closed","ping_status":"closed","template":"","meta":[],"_links":{"self":[{"href":"https:\/\/www.web-rr.de\/GHS-Buecherei\/index.php\/wp-json\/wp\/v2\/pages\/16032"}],"collection":[{"href":"https:\/\/www.web-rr.de\/GHS-Buecherei\/index.php\/wp-json\/wp\/v2\/pages"}],"about":[{"href":"https:\/\/www.web-rr.de\/GHS-Buecherei\/index.php\/wp-json\/wp\/v2\/types\/page"}],"author":[{"embeddable":true,"href":"https:\/\/www.web-rr.de\/GHS-Buecherei\/index.php\/wp-json\/wp\/v2\/users\/1"}],"replies":[{"embeddable":true,"href":"https:\/\/www.web-rr.de\/GHS-Buecherei\/index.php\/wp-json\/wp\/v2\/comments?post=16032"}],"version-history":[{"count":0,"href":"https:\/\/www.web-rr.de\/GHS-Buecherei\/index.php\/wp-json\/wp\/v2\/pages\/16032\/revisions"}],"wp:attachment":[{"href":"https:\/\/www.web-rr.de\/GHS-Buecherei\/index.php\/wp-json\/wp\/v2\/media?parent=16032"}],"curies":[{"name":"wp","href":"https:\/\/api.w.org\/{rel}","templated":true}]}}