{"id":16026,"date":"2021-05-21T10:00:00","date_gmt":"2021-05-21T10:00:00","guid":{"rendered":"https:\/\/www.web-rr.de\/GHS-Buecherei\/?page_id=16026"},"modified":"2021-05-21T23:00:00","modified_gmt":"2021-05-21T23:00:00","slug":"p9783570176412","status":"publish","type":"page","link":"https:\/\/www.web-rr.de\/GHS-Buecherei\/index.php\/p9783570176412\/","title":{"rendered":"Bilderbuch A-146"},"content":{"rendered":"<table><tbody><tr><td class='rDTitel' colspan='2'>Ganz einfach L\u00f6we<\/td><\/tr><tr><td><span class='rDLabel1'>Status: <\/span><span class='rDText1Gruen'>vorhanden<\/span><\/td><td><span class='rDLabel1'>Antolin: <\/span><span class='rDText1Gruen'>ja, Empfehlung Klasse 2<\/span><\/td><\/tr><tr><td width=50%><img src='https:\/\/www.web-rr.de\/GHS-Buecherei\/wp-content\/uploads\/9783570176412.jpg' alt=''><\/td><td><p class='rDLabel2'>von <span class='rDText2'>Ed Vere und Sabine Ludwig<\/span><\/p><p class='rDLabel2'>Verlag: <span class='rDText2'>cbj,  2019,  13.00 \u20ac<\/span><\/p><p class='rDLabel2'>B\u00fccherei-Barcode: <span class='rDText2'>9783570176412<\/span><\/p><p class='rDLabel2'>In der B\u00fccherei erfasst am: <span class='rDText2'>02.12.2022<\/span><\/p><p class='rDLabel2'>Stichw\u00f6rter: <span class='rDText2'>Tiere, Freundschaft, L\u00f6we, Pers\u00f6nlichkeit<\/span><\/p><p class='rDLabel2'>Lesealter ca. <span class='rDText2'>6<\/span><span class='rDLabel2'> Jahre<\/span><\/p><p class='rDLabel2'>Das Buch wurde <span class='rDText2'>0<\/span><span class='rDLabel2'> mal gelesen.<\/span><\/p><\/td><\/tr><tr><td colspan='2'><p class='rDLabel1'>Inhalt:<\/p><span class='rDText2'>Du musst nicht br\u00fcllen, um geh\u00f6rt zu werden\r\nL\u00f6we Leonard ist ein Freund der leisen T\u00f6ne. Er denkt gerne nach, spielt mit Worten und h\u00e4lt nicht viel vom Wildsein. Als er in Ente Marianne eine Seelenverwandte findet, werden die beiden beste Freunde. Doch die anderen L\u00f6wen dr\u00e4ngen Leonard, Marianne nach L\u00f6wenart zu behandeln: schnapp, mampf, schmatz ... Aber Leonard und Marianne verteidigen mutig ihre Art zu leben. Schlie\u00dflich darf jeder sein, wie er ist \u2013 der eine laut und wild, der andere leise und nachdenklich. \u2013 Ein wundersch\u00f6nes Bilderbuch f\u00fcr alle, die auch ganz einfach sein wollen, wie sie sind.<\/span><\/td><\/tr><tr><td colspan='2'><a href='#' onclick='history.back(); return false'>Zur\u00fcck<\/a><\/td><\/tr><\/tbody><\/table>\n","protected":false},"excerpt":{"rendered":"<p>&#8211;<\/p>\n","protected":false},"author":1,"featured_media":0,"parent":0,"menu_order":0,"comment_status":"closed","ping_status":"closed","template":"","meta":[],"_links":{"self":[{"href":"https:\/\/www.web-rr.de\/GHS-Buecherei\/index.php\/wp-json\/wp\/v2\/pages\/16026"}],"collection":[{"href":"https:\/\/www.web-rr.de\/GHS-Buecherei\/index.php\/wp-json\/wp\/v2\/pages"}],"about":[{"href":"https:\/\/www.web-rr.de\/GHS-Buecherei\/index.php\/wp-json\/wp\/v2\/types\/page"}],"author":[{"embeddable":true,"href":"https:\/\/www.web-rr.de\/GHS-Buecherei\/index.php\/wp-json\/wp\/v2\/users\/1"}],"replies":[{"embeddable":true,"href":"https:\/\/www.web-rr.de\/GHS-Buecherei\/index.php\/wp-json\/wp\/v2\/comments?post=16026"}],"version-history":[{"count":0,"href":"https:\/\/www.web-rr.de\/GHS-Buecherei\/index.php\/wp-json\/wp\/v2\/pages\/16026\/revisions"}],"wp:attachment":[{"href":"https:\/\/www.web-rr.de\/GHS-Buecherei\/index.php\/wp-json\/wp\/v2\/media?parent=16026"}],"curies":[{"name":"wp","href":"https:\/\/api.w.org\/{rel}","templated":true}]}}